{"id":133452,"date":"2024-04-02T07:39:43","date_gmt":"2024-04-02T07:39:43","guid":{"rendered":"https:\/\/moto-oprema.com\/Artikel\/spidi-corsa-tex-jakna-crna-zuta\/"},"modified":"2024-04-02T07:39:43","modified_gmt":"2024-04-02T07:39:43","slug":"spidi-corsa-tex-jakna-crna-zuta","status":"publish","type":"product","link":"https:\/\/moto-oprema.com\/hr\/Artikel\/spidi-corsa-tex-jakna-crna-zuta\/","title":{"rendered":"SPIDI CORSA TEX JAKNA CRNA\/\u017dUTA"},"content":{"rendered":"<p>SPIDI Corsa Tex je idealna motociklisti\u010dka jakna za one koji \u017eele lako\u0107u i udobnost pri vo\u017enji sportskih i sportsko-turisti\u010dkih motocikala.<\/p>\n<p>Vanjska tkanina je troslojna softshell tkanina s dvosmjernim rastezanjem, izra\u0111ena kombiniranjem slojeva mekog, znojno-odvodnog multifibra s vjetrootpornom Windout membranom; u najtoplijim danima jednostavno otvorite dva otvora &#8211; strate\u0161ki postavljena na gornjem dijelu ramena &#8211; i osigurajte u\u010dinkovitu cirkulaciju zraka. U hladnijim klimama umjesto toga mo\u017eete koristiti uklonjivu pro\u0161ivenu podstavu od 60 g\/m2. <\/p>\n<p>Visoku razinu za\u0161tite pru\u017eaju uklonjivi Warrior Lite \u0161titnici razine 2 na ramenima i laktovima te opcionalni \u0161titnici razine 1 ili 2 na le\u0111ima. Corsa Tex ima CE\/UKCA certifikat klase A prema EN 17092:4-2020.    <\/p>\n<p>Sastav sirovine: 100% poliester<\/p>\n","protected":false},"excerpt":{"rendered":"<p>SPIDI Corsa Tex je idealna motociklisti\u010dka jakna za one koji \u017eele lako\u0107u i udobnost pri vo\u017enji&#8230;<\/p>\n","protected":false},"featured_media":27714,"comment_status":"open","ping_status":"open","template":"","meta":{"_acf_changed":false},"brand":[2732],"gender":[1313],"product_brand":[],"product_cat":[2759,1356,2761],"product_tag":[],"class_list":{"0":"post-133452","1":"product","2":"type-product","3":"status-publish","4":"has-post-thumbnail","6":"brand-spidi-hr","7":"gender-moski","8":"product_cat-jakne-hr","9":"product_cat-motociklisticka-oprema","10":"product_cat-tekstilne-jakne-hr","11":"pa_size-l-hr","12":"pa_size-m-hr","13":"pa_size-s-hr","14":"pa_size-xl-hr","15":"pa_size-xxl-hr","16":"pa_size-xxxl-hr","18":"first","19":"instock","20":"sale","21":"taxable","22":"shipping-taxable","23":"purchasable","24":"product-type-variable"},"acf":[],"_links":{"self":[{"href":"https:\/\/moto-oprema.com\/hr\/wp-json\/wp\/v2\/product\/133452","targetHints":{"allow":["GET"]}}],"collection":[{"href":"https:\/\/moto-oprema.com\/hr\/wp-json\/wp\/v2\/product"}],"about":[{"href":"https:\/\/moto-oprema.com\/hr\/wp-json\/wp\/v2\/types\/product"}],"replies":[{"embeddable":true,"href":"https:\/\/moto-oprema.com\/hr\/wp-json\/wp\/v2\/comments?post=133452"}],"wp:featuredmedia":[{"embeddable":true,"href":"https:\/\/moto-oprema.com\/hr\/wp-json\/wp\/v2\/media\/27714"}],"wp:attachment":[{"href":"https:\/\/moto-oprema.com\/hr\/wp-json\/wp\/v2\/media?parent=133452"}],"wp:term":[{"taxonomy":"brand","embeddable":true,"href":"https:\/\/moto-oprema.com\/hr\/wp-json\/wp\/v2\/brand?post=133452"},{"taxonomy":"gender","embeddable":true,"href":"https:\/\/moto-oprema.com\/hr\/wp-json\/wp\/v2\/gender?post=133452"},{"taxonomy":"product_brand","embeddable":true,"href":"https:\/\/moto-oprema.com\/hr\/wp-json\/wp\/v2\/product_brand?post=133452"},{"taxonomy":"product_cat","embeddable":true,"href":"https:\/\/moto-oprema.com\/hr\/wp-json\/wp\/v2\/product_cat?post=133452"},{"taxonomy":"product_tag","embeddable":true,"href":"https:\/\/moto-oprema.com\/hr\/wp-json\/wp\/v2\/product_tag?post=133452"}],"curies":[{"name":"wp","href":"https:\/\/api.w.org\/{rel}","templated":true}]}}