{"id":133420,"date":"2024-04-25T07:59:08","date_gmt":"2024-04-25T07:59:08","guid":{"rendered":"https:\/\/moto-oprema.com\/Artikel\/spidi-kozno-odijelo-dp-progressive-touring-plavo\/"},"modified":"2024-04-25T07:59:08","modified_gmt":"2024-04-25T07:59:08","slug":"spidi-kozno-odijelo-dp-progressive-touring-plavo","status":"publish","type":"product","link":"https:\/\/moto-oprema.com\/hr\/Artikel\/spidi-kozno-odijelo-dp-progressive-touring-plavo\/","title":{"rendered":"SPIDI KO\u017dNO ODIJELO DP-PROGRESSIVE TOURING PLAVO"},"content":{"rendered":"<div id=\"tw-target-text-container\" class=\"tw-ta-container tw-nfl\">\n<p>Spidi DP-Progressive Touring dvodijelno ko\u017eno motociklisti\u010dko odijelo<\/p>\n<p>Dvodijelno ko\u017eno motociklisti\u010dko odijelo Spidi DP-Progressive Touring razvijeno je na temelju iskustva ste\u010denog na svjetskim motociklisti\u010dkim prvenstvima kao \u0161to su MotoGP i Superbike.<\/p>\n<p>Zna\u010dajke:<\/p>\n<p>Podstava: \u010dvrsta mre\u017easta podstava<br \/>\n ovratnik s neoprenskim umetcima<br \/>\n potkoljenica izra\u0111ena od udobnog materijala<br \/>\n Umetci u obliku harmonike za bolje pristajanje<br \/>\n visoko elasti\u010dni elasti\u010dni najlon Flex-Tenax 6.6, izuzetno otporan na habanje<br \/>\n prozra\u010dna ko\u017ea<br \/>\n Neopren: elasti\u010dan, udoban i vodootporan materijal<br \/>\n kravlja ko\u017ea, debljine 1,2\/1,3 mm, visoke sigurnosne performanse<br \/>\n vrhunska ko\u017ea, \u0161tavljena u Italiji<br \/>\n Raspored za V39 hydroback torbu<br \/>\n Pode\u0161avanje slamke za hydroback V40<br \/>\n Mikrometrijski kliza\u010d MSC<br \/>\n tanki krajnji dio<br \/>\n podesivi i uklonjivi kliza\u010d za koljena<br \/>\n Tehni\u010dki podaci:<\/p>\n<p>Te\u017eina: pribli\u017eno 5,0 kg<br \/>\n Veli\u010dine: 46-58<br \/>\n Za\u0161titna oprema za motocikle (UE) 2016\/454<br \/>\n Osobna za\u0161titna oprema &#8211; Za\u0161titna odje\u0107a za motocikliste (Pr En 17092-2: 2020 Klasa AAA)<br \/>\n Uklonjivi Force-Tech (EN 1621-1:2012) \u0161titnici na laktovima<br \/>\n Warrior \u0161titnici na ramenima i laktovima<br \/>\n Ratni \u0161titnici za ramena (EN 1621-1 Lev. 1)<br \/>\n pri\u010dvr\u0161\u0107eni \u0161titnici za kukove (EN 1621-1:2012)<br \/>\n Uklonjivi \u0161titnici za trke (EN 1621-1:2012)<\/p>\n<\/div>\n","protected":false},"excerpt":{"rendered":"","protected":false},"featured_media":28374,"comment_status":"open","ping_status":"open","template":"","meta":{"_acf_changed":false},"brand":[2732],"gender":[1313],"product_brand":[],"product_cat":[2858,1356],"product_tag":[],"class_list":{"0":"post-133420","1":"product","2":"type-product","3":"status-publish","4":"has-post-thumbnail","6":"brand-spidi-hr","7":"gender-moski","8":"product_cat-dvodijelni-kombinezoni","9":"product_cat-motociklisticka-oprema","10":"pa_size-46-hr","11":"pa_size-48-hr","12":"pa_size-50-hr","13":"pa_size-52-hr","14":"pa_size-54-hr","15":"pa_size-56-hr","16":"pa_size-58-hr","18":"first","19":"instock","20":"sale","21":"taxable","22":"shipping-taxable","23":"purchasable","24":"product-type-variable"},"acf":[],"_links":{"self":[{"href":"https:\/\/moto-oprema.com\/hr\/wp-json\/wp\/v2\/product\/133420","targetHints":{"allow":["GET"]}}],"collection":[{"href":"https:\/\/moto-oprema.com\/hr\/wp-json\/wp\/v2\/product"}],"about":[{"href":"https:\/\/moto-oprema.com\/hr\/wp-json\/wp\/v2\/types\/product"}],"replies":[{"embeddable":true,"href":"https:\/\/moto-oprema.com\/hr\/wp-json\/wp\/v2\/comments?post=133420"}],"wp:featuredmedia":[{"embeddable":true,"href":"https:\/\/moto-oprema.com\/hr\/wp-json\/wp\/v2\/media\/28374"}],"wp:attachment":[{"href":"https:\/\/moto-oprema.com\/hr\/wp-json\/wp\/v2\/media?parent=133420"}],"wp:term":[{"taxonomy":"brand","embeddable":true,"href":"https:\/\/moto-oprema.com\/hr\/wp-json\/wp\/v2\/brand?post=133420"},{"taxonomy":"gender","embeddable":true,"href":"https:\/\/moto-oprema.com\/hr\/wp-json\/wp\/v2\/gender?post=133420"},{"taxonomy":"product_brand","embeddable":true,"href":"https:\/\/moto-oprema.com\/hr\/wp-json\/wp\/v2\/product_brand?post=133420"},{"taxonomy":"product_cat","embeddable":true,"href":"https:\/\/moto-oprema.com\/hr\/wp-json\/wp\/v2\/product_cat?post=133420"},{"taxonomy":"product_tag","embeddable":true,"href":"https:\/\/moto-oprema.com\/hr\/wp-json\/wp\/v2\/product_tag?post=133420"}],"curies":[{"name":"wp","href":"https:\/\/api.w.org\/{rel}","templated":true}]}}