{"id":133297,"date":"2024-09-02T10:01:08","date_gmt":"2024-09-02T10:01:08","guid":{"rendered":"https:\/\/moto-oprema.com\/Artikel\/oakley-drop-i-d3o-stitnici-za-koljena\/"},"modified":"2024-09-02T10:01:08","modified_gmt":"2024-09-02T10:01:08","slug":"oakley-drop-i-d3o-stitnici-za-koljena","status":"publish","type":"product","link":"https:\/\/moto-oprema.com\/hr\/Artikel\/oakley-drop-i-d3o-stitnici-za-koljena\/","title":{"rendered":"OAKLEY DROP I D3O \u0160TITNICI ZA KOLJENA"},"content":{"rendered":"<div class=\"rte\">\n<div id=\"collapse1One\" class=\"accordion-body collapse in\">\n<div class=\"field field-name-body field-type-text-with-summary field-label-hidden\">\n<div class=\"field-items\">\n<div class=\"field-item even\">\n<p>Prihvatite se velikog projekta s povjerenjem. Drop In D3O\u00ae \u0161titnik za koljena je izdr\u017eljiv, otporan na habanje i vrlo prozra\u010dan \u0161titnik za koljena koji vam pru\u017ea udobnost i za\u0161titu u svakom zavoju, skoku i padu. Ovaj \u0161titnik za koljena za nizbrdo certificiran je za Moto klasu, tako da se mo\u017eete spu\u0161tati nizbrdo kao profesionalac. Izradili smo Drop In D3O\u00ae \u0161titnik od vrlo izdr\u017eljive Cordura tkanine kako bismo za\u0161titili va\u0161u ko\u017eu, dok je uklonjivi \u0161titnik za koljena izra\u0111en od D3O\u00ae materijala koji apsorbira udarce i 3 mm EVA bo\u010dne pjene. Udobnost ostaje u prvom planu: ergonomski dizajn prikladan je i na biciklu i izvan njega, dok vas ventilirana rastezljiva mre\u017ea hladi tamo gdje je to potrebno. Kona\u010dno, dodali smo podesive \u010di\u010dak trake na vrhu i dnu rukava za koljena kako biste mogli prilagoditi svoje pristajanje na svakoj vo\u017enji. S ovim \u0161titnikom za koljena mo\u0107i \u0107ete sigurnije pomicati svoje granice, od vo\u017enji velikim planinama do lokalnih brda.      <\/p>\n<p>EN1621 L1 CE certifikat<\/p>\n<\/div>\n<\/div>\n<\/div>\n<\/div>\n<\/div>\n","protected":false},"excerpt":{"rendered":"<p>Prihvatite se velikog projekta s povjerenjem. Drop In D3O\u00ae \u0161titnik za koljena je izdr\u017eljiv, otporan na&#8230;<\/p>\n","protected":false},"featured_media":29864,"comment_status":"open","ping_status":"closed","template":"","meta":{"_acf_changed":false},"brand":[2860],"gender":[],"product_brand":[],"product_cat":[2740,2741,2891],"product_tag":[],"class_list":{"0":"post-133297","1":"product","2":"type-product","3":"status-publish","4":"has-post-thumbnail","6":"brand-oakley-hr","7":"product_cat-mtb-biciklisticka-oprema","8":"product_cat-mtb-stitnici","9":"product_cat-stitnici-za-koljena-za-mtb","10":"pa_size-l-hr","11":"pa_size-m-hr","12":"pa_size-s-hr","13":"pa_size-xl-hr","14":"pa_size-xs-hr","16":"first","17":"instock","18":"sale","19":"taxable","20":"shipping-taxable","21":"purchasable","22":"product-type-variable"},"acf":[],"_links":{"self":[{"href":"https:\/\/moto-oprema.com\/hr\/wp-json\/wp\/v2\/product\/133297","targetHints":{"allow":["GET"]}}],"collection":[{"href":"https:\/\/moto-oprema.com\/hr\/wp-json\/wp\/v2\/product"}],"about":[{"href":"https:\/\/moto-oprema.com\/hr\/wp-json\/wp\/v2\/types\/product"}],"replies":[{"embeddable":true,"href":"https:\/\/moto-oprema.com\/hr\/wp-json\/wp\/v2\/comments?post=133297"}],"wp:featuredmedia":[{"embeddable":true,"href":"https:\/\/moto-oprema.com\/hr\/wp-json\/wp\/v2\/media\/29864"}],"wp:attachment":[{"href":"https:\/\/moto-oprema.com\/hr\/wp-json\/wp\/v2\/media?parent=133297"}],"wp:term":[{"taxonomy":"brand","embeddable":true,"href":"https:\/\/moto-oprema.com\/hr\/wp-json\/wp\/v2\/brand?post=133297"},{"taxonomy":"gender","embeddable":true,"href":"https:\/\/moto-oprema.com\/hr\/wp-json\/wp\/v2\/gender?post=133297"},{"taxonomy":"product_brand","embeddable":true,"href":"https:\/\/moto-oprema.com\/hr\/wp-json\/wp\/v2\/product_brand?post=133297"},{"taxonomy":"product_cat","embeddable":true,"href":"https:\/\/moto-oprema.com\/hr\/wp-json\/wp\/v2\/product_cat?post=133297"},{"taxonomy":"product_tag","embeddable":true,"href":"https:\/\/moto-oprema.com\/hr\/wp-json\/wp\/v2\/product_tag?post=133297"}],"curies":[{"name":"wp","href":"https:\/\/api.w.org\/{rel}","templated":true}]}}