{"id":133240,"date":"2024-08-27T09:28:54","date_gmt":"2024-08-27T09:28:54","guid":{"rendered":"https:\/\/moto-oprema.com\/Artikel\/fox-adventure-ranger-gore-tex-hlace-pewer\/"},"modified":"2024-08-27T09:28:54","modified_gmt":"2024-08-27T09:28:54","slug":"fox-adventure-ranger-gore-tex-hlace-pewer","status":"publish","type":"product","link":"https:\/\/moto-oprema.com\/hr\/Artikel\/fox-adventure-ranger-gore-tex-hlace-pewer\/","title":{"rendered":"FOX ADVENTURE RANGER GORE-TEX HLA\u010cE PEWER"},"content":{"rendered":"<p>FOX Ranger GORE-TEX ADV motociklisti\u010dke tekstilne hla\u010de<\/p>\n<p>Ranger je najpristupa\u010dniji model u na\u0161oj novoj Adventure kolekciji. S maksimalnom funkcionalno\u0161\u0107u i svestrano\u0161\u0107u, nudi naj\u010di\u0161\u0107e iskustvo vo\u017enje izvan ceste. Ranger GORE-TEX ADV hla\u010de imaju potpuno zalijepljene \u0161avove i vodootpornu GORE-TEX 3L \u0161koljku koja vas odr\u017eava suhima, plus dovoljno prostora za pohranu i ventilaciju za svaku vo\u017enju. S D3O\u00ae za\u0161titom, dvoslojnim Cordura\u00ae sjedalom i univerzalnim su\u010deljem jakne za hla\u010de koje funkcionira sa svim Fox Adventure hla\u010dama i jaknama, ove su hla\u010de posebno dizajnirane da ostanu u okviru va\u0161eg bud\u017eeta i da vas odr\u017ee na cesti.   <\/p>\n<p>Zna\u010dajke:<\/p>\n<p>GORE-TEX 3L materijal na torzu osigurava da ostanete suhi<br \/>\nOja\u010dana podru\u010dja s ve\u0107im tro\u0161enjem za pove\u0107anu izdr\u017eljivost<br \/>\nDva velika otvora na bedrima za bolju ventilaciju<br \/>\nUniverzalni spoj jakne i hla\u010da funkcionira izme\u0111u svih Fox Adventure hla\u010da i jakni<br \/>\nPodesive bo\u010dne trake i otvori za donji dio nogu za prilago\u0111eno pristajanje<br \/>\nPotpuno zatvoreni dizajn \u0161avova<br \/>\nReflektiraju\u0107i detalji za pove\u0107anu vidljivost<br \/>\nOja\u010dana podru\u010dja visokog naprezanja za pove\u0107anu izdr\u017eljivost<br \/>\nDvoslojno Cordura\u00ae sjedi\u0161te<br \/>\nDva velika otvora na bedrima za bolju ventilaciju<br \/>\nYKK\u00ae AquaGuard\u00ae patentni zatvara\u010di<br \/>\nDva prevelika, pro\u0161irena d\u017eepa na bedrima<br \/>\nPodesivi pojas za udobno pristajanje<br \/>\nPodesivi otvori za potkoljenice kompatibilni su sa svim vrstama i veli\u010dinama jaha\u0107ih cipela<br \/>\nPodesiva man\u017eeta za noge<br \/>\nPunozrnata ko\u017ea pru\u017ea ve\u0107u izdr\u017eljivost i za\u0161titu za potkoljenice<br \/>\nTehni\u010dki podaci:<\/p>\n<p>Za\u0161tita: Za\u0161titni elementi:<\/p>\n<p>Podesivi d\u017eepovi za \u0161titnike sadr\u017ee uklonjive D3O\u00ae LP2 \u0161titnike za koljena razine 2<br \/>\n EN 17092-4:2020 \u201cA\u201d<br \/>\n EN 1621-1<\/p>\n","protected":false},"excerpt":{"rendered":"<p>FOX Ranger GORE-TEX ADV motociklisti\u010dke tekstilne hla\u010de Ranger je najpristupa\u010dniji model u na\u0161oj novoj Adventure kolekciji&#8230;.<\/p>\n","protected":false},"featured_media":29727,"comment_status":"open","ping_status":"open","template":"","meta":{"_acf_changed":false},"brand":[2738],"gender":[],"product_brand":[],"product_cat":[2832,1356,2857],"product_tag":[],"class_list":{"0":"post-133240","1":"product","2":"type-product","3":"status-publish","4":"has-post-thumbnail","6":"brand-fox-hr","7":"product_cat-hlace-hr","8":"product_cat-motociklisticka-oprema","9":"product_cat-tekstilne-hlace-hr","10":"pa_size-28-hr","11":"pa_size-30-hr","12":"pa_size-32-hr","13":"pa_size-34-hr","14":"pa_size-36-hr","15":"pa_size-38-hr","16":"pa_size-40-hr","17":"pa_size-42-hr","18":"pa_size-44-hr","20":"first","21":"instock","22":"sale","23":"taxable","24":"shipping-taxable","25":"purchasable","26":"product-type-variable"},"acf":[],"_links":{"self":[{"href":"https:\/\/moto-oprema.com\/hr\/wp-json\/wp\/v2\/product\/133240","targetHints":{"allow":["GET"]}}],"collection":[{"href":"https:\/\/moto-oprema.com\/hr\/wp-json\/wp\/v2\/product"}],"about":[{"href":"https:\/\/moto-oprema.com\/hr\/wp-json\/wp\/v2\/types\/product"}],"replies":[{"embeddable":true,"href":"https:\/\/moto-oprema.com\/hr\/wp-json\/wp\/v2\/comments?post=133240"}],"wp:featuredmedia":[{"embeddable":true,"href":"https:\/\/moto-oprema.com\/hr\/wp-json\/wp\/v2\/media\/29727"}],"wp:attachment":[{"href":"https:\/\/moto-oprema.com\/hr\/wp-json\/wp\/v2\/media?parent=133240"}],"wp:term":[{"taxonomy":"brand","embeddable":true,"href":"https:\/\/moto-oprema.com\/hr\/wp-json\/wp\/v2\/brand?post=133240"},{"taxonomy":"gender","embeddable":true,"href":"https:\/\/moto-oprema.com\/hr\/wp-json\/wp\/v2\/gender?post=133240"},{"taxonomy":"product_brand","embeddable":true,"href":"https:\/\/moto-oprema.com\/hr\/wp-json\/wp\/v2\/product_brand?post=133240"},{"taxonomy":"product_cat","embeddable":true,"href":"https:\/\/moto-oprema.com\/hr\/wp-json\/wp\/v2\/product_cat?post=133240"},{"taxonomy":"product_tag","embeddable":true,"href":"https:\/\/moto-oprema.com\/hr\/wp-json\/wp\/v2\/product_tag?post=133240"}],"curies":[{"name":"wp","href":"https:\/\/api.w.org\/{rel}","templated":true}]}}