{"id":133148,"date":"2024-09-09T09:36:00","date_gmt":"2024-09-09T09:36:00","guid":{"rendered":"https:\/\/moto-oprema.com\/Artikel\/alpinestars-smx-6-v3-crne-fluo-crvene\/"},"modified":"2024-09-09T09:36:00","modified_gmt":"2024-09-09T09:36:00","slug":"alpinestars-smx-6-v3-crne-fluo-crvene","status":"publish","type":"product","link":"https:\/\/moto-oprema.com\/hr\/Artikel\/alpinestars-smx-6-v3-crne-fluo-crvene\/","title":{"rendered":"ALPINESTARS SMX-6 V3 CRNE FLUO CRVENE"},"content":{"rendered":"<p>Prepune inovativnih sigurnosnih i za\u0161titnih zna\u010dajki, Alpinestars SMX-6 v3 su vrhunske svestrane \u010dizma za vo\u017enju na stazi i za sportske performanse, koja uklju\u010duje tehnologiju i materijale izvedene iz utrka kako bi voza\u010dima pru\u017eila klju\u010dnu prednost u performansama na stazi i na cesti.<br \/>\n Napredna konstrukcija gornjeg dijela od mikrovlakana za laganu i ravnu fleksibilnost. Nove prednje i stra\u017enje fleksibilne zone izra\u0111ene su od tekstila prekrivenog mekim TPU-om za pobolj\u0161ano kretanje naprijed i natrag, poti\u010du\u0107i prirodno kretanje prema naprijed. Alpinestars pru\u017ea biomehani\u010dku potporu i za\u0161titu izme\u0111u bo\u010dnih i gornjih dijelova \u010dizme, potkoljenice i gle\u017enja, za izvrsnu artikulaciju gle\u017enja, a istovremeno ograni\u010dava hipertorziju, hiperekstenziju i hiperfleksiju te pru\u017ea za\u0161titu Ahilove tetive i gle\u017enja tijekom udaraca.<br \/>\nAlpinestars sustav za zatvaranje vezica izra\u0111en je od napredne polimerne smole kako bi se osiguralo brzo, precizno i sigurno zatvaranje.<br \/>\nOpremljen je novom TPU prijelaznom zonom za vrhunsku za\u0161titu na donjoj medijalnoj strani.<br \/>\nNovi, strate\u0161ki postavljeni, natjecateljski dizajnirani TPU \u0161titnik za potkoljenicu pru\u017ea vrhunsku otpornost na udarce i habanje.<br \/>\nZa\u0161tita gle\u017enja od TPU-a dvostruke gusto\u0107e strate\u0161ki je postavljena izme\u0111u gornjeg dijela i podstavljene podstave, pru\u017eaju\u0107i strate\u0161ku za\u0161titu na klju\u010dnim podru\u010djima.<br \/>\nZamjenjivi TPU kliza\u010d za prste dvostruke gusto\u0107e s vij\u010danim pri\u010dvr\u0161\u0107ivanjem pru\u017ea sveobuhvatnu za\u0161titnu za\u0161titu oko vanjske strane prstiju, a istovremeno je izuzetno fleksibilan za udobnost hodanja.<br \/>\nZamjenjivi kliza\u010d na peti i vanjski bo\u010dni kliza\u010d na peti strate\u0161ki su postavljeni za optimalno raspr\u0161ivanje i apsorpciju udara, a istovremeno poti\u010du klizanje u slu\u010daju pada.<br \/>\nCipela SMX-6 v3 ima CE certifikat prema normi EN 13634:2017.<\/p>\n<ul>\n<li>\u010cizma SMX-6 V2 ima CE certifikat.<\/li>\n<\/ul>\n<p>Sastav sirovina: Mikrofibra, TPU, Lycra<\/p>\n","protected":false},"excerpt":{"rendered":"<p>Prepune inovativnih sigurnosnih i za\u0161titnih zna\u010dajki, Alpinestars SMX-6 v3 su vrhunske svestrane \u010dizma za vo\u017enju na&#8230;<\/p>\n","protected":false},"featured_media":30264,"comment_status":"open","ping_status":"open","template":"","meta":{"_acf_changed":false},"brand":[2748],"gender":[],"product_brand":[],"product_cat":[1356,2769,2792],"product_tag":[],"class_list":{"0":"post-133148","1":"product","2":"type-product","3":"status-publish","4":"has-post-thumbnail","6":"brand-alpinestars-hr","7":"product_cat-motociklisticka-oprema","8":"product_cat-obuca","9":"product_cat-sportske-cipele","10":"pa_size-39-hr","11":"pa_size-40-hr","12":"pa_size-41-hr","13":"pa_size-42-hr","14":"pa_size-43-hr","15":"pa_size-44-hr","16":"pa_size-45-hr","17":"pa_size-46-hr","19":"first","20":"instock","21":"sale","22":"taxable","23":"shipping-taxable","24":"purchasable","25":"product-type-variable"},"acf":[],"_links":{"self":[{"href":"https:\/\/moto-oprema.com\/hr\/wp-json\/wp\/v2\/product\/133148","targetHints":{"allow":["GET"]}}],"collection":[{"href":"https:\/\/moto-oprema.com\/hr\/wp-json\/wp\/v2\/product"}],"about":[{"href":"https:\/\/moto-oprema.com\/hr\/wp-json\/wp\/v2\/types\/product"}],"replies":[{"embeddable":true,"href":"https:\/\/moto-oprema.com\/hr\/wp-json\/wp\/v2\/comments?post=133148"}],"wp:featuredmedia":[{"embeddable":true,"href":"https:\/\/moto-oprema.com\/hr\/wp-json\/wp\/v2\/media\/30264"}],"wp:attachment":[{"href":"https:\/\/moto-oprema.com\/hr\/wp-json\/wp\/v2\/media?parent=133148"}],"wp:term":[{"taxonomy":"brand","embeddable":true,"href":"https:\/\/moto-oprema.com\/hr\/wp-json\/wp\/v2\/brand?post=133148"},{"taxonomy":"gender","embeddable":true,"href":"https:\/\/moto-oprema.com\/hr\/wp-json\/wp\/v2\/gender?post=133148"},{"taxonomy":"product_brand","embeddable":true,"href":"https:\/\/moto-oprema.com\/hr\/wp-json\/wp\/v2\/product_brand?post=133148"},{"taxonomy":"product_cat","embeddable":true,"href":"https:\/\/moto-oprema.com\/hr\/wp-json\/wp\/v2\/product_cat?post=133148"},{"taxonomy":"product_tag","embeddable":true,"href":"https:\/\/moto-oprema.com\/hr\/wp-json\/wp\/v2\/product_tag?post=133148"}],"curies":[{"name":"wp","href":"https:\/\/api.w.org\/{rel}","templated":true}]}}