{"id":132953,"date":"2024-09-04T09:01:34","date_gmt":"2024-09-04T09:01:34","guid":{"rendered":"https:\/\/moto-oprema.com\/Artikel\/oneal-mx-kaciga-3srs-v-24-crank\/"},"modified":"2024-09-04T09:01:34","modified_gmt":"2024-09-04T09:01:34","slug":"oneal-mx-kaciga-3srs-v-24-crank","status":"publish","type":"product","link":"https:\/\/moto-oprema.com\/hr\/Artikel\/oneal-mx-kaciga-3srs-v-24-crank\/","title":{"rendered":"ONEAL MX KACIGA 3SRS V.24 CRANK"},"content":{"rendered":"<p>Ku\u0107i\u0161te izra\u0111eno od ABS-a. Brojni ventilacijski otvori za optimalnu ventilaciju i hla\u0111enje. Mat zavr\u0161na obrada. Izdr\u017eljiva vi\u0161ebojna grafika. Dri-Lex\u00ae podstavljena podstava s Polygiene\u00ae antibakterijskim tretmanom, izuzetno mekana, uklonjiva, upija znoj i periva. Dvostruko D sigurnosno zatvaranje s jednostavnim pode\u0161avanjem remena za savr\u0161eno pristajanje. Unaprijed sastavljeno s plasti\u010dnim vijcima za vizir koji se lome za pove\u0107anu sigurnost u slu\u010daju pada. GoPro\u00ae nosa\u010d dostupan je kao dodatni rezervni dio. Vizir s podesivom visinom. Kompatibilan s Airflaps\u2122. U skladu sa sigurnosnim standardima ECE 22.05          <\/p>\n<p>S=55-56<\/p>\n<p>M=57-58<\/p>\n<p>L=59-60<\/p>\n<p>XL=61-62<\/p>\n","protected":false},"excerpt":{"rendered":"<p>Ku\u0107i\u0161te izra\u0111eno od ABS-a. Brojni ventilacijski otvori za optimalnu ventilaciju i hla\u0111enje. Mat zavr\u0161na obrada. Izdr\u017eljiva&#8230;<\/p>\n","protected":false},"featured_media":132962,"comment_status":"open","ping_status":"closed","template":"","meta":{"_acf_changed":false},"brand":[2849],"gender":[],"product_brand":[],"product_cat":[2764,2733],"product_tag":[],"class_list":{"0":"post-132953","1":"product","2":"type-product","3":"status-publish","4":"has-post-thumbnail","6":"brand-oneal-hr","7":"product_cat-mx-kacige","8":"product_cat-oprema-za-motokros","9":"pa_size-l-hr","10":"pa_size-m-hr","11":"pa_size-s-hr","12":"pa_size-xl-hr","14":"first","15":"instock","16":"sale","17":"taxable","18":"shipping-taxable","19":"purchasable","20":"product-type-variable"},"acf":[],"_links":{"self":[{"href":"https:\/\/moto-oprema.com\/hr\/wp-json\/wp\/v2\/product\/132953","targetHints":{"allow":["GET"]}}],"collection":[{"href":"https:\/\/moto-oprema.com\/hr\/wp-json\/wp\/v2\/product"}],"about":[{"href":"https:\/\/moto-oprema.com\/hr\/wp-json\/wp\/v2\/types\/product"}],"replies":[{"embeddable":true,"href":"https:\/\/moto-oprema.com\/hr\/wp-json\/wp\/v2\/comments?post=132953"}],"wp:featuredmedia":[{"embeddable":true,"href":"https:\/\/moto-oprema.com\/hr\/wp-json\/wp\/v2\/media\/132962"}],"wp:attachment":[{"href":"https:\/\/moto-oprema.com\/hr\/wp-json\/wp\/v2\/media?parent=132953"}],"wp:term":[{"taxonomy":"brand","embeddable":true,"href":"https:\/\/moto-oprema.com\/hr\/wp-json\/wp\/v2\/brand?post=132953"},{"taxonomy":"gender","embeddable":true,"href":"https:\/\/moto-oprema.com\/hr\/wp-json\/wp\/v2\/gender?post=132953"},{"taxonomy":"product_brand","embeddable":true,"href":"https:\/\/moto-oprema.com\/hr\/wp-json\/wp\/v2\/product_brand?post=132953"},{"taxonomy":"product_cat","embeddable":true,"href":"https:\/\/moto-oprema.com\/hr\/wp-json\/wp\/v2\/product_cat?post=132953"},{"taxonomy":"product_tag","embeddable":true,"href":"https:\/\/moto-oprema.com\/hr\/wp-json\/wp\/v2\/product_tag?post=132953"}],"curies":[{"name":"wp","href":"https:\/\/api.w.org\/{rel}","templated":true}]}}