{"id":132918,"date":"2024-09-02T07:33:42","date_gmt":"2024-09-02T07:33:42","guid":{"rendered":"https:\/\/moto-oprema.com\/Artikel\/oneal-sierra-r-v-24-crno-siva\/"},"modified":"2024-09-02T07:33:42","modified_gmt":"2024-09-02T07:33:42","slug":"oneal-sierra-r-v-24-crno-siva","status":"publish","type":"product","link":"https:\/\/moto-oprema.com\/hr\/Artikel\/oneal-sierra-r-v-24-crno-siva\/","title":{"rendered":"O&#8217;NEAL SIERRA R V.24 CRNO-SIVA"},"content":{"rendered":"<p>Kaciga ONEAL Sierra V.24 ima vanjsku \u0161koljku od ABS-a te razne otvore i unutarnje ventilacijske kanale. Mat zavr\u0161na obrada, bezbojni lakirani dizajn s mat zavr\u0161nom obradom. Podstavljena udobna podstava upija znoj, mo\u017ee se ukloniti i prati. Mikroblokovno zatvaranje, Bluetooth ready s unaprijed oblikovanim izrezima za dodatne zvu\u010dnike u podru\u010dju u\u0161iju (Bluetooth ure\u0111aj nije uklju\u010den). Uklju\u010den je prozirni vizir, dodatni ugra\u0111eni \u0161titnik za sunce i Pinlock\u00ae 30 le\u0107a protiv zamagljivanja. Zadovoljava sigurnosni standard ECE 22.06.<\/p>\n","protected":false},"excerpt":{"rendered":"<p>Enduro touring kaciga O&#8217;neal Sierra v.24<\/p>\n","protected":false},"featured_media":133316,"comment_status":"open","ping_status":"closed","template":"","meta":{"_acf_changed":false},"brand":[2849],"gender":[],"product_brand":[],"product_cat":[1358,1356,2764,2733],"product_tag":[],"class_list":{"0":"post-132918","1":"product","2":"type-product","3":"status-publish","4":"has-post-thumbnail","6":"brand-oneal-hr","7":"product_cat-kacige","8":"product_cat-motociklisticka-oprema","9":"product_cat-mx-kacige","10":"product_cat-oprema-za-motokros","11":"pa_size-2xl-hr","12":"pa_size-l-hr","13":"pa_size-m-hr","14":"pa_size-s-hr","15":"pa_size-xl-hr","17":"first","18":"instock","19":"sale","20":"taxable","21":"shipping-taxable","22":"purchasable","23":"product-type-variable"},"acf":[],"_links":{"self":[{"href":"https:\/\/moto-oprema.com\/hr\/wp-json\/wp\/v2\/product\/132918","targetHints":{"allow":["GET"]}}],"collection":[{"href":"https:\/\/moto-oprema.com\/hr\/wp-json\/wp\/v2\/product"}],"about":[{"href":"https:\/\/moto-oprema.com\/hr\/wp-json\/wp\/v2\/types\/product"}],"replies":[{"embeddable":true,"href":"https:\/\/moto-oprema.com\/hr\/wp-json\/wp\/v2\/comments?post=132918"}],"wp:featuredmedia":[{"embeddable":true,"href":"https:\/\/moto-oprema.com\/hr\/wp-json\/wp\/v2\/media\/133316"}],"wp:attachment":[{"href":"https:\/\/moto-oprema.com\/hr\/wp-json\/wp\/v2\/media?parent=132918"}],"wp:term":[{"taxonomy":"brand","embeddable":true,"href":"https:\/\/moto-oprema.com\/hr\/wp-json\/wp\/v2\/brand?post=132918"},{"taxonomy":"gender","embeddable":true,"href":"https:\/\/moto-oprema.com\/hr\/wp-json\/wp\/v2\/gender?post=132918"},{"taxonomy":"product_brand","embeddable":true,"href":"https:\/\/moto-oprema.com\/hr\/wp-json\/wp\/v2\/product_brand?post=132918"},{"taxonomy":"product_cat","embeddable":true,"href":"https:\/\/moto-oprema.com\/hr\/wp-json\/wp\/v2\/product_cat?post=132918"},{"taxonomy":"product_tag","embeddable":true,"href":"https:\/\/moto-oprema.com\/hr\/wp-json\/wp\/v2\/product_tag?post=132918"}],"curies":[{"name":"wp","href":"https:\/\/api.w.org\/{rel}","templated":true}]}}