{"id":132894,"date":"2024-08-29T07:34:51","date_gmt":"2024-08-29T07:34:51","guid":{"rendered":"https:\/\/moto-oprema.com\/Artikel\/alpinestars-zastitne-kape-bionic-pro\/"},"modified":"2024-08-29T07:34:51","modified_gmt":"2024-08-29T07:34:51","slug":"alpinestars-zastitne-kape-bionic-pro","status":"publish","type":"product","link":"https:\/\/moto-oprema.com\/hr\/Artikel\/alpinestars-zastitne-kape-bionic-pro\/","title":{"rendered":"ALPINESTARS ZA\u0160TITNE KAPE BIONIC PRO"},"content":{"rendered":"<p>Alpinestars Bionic Pro za\u0161titne kratke hla\u010de<\/p>\n<p>Za\u0161titne kratke hla\u010de Level 1 Bionic Pro imaju lagan, vrlo fleksibilan dizajn koji pru\u017ea za\u0161titu od udaraca i visoku otpornost na habanje u prozra\u010dnom mre\u017eastom rukavu za izvrsnu cirkulaciju zraka i udobnost. Ove kratke hla\u010de imaju ugra\u0111enu za\u0161titu bokova i strate\u0161ki postavljene jastu\u010di\u0107e na klju\u010dnim podru\u010djima sklonim ozljedama od udaraca; to je rezultat opse\u017enih studija tipi\u010dnih udaraca koje natjecatelji trpe tijekom natjecanja na stazi. <\/p>\n<p>Zna\u010dajke:<\/p>\n<ul>\n<li>Za ve\u0107u slobodu kretanja, hla\u010de se sastoje od dva dijela koji se preklapaju tamo gdje se \u0161titnik susre\u0107e s dijelom od rastezljive mre\u017easte tkanine.<\/li>\n<li>Elasti\u010dne trake<\/li>\n<li>Udobna, enduro orijentirana podloga<\/li>\n<li>Strate\u0161ki postavljena podloga na podru\u010djima sklonim o\u0161te\u0107enjima od udara tijekom tipi\u010dnih sudara na trka\u0107im stazama<\/li>\n<li>Struk i bo\u010dna podloga na bokovima dijele za\u0161titu na dva dijela, pru\u017eaju\u0107i i dalje potpunu za\u0161titu bez ometanja slobode kretanja.<\/li>\n<li>Mekana tkanina<\/li>\n<li>Polygiene Biostatic\u2122 tehnologija za odr\u017eavanje svje\u017eine<\/li>\n<li>Rastezljivi rub donjeg dijela nogavica za kompatibilnost s \u0161titnicima za koljena<\/li>\n<\/ul>\n<p>Vi\u0161e informacija o proizvodu<br \/>\n Materijal 40% poliamid, 15% poliester, 18% etilen vinil acetat, 22% elastan, 5% ostalo<\/p>\n","protected":false},"excerpt":{"rendered":"<p>Alpinestars Bionic Pro za\u0161titne kratke hla\u010de Za\u0161titne kratke hla\u010de Level 1 Bionic Pro imaju lagan, vrlo&#8230;<\/p>\n","protected":false},"featured_media":29804,"comment_status":"open","ping_status":"closed","template":"","meta":{"_acf_changed":false},"brand":[2748],"gender":[],"product_brand":[],"product_cat":[2740,2741,2747],"product_tag":[],"class_list":{"0":"post-132894","1":"product","2":"type-product","3":"status-publish","4":"has-post-thumbnail","6":"brand-alpinestars-hr","7":"product_cat-mtb-biciklisticka-oprema","8":"product_cat-mtb-stitnici","9":"product_cat-mtb-stitnici-za-tijelo","10":"pa_size-2xl-hr","11":"pa_size-l-hr","12":"pa_size-m-hr","13":"pa_size-s-hr","14":"pa_size-xl-hr","16":"first","17":"instock","18":"sale","19":"taxable","20":"shipping-taxable","21":"purchasable","22":"product-type-variable"},"acf":[],"_links":{"self":[{"href":"https:\/\/moto-oprema.com\/hr\/wp-json\/wp\/v2\/product\/132894","targetHints":{"allow":["GET"]}}],"collection":[{"href":"https:\/\/moto-oprema.com\/hr\/wp-json\/wp\/v2\/product"}],"about":[{"href":"https:\/\/moto-oprema.com\/hr\/wp-json\/wp\/v2\/types\/product"}],"replies":[{"embeddable":true,"href":"https:\/\/moto-oprema.com\/hr\/wp-json\/wp\/v2\/comments?post=132894"}],"wp:featuredmedia":[{"embeddable":true,"href":"https:\/\/moto-oprema.com\/hr\/wp-json\/wp\/v2\/media\/29804"}],"wp:attachment":[{"href":"https:\/\/moto-oprema.com\/hr\/wp-json\/wp\/v2\/media?parent=132894"}],"wp:term":[{"taxonomy":"brand","embeddable":true,"href":"https:\/\/moto-oprema.com\/hr\/wp-json\/wp\/v2\/brand?post=132894"},{"taxonomy":"gender","embeddable":true,"href":"https:\/\/moto-oprema.com\/hr\/wp-json\/wp\/v2\/gender?post=132894"},{"taxonomy":"product_brand","embeddable":true,"href":"https:\/\/moto-oprema.com\/hr\/wp-json\/wp\/v2\/product_brand?post=132894"},{"taxonomy":"product_cat","embeddable":true,"href":"https:\/\/moto-oprema.com\/hr\/wp-json\/wp\/v2\/product_cat?post=132894"},{"taxonomy":"product_tag","embeddable":true,"href":"https:\/\/moto-oprema.com\/hr\/wp-json\/wp\/v2\/product_tag?post=132894"}],"curies":[{"name":"wp","href":"https:\/\/api.w.org\/{rel}","templated":true}]}}