{"id":132863,"date":"2024-08-21T12:30:33","date_gmt":"2024-08-21T12:30:33","guid":{"rendered":"https:\/\/moto-oprema.com\/Artikel\/shoei-j-cruise-3-whizzy-tc-1\/"},"modified":"2024-08-21T12:30:33","modified_gmt":"2024-08-21T12:30:33","slug":"shoei-j-cruise-3-whizzy-tc-1","status":"publish","type":"product","link":"https:\/\/moto-oprema.com\/hr\/Artikel\/shoei-j-cruise-3-whizzy-tc-1\/","title":{"rendered":"SHOEI J-CRUISE 3 WHIZZY TC-1"},"content":{"rendered":"<h5>PREMIUM JET KACIGA<\/h5>\n<p>Vrhunska kaciga SHOEI J-Cruise3 otvara nove perspektive za svakodnevnu gradsku vo\u017enju, opu\u0161teno krstarenje ili du\u017ea putovanja motociklom.<\/p>\n<p>Veliki panoramski vizir pru\u017ea gotovo neograni\u010den pogled, dok integrirani, kontinuirano podesivi vizir za sunce pru\u017ea u\u010dinkovitu za\u0161titu od odsjaja. Visokou\u010dinkoviti ventilacijski sustav odr\u017eava \u010dak i vru\u0107e gradske kanjone ugodno hladnima. <\/p>\n<p>COMLINK su\u010delje omogu\u0107uje besprijekornu integraciju sa SENA-inim SRL3 komunikacijskim sustavom, omogu\u0107uju\u0107i vam da ostanete povezani i a\u017eurni tijekom vo\u017enje.<\/p>\n<p>Kaciga SHOEI J-Cruise3 homologirana je prema standardu ECE-R 22.06, \u0161to zna\u010di da zadovoljava najnovije sigurnosne zahtjeve.<\/p>\n<h4>VIZIR<\/h4>\n<p>Panoramski vizir CJ-2 visoke opti\u010dke kvalitete nudi gotovo neograni\u010den pogled u horizontalnom i vertikalnom smjeru, bez izobli\u010denja \u010dak i na periferiji vidnog polja. Smanjuje prodiranje vi\u0161e od 99% UV zra\u010denja u unutra\u0161njost kacige. <\/p>\n<p>Spojler na donjem rubu vizira sprje\u010dava ulazak neugodnog vjetra i stabilizira vizir od uvijanja. Kada je vizir lagano otvoren u stabilnom prvom polo\u017eaju, omogu\u0107uje ulazak svje\u017eeg zraka u kacigu, \u0161to smanjuje zamagljivanje vizira pri sporoj vo\u017enji. Opcionalno dostupan PINLOCK EVO vizir u\u010dinkovito smanjuje sklonost zamagljivanja vizira u nepovoljnim vremenskim uvjetima.  <\/p>\n<p>Funkcija zaklju\u010davanja sprje\u010dava slu\u010dajno otvaranje vizira.<\/p>\n<p>Integrirani visokokvalitetni QSV-2 \u0161titnik za sunce na kacigi SHOEI J-Cruise3 kontinuirano se pode\u0161ava. Pokriva gotovo cijelo upotrebljivo vidno polje i mo\u017ee se lako zamijeniti opcionalnim \u017euto obojenim vizirom koji pove\u0107ava kontrast bez alata. <\/p>\n<p>Za jo\u0161 ve\u0107u za\u0161titu od odsjaja, dostupni su tamni vizir i dodatak za vizir kacige.<\/p>\n<h4>UDOBNOST NO\u0160ENJA<\/h4>\n<p>\u0160iroki otvor kacige SHOEI J-Cruise3 olak\u0161ava stavljanje i skidanje kacige. Prepoznatljivo oblikovano punjenje podr\u017eava cirkulaciju zraka u kacigi, kao i trodimenzionalno oblikovani jastu\u010di\u0107i za obraze i punjenje remena za bradu, koji su u potpunosti uklonjivi i perivi. <\/p>\n<p>Uklonjivi jastu\u010di\u0107i za u\u0161i u\u010dinkovito doprinose smanjenju buke.<\/p>\n<p>Udobno uski remen za bradu s mikro kop\u010dom od nehr\u0111aju\u0107eg \u010delika jednostavan je za kori\u0161tenje i sigurno dr\u017ei kacigu na mjestu. Minimalni kut podizanja poluge za otpu\u0161tanje sprje\u010dava slu\u010dajno otvaranje remena za bradu. <\/p>\n<p>Pomo\u0107u alternativnih jastu\u010di\u0107a za glavu i obraze razli\u010ditih debljina, kacigu mo\u017eete prilagoditi individualnom obliku glave.<\/p>\n<p>Zasebno dostupan jastu\u010di\u0107 za umetanje u vrh glave tako\u0111er vam omogu\u0107uje pode\u0161avanje vertikalnog prianjanja kacige.<\/p>\n<h4>SIGURNOST<\/h4>\n<p>Dokazani kompozitni materijal AIM (Advanced Integrated Matrix) omogu\u0107uje kompaktnu i laganu konstrukciju vanjske ljuske kacige SHOEI J-Cruise3. U kombinaciji s polistirenskom jezgrom koja se sastoji od nekoliko elemenata s razli\u010ditim kapacitetima apsorpcije, ljuska kacige pru\u017ea za\u0161titu i sigurnost. Ispunjava visoke zahtjeve novog standarda ispitivanja ECE-R 22.06 za motociklisti\u010dke kacige.  <\/p>\n<p>3 razli\u010dite veli\u010dine vanjske ljuske (XS-M | L | XL-XXL) omogu\u0107uju kacigi SHOEI J-Cruise3 da pokrije \u0161irok raspon veli\u010dina s optimalnim omjerom veli\u010dine kacige i tijela.<\/p>\n<h4>VENTILACIJA<\/h4>\n<p>Ventilacijski otvori (3 ulaza, 3 izlaza), optimalno postavljeni u podru\u010dju protoka zraka, pove\u0107avaju kapacitet ventilacije za otprilike 70% u usporedbi s prethodnim modelom i zna\u010dajno smanjuju temperaturu i vla\u017enost unutar kacige.<\/p>\n<p>Prepoznatljivo dizajnirani, veliki regulatori ventilacije omogu\u0107uju precizno pode\u0161avanje ventilacije prema toplinskim uvjetima.<\/p>\n<h4>PRIBOR<\/h4>\n<p>Za kacigu SHOEI J-Cruise3 dostupan je tamno obojeni vizir kao alternativa, koji se mo\u017ee koristiti u skladu s ECE homologacijskim smjernicama. Le\u0107e protiv zamagljivanja PINLOCK EVO, dostupne zasebno, mogu se pri\u010dvrstiti na vizire prikladne za ovu kacigu. <\/p>\n<p>Integrirani tamni \u0161titnik za sunce QSV-2 mo\u017ee se zamijeniti \u017eutim \u0161titnikom koji pove\u0107ava kontrast.<\/p>\n<p>SHOEI-jeva ponuda dodatne opreme uklju\u010duje i jastu\u010di\u0107e za podbradak, jastu\u010di\u0107e za obraze i jastu\u010di\u0107e za glavu razli\u010ditih veli\u010dina i debljina, koji se mogu zamijeniti originalnima ili pojedina\u010dno prilagoditi jastu\u010di\u0107ima kacige. Vertikalno pristajanje kacige mo\u017ee se podesiti umetkom za vrh glave. <\/p>\n<p>Komunikacijski sustav SENA SRL3 Mesh, dio SHOEI asortimana dodatne opreme, mo\u017ee se integrirati u diskretno COMLINK su\u010delje kacige SHOEI J-Cruise3. Kada je spojen na mobilni telefon, navigacijski ure\u0111aj ili druge interkom ure\u0111aje, SRL3 Mesh pru\u017ea informacije i zabavu tijekom vo\u017enje, a gotovo se nevidljivo uklapa u \u0161koljku kacige SHOEI J-Cruise3. S vrhunskim zvu\u010dnicima, visokokvalitetnim mikrofonom i prvoklasnim harman\/kardon zvu\u010dnim sustavom, SRL3 Mesh pru\u017ea bogat zvuk i kristalno \u010dist prijenos glasa. Izrezi u slu\u0161alicama i unaprijed izra\u0111eno usmjeravanje kabela \u010dine instalaciju brzom i jednostavnom.   <\/p>\n<p>Zasebno dostupan adapter omogu\u0107uje kori\u0161tenje komunikacijskih sustava SRL2 ili SRL Mesh iz SHOEI asortimana dodatne opreme.<\/p>\n<h4>OPSEG ISPORUKE<\/h4>\n<p>Kaciga SHOEI J-Cruise3 isporu\u010duje se s originalnom SHOEI torbom za pa\u017eljivo spremanje kacige, zamjenskim klinovima za ugradnju PINLOCK le\u0107e, alatom za odr\u017eavanje korisnim za ugradnju SRL komunikacijskog sustava, naljepnicama s SHOEI logotipom i silikonskim uljem za odr\u017eavanje brtve i mehanizma vizira.<\/p>\n<p>Priru\u010dnik za kacigu i bro\u0161ura &#8220;Kako pravilno koristiti kacigu&#8221; pru\u017eaju vrijedne informacije o kori\u0161tenju, odr\u017eavanju i njezi kacige SHOEI J-Cruise3.<\/p>\n<h4>IZVOD IZ PONUDE DODATNE OPREME<\/h4>\n<p>Za SHOEI J-Cruise3 dostupan je \u0161irok raspon dodatne opreme i rezervnih dijelova, uklju\u010duju\u0107i:<\/p>\n<ul>\n<li>CJ-2 viziri u prozirnoj i tamnoj verziji*<\/li>\n<li>PINLOCK EVO le\u0107a protiv zamagljivanja<\/li>\n<li>QSV-2 \u0161titnici za sunce u tamnoj i \u017eutoj verziji<\/li>\n<li>Jastu\u010di\u0107i za obraze razli\u010ditih debljina za zamjenu originalnih jastu\u010di\u0107a ili za individualno pode\u0161avanje kacige<\/li>\n<li>Jastu\u010di\u0107i za glavu razli\u010ditih veli\u010dina i debljina za zamjenu originalnih jastu\u010di\u0107a ili za individualno pode\u0161avanje kacige<\/li>\n<li>Jastu\u010di\u0107i za pode\u0161avanje visine naslona za glavu<\/li>\n<li>Podstava za remen za bradu<\/li>\n<li>SENA SRL3 Mesh komunikacijski sustav<\/li>\n<li>Adapter* za instalaciju komunikacijskog sustava SRL2 ili SRL Mesh tvrtke SENA<\/li>\n<\/ul>\n<p>*Molimo obratite pozornost na informacije o sukladnosti s ECE-R 22.06.<\/p>\n","protected":false},"excerpt":{"rendered":"<p>Vrhunska jet kaciga. Jedna od najboljih na tr\u017ei\u0161tu.<\/p>\n","protected":false},"featured_media":29647,"comment_status":"open","ping_status":"open","template":"","meta":{"_acf_changed":false},"brand":[2765],"gender":[2172],"product_brand":[],"product_cat":[1358,2919,1356],"product_tag":[],"class_list":{"0":"post-132863","1":"product","2":"type-product","3":"status-publish","4":"has-post-thumbnail","6":"brand-shoei-hr","7":"gender-unisex-hr","8":"product_cat-kacige","9":"product_cat-mlaznjak","10":"product_cat-motociklisticka-oprema","11":"pa_size-l-hr","12":"pa_size-m-hr","13":"pa_size-s-hr","14":"pa_size-xl-hr","15":"pa_size-xs-hr","16":"pa_size-xxl-hr","18":"first","19":"instock","20":"taxable","21":"shipping-taxable","22":"purchasable","23":"product-type-variable"},"acf":[],"_links":{"self":[{"href":"https:\/\/moto-oprema.com\/hr\/wp-json\/wp\/v2\/product\/132863","targetHints":{"allow":["GET"]}}],"collection":[{"href":"https:\/\/moto-oprema.com\/hr\/wp-json\/wp\/v2\/product"}],"about":[{"href":"https:\/\/moto-oprema.com\/hr\/wp-json\/wp\/v2\/types\/product"}],"replies":[{"embeddable":true,"href":"https:\/\/moto-oprema.com\/hr\/wp-json\/wp\/v2\/comments?post=132863"}],"wp:featuredmedia":[{"embeddable":true,"href":"https:\/\/moto-oprema.com\/hr\/wp-json\/wp\/v2\/media\/29647"}],"wp:attachment":[{"href":"https:\/\/moto-oprema.com\/hr\/wp-json\/wp\/v2\/media?parent=132863"}],"wp:term":[{"taxonomy":"brand","embeddable":true,"href":"https:\/\/moto-oprema.com\/hr\/wp-json\/wp\/v2\/brand?post=132863"},{"taxonomy":"gender","embeddable":true,"href":"https:\/\/moto-oprema.com\/hr\/wp-json\/wp\/v2\/gender?post=132863"},{"taxonomy":"product_brand","embeddable":true,"href":"https:\/\/moto-oprema.com\/hr\/wp-json\/wp\/v2\/product_brand?post=132863"},{"taxonomy":"product_cat","embeddable":true,"href":"https:\/\/moto-oprema.com\/hr\/wp-json\/wp\/v2\/product_cat?post=132863"},{"taxonomy":"product_tag","embeddable":true,"href":"https:\/\/moto-oprema.com\/hr\/wp-json\/wp\/v2\/product_tag?post=132863"}],"curies":[{"name":"wp","href":"https:\/\/api.w.org\/{rel}","templated":true}]}}