{"id":132848,"date":"2024-08-27T08:19:03","date_gmt":"2024-08-27T08:19:03","guid":{"rendered":"https:\/\/moto-oprema.com\/Artikel\/fox-adventure-defend-gore-tex-hlace-crne\/"},"modified":"2024-08-27T08:19:03","modified_gmt":"2024-08-27T08:19:03","slug":"fox-adventure-defend-gore-tex-hlace-crne","status":"publish","type":"product","link":"https:\/\/moto-oprema.com\/hr\/Artikel\/fox-adventure-defend-gore-tex-hlace-crne\/","title":{"rendered":"FOX ADVENTURE DEFEND GORE-TEX HLA\u010cE CRNE"},"content":{"rendered":"<p>FOX Defend GORE-TEX ADV motociklisti\u010dka tekstilna jakna<\/p>\n<p>Kolekcija Defend mo\u017ee se pohvaliti minimalisti\u010dkim dizajnom i jasnom misijom da pru\u017ei sve \u0161to vam je potrebno od opreme za avanturu i apsolutno ni\u0161ta \u0161to vam ne treba.<\/p>\n<p>FOX Defend GORE-TEX\u00ae 3L Adventure hla\u010de imaju potpuno zatvorenu glavnu konstrukciju kako biste ostali suhi. Reflektiraju\u0107i detalji za pove\u0107anu vidljivost. Pove\u0107ana otpornost na habanje i izdr\u017eljivost na podru\u010djima visokog tro\u0161enja. Dva velika otvora za ventilaciju s \u010di\u010dak trakama na bedrima za pobolj\u0161anu ventilaciju. YKK\u00ae AquaGuard\u00ae patentni zatvara\u010di. Dva velika d\u017eepa na bedrima za dodatnu pohranu. Podesivi bo\u010dni remeni za prilago\u0111eno pristajanje. Podesivi otvori za potkoljenice prilago\u0111eni su svim vrstama i veli\u010dinama motociklisti\u010dkih \u010dizama. Vezice man\u017eeta omogu\u0107uju porubljivanje. Punozrnata ko\u017ea pru\u017ea pove\u0107anu izdr\u017eljivost i za\u0161titu potkoljenice.         <\/p>\n<p>Uklonjivi CE certificirani D3O\u00ae LP2 \u0161titnici za koljena razine 2 u podesivim d\u017eepovima za \u0161titnike. CE certificirani prema EN 17092-3 za za\u0161titu od ogrebotina i EN 1621-1 za za\u0161titu od udaraca.<\/p>\n","protected":false},"excerpt":{"rendered":"<p>FOX Defend GORE-TEX ADV motociklisti\u010dka tekstilna jakna Kolekcija Defend mo\u017ee se pohvaliti minimalisti\u010dkim dizajnom i jasnom&#8230;<\/p>\n","protected":false},"featured_media":29694,"comment_status":"open","ping_status":"open","template":"","meta":{"_acf_changed":false},"brand":[2738],"gender":[],"product_brand":[],"product_cat":[2832,1356,2857],"product_tag":[],"class_list":{"0":"post-132848","1":"product","2":"type-product","3":"status-publish","4":"has-post-thumbnail","6":"brand-fox-hr","7":"product_cat-hlace-hr","8":"product_cat-motociklisticka-oprema","9":"product_cat-tekstilne-hlace-hr","10":"pa_size-28-hr","11":"pa_size-30-hr","12":"pa_size-32-hr","13":"pa_size-34-hr","14":"pa_size-36-hr","15":"pa_size-38-hr","16":"pa_size-40-hr","17":"pa_size-42-hr","18":"pa_size-44-hr","20":"first","21":"instock","22":"sale","23":"taxable","24":"shipping-taxable","25":"purchasable","26":"product-type-variable"},"acf":[],"_links":{"self":[{"href":"https:\/\/moto-oprema.com\/hr\/wp-json\/wp\/v2\/product\/132848","targetHints":{"allow":["GET"]}}],"collection":[{"href":"https:\/\/moto-oprema.com\/hr\/wp-json\/wp\/v2\/product"}],"about":[{"href":"https:\/\/moto-oprema.com\/hr\/wp-json\/wp\/v2\/types\/product"}],"replies":[{"embeddable":true,"href":"https:\/\/moto-oprema.com\/hr\/wp-json\/wp\/v2\/comments?post=132848"}],"wp:featuredmedia":[{"embeddable":true,"href":"https:\/\/moto-oprema.com\/hr\/wp-json\/wp\/v2\/media\/29694"}],"wp:attachment":[{"href":"https:\/\/moto-oprema.com\/hr\/wp-json\/wp\/v2\/media?parent=132848"}],"wp:term":[{"taxonomy":"brand","embeddable":true,"href":"https:\/\/moto-oprema.com\/hr\/wp-json\/wp\/v2\/brand?post=132848"},{"taxonomy":"gender","embeddable":true,"href":"https:\/\/moto-oprema.com\/hr\/wp-json\/wp\/v2\/gender?post=132848"},{"taxonomy":"product_brand","embeddable":true,"href":"https:\/\/moto-oprema.com\/hr\/wp-json\/wp\/v2\/product_brand?post=132848"},{"taxonomy":"product_cat","embeddable":true,"href":"https:\/\/moto-oprema.com\/hr\/wp-json\/wp\/v2\/product_cat?post=132848"},{"taxonomy":"product_tag","embeddable":true,"href":"https:\/\/moto-oprema.com\/hr\/wp-json\/wp\/v2\/product_tag?post=132848"}],"curies":[{"name":"wp","href":"https:\/\/api.w.org\/{rel}","templated":true}]}}