{"id":132791,"date":"2024-08-21T13:18:18","date_gmt":"2024-08-21T13:18:18","guid":{"rendered":"https:\/\/moto-oprema.com\/Artikel\/dainese-mistel-2kom-crno-bijeli-56\/"},"modified":"2024-08-21T13:18:18","modified_gmt":"2024-08-21T13:18:18","slug":"dainese-mistel-2kom-crno-bijeli-56","status":"publish","type":"product","link":"https:\/\/moto-oprema.com\/hr\/Artikel\/dainese-mistel-2kom-crno-bijeli-56\/","title":{"rendered":"DAINESE MISTEL 2KOM CRNO\/BIJELI 56"},"content":{"rendered":"<p>Dainese Mistel dvodijelno odijelo crno-mat \/ bijelo \/ crno-mat. Dvodijelno odijelo izra\u0111eno od Tutu kravlje ko\u017ee i dvoelasti\u010dne S1 tkanine. Ovaj vrlo svestrani trka\u0107i dizajn pru\u017ea maksimalnu za\u0161titu i udobnost tijekom vo\u017enje. Ima za\u0161titu 2. razine na ramenima, laktovima, koljenima i kukovima te aluminijske umetke na ramenima. S bo\u010dnim otvorima, aerodinami\u010dnim grbom i Nanofeel unutarnjom podstavom za ve\u0107u udobnost. Mistel \u0107e vam uvijek omogu\u0107iti da postignete najbolje rezultate.     <\/p>\n<h3>Glavne zna\u010dajke:<\/h3>\n<h4>Materijali:<\/h4>\n<ul>\n<li>Gove\u0111a ko\u017ea.<\/li>\n<li>S1 dvoelasti\u010dna tkanina.<\/li>\n<\/ul>\n<h4>Za\u0161tita:<\/h4>\n<ul>\n<li>Kompozitni \u0161titnici na ramenima, laktovima i koljenima, certificirani prema EN 1621.1, razina 2.<\/li>\n<li>Mekana za\u0161tita na bokovima, certificirana prema EN 1621.1, razina 2.<\/li>\n<li>Termoformirana baza na ramenima s zamjenjivim aluminijskim umetcima.<\/li>\n<li>Zamjenjivi kliza\u010di za koljena.<\/li>\n<\/ul>\n<h4>Ergonomija:<\/h4>\n<ul>\n<li>Elasti\u010dni umetci.<\/li>\n<li>Mekani, be\u0161avni, termoformirani umeci.<\/li>\n<li>Aerodinami\u010dki vrh.<\/li>\n<li>Vrlo izdr\u017eljiv YKK patentni zatvara\u010d od 10 mm izme\u0111u jakne i hla\u010da.<\/li>\n<li>Sustav za pri\u010dvr\u0161\u0107ivanje kombinezona na \u010dizme.<\/li>\n<li>Dvostruki patentni zatvara\u010d na kraju hla\u010da.<\/li>\n<\/ul>\n<h4>Temperatura:<\/h4>\n<ul>\n<li>Uklonjiva Nanofeel\u00ae podstava sa srebrnim ionima.<\/li>\n<li>Patentni zatvara\u010di na bo\u010dnim otvorima za bolju ventilaciju.<\/li>\n<\/ul>\n<h4>Homologacija:<\/h4>\n<ul>\n<li>Kombinezon je certificiran prema CE prEN 17092 standardu.<\/li>\n<\/ul>\n","protected":false},"excerpt":{"rendered":"<p>Dainese Mistel dvodijelno odijelo &nbsp;<\/p>\n","protected":false},"featured_media":29663,"comment_status":"open","ping_status":"closed","template":"","meta":{"_acf_changed":false},"brand":[2800],"gender":[],"product_brand":[],"product_cat":[2858,2859,1356],"product_tag":[],"class_list":{"0":"post-132791","1":"product","2":"type-product","3":"status-publish","4":"has-post-thumbnail","6":"brand-dainese-hr","7":"product_cat-dvodijelni-kombinezoni","8":"product_cat-kombinezoni-hr","9":"product_cat-motociklisticka-oprema","10":"pa_size-56-hr","12":"first","13":"instock","14":"sale","15":"sold-individually","16":"taxable","17":"shipping-taxable","18":"purchasable","19":"product-type-variable"},"acf":[],"_links":{"self":[{"href":"https:\/\/moto-oprema.com\/hr\/wp-json\/wp\/v2\/product\/132791","targetHints":{"allow":["GET"]}}],"collection":[{"href":"https:\/\/moto-oprema.com\/hr\/wp-json\/wp\/v2\/product"}],"about":[{"href":"https:\/\/moto-oprema.com\/hr\/wp-json\/wp\/v2\/types\/product"}],"replies":[{"embeddable":true,"href":"https:\/\/moto-oprema.com\/hr\/wp-json\/wp\/v2\/comments?post=132791"}],"wp:featuredmedia":[{"embeddable":true,"href":"https:\/\/moto-oprema.com\/hr\/wp-json\/wp\/v2\/media\/29663"}],"wp:attachment":[{"href":"https:\/\/moto-oprema.com\/hr\/wp-json\/wp\/v2\/media?parent=132791"}],"wp:term":[{"taxonomy":"brand","embeddable":true,"href":"https:\/\/moto-oprema.com\/hr\/wp-json\/wp\/v2\/brand?post=132791"},{"taxonomy":"gender","embeddable":true,"href":"https:\/\/moto-oprema.com\/hr\/wp-json\/wp\/v2\/gender?post=132791"},{"taxonomy":"product_brand","embeddable":true,"href":"https:\/\/moto-oprema.com\/hr\/wp-json\/wp\/v2\/product_brand?post=132791"},{"taxonomy":"product_cat","embeddable":true,"href":"https:\/\/moto-oprema.com\/hr\/wp-json\/wp\/v2\/product_cat?post=132791"},{"taxonomy":"product_tag","embeddable":true,"href":"https:\/\/moto-oprema.com\/hr\/wp-json\/wp\/v2\/product_tag?post=132791"}],"curies":[{"name":"wp","href":"https:\/\/api.w.org\/{rel}","templated":true}]}}