{"id":132730,"date":"2024-08-07T07:50:18","date_gmt":"2024-08-07T07:50:18","guid":{"rendered":"https:\/\/moto-oprema.com\/Artikel\/alpinestars-tech-3s-djecje-cizme-bijele-crne\/"},"modified":"2024-08-07T07:50:18","modified_gmt":"2024-08-07T07:50:18","slug":"alpinestars-tech-3s-djecje-cizme-bijele-crne","status":"publish","type":"product","link":"https:\/\/moto-oprema.com\/hr\/Artikel\/alpinestars-tech-3s-djecje-cizme-bijele-crne\/","title":{"rendered":"ALPINESTARS TECH 3S DJE\u010cJE \u010cIZME BIJELE CRNE"},"content":{"rendered":"<p>Alpinestars TECH 3S su dizajnirane i kreirane za najmla\u0111e voza\u010de. Izra\u0111ene su od inovativnog laganog materijala koji je otporan i fleksibilan. Gornji dio sprje\u010dava ulazak prekomjerne vode i prljav\u0161tine u \u010dizmu.<br \/>\n Jednostavan sustav zatvaranja s tri izmjenjive memorijske kop\u010de (sustav inspiriran Tech 10).<br \/>\n Uklonjivi unutarnji EVA ulo\u017eak.  <\/p>\n<p>CE certifikat: EN 13634:2010<\/p>\n<p>Sastav sirovina: 65% poliuretan, 25% ko\u017ea, 10% metal<\/p>\n","protected":false},"excerpt":{"rendered":"<p>Alpinestars TECH 3S su napravljeni temeljeno na dizajnu vrhunskog modela Tech 5. Njihov anatomski profil i&#8230;<\/p>\n","protected":false},"featured_media":29589,"comment_status":"open","ping_status":"closed","template":"","meta":{"_acf_changed":false},"brand":[2748],"gender":[],"product_brand":[],"product_cat":[2932,2733,2892],"product_tag":[],"class_list":{"0":"post-132730","1":"product","2":"type-product","3":"status-publish","4":"has-post-thumbnail","6":"brand-alpinestars-hr","7":"product_cat-motokros-cizme-hr","8":"product_cat-oprema-za-motokros","9":"product_cat-za-najmlade-hr","10":"pa_size-3355-hr","11":"pa_size-437-hr","12":"pa_size-538-hr","13":"pa_size-639-hr","14":"pa_size-7405-hr","15":"pa_size-842-hr","16":"pa_size-234-hr","18":"first","19":"instock","20":"sale","21":"taxable","22":"shipping-taxable","23":"purchasable","24":"product-type-variable"},"acf":[],"_links":{"self":[{"href":"https:\/\/moto-oprema.com\/hr\/wp-json\/wp\/v2\/product\/132730","targetHints":{"allow":["GET"]}}],"collection":[{"href":"https:\/\/moto-oprema.com\/hr\/wp-json\/wp\/v2\/product"}],"about":[{"href":"https:\/\/moto-oprema.com\/hr\/wp-json\/wp\/v2\/types\/product"}],"replies":[{"embeddable":true,"href":"https:\/\/moto-oprema.com\/hr\/wp-json\/wp\/v2\/comments?post=132730"}],"wp:featuredmedia":[{"embeddable":true,"href":"https:\/\/moto-oprema.com\/hr\/wp-json\/wp\/v2\/media\/29589"}],"wp:attachment":[{"href":"https:\/\/moto-oprema.com\/hr\/wp-json\/wp\/v2\/media?parent=132730"}],"wp:term":[{"taxonomy":"brand","embeddable":true,"href":"https:\/\/moto-oprema.com\/hr\/wp-json\/wp\/v2\/brand?post=132730"},{"taxonomy":"gender","embeddable":true,"href":"https:\/\/moto-oprema.com\/hr\/wp-json\/wp\/v2\/gender?post=132730"},{"taxonomy":"product_brand","embeddable":true,"href":"https:\/\/moto-oprema.com\/hr\/wp-json\/wp\/v2\/product_brand?post=132730"},{"taxonomy":"product_cat","embeddable":true,"href":"https:\/\/moto-oprema.com\/hr\/wp-json\/wp\/v2\/product_cat?post=132730"},{"taxonomy":"product_tag","embeddable":true,"href":"https:\/\/moto-oprema.com\/hr\/wp-json\/wp\/v2\/product_tag?post=132730"}],"curies":[{"name":"wp","href":"https:\/\/api.w.org\/{rel}","templated":true}]}}