{"id":132702,"date":"2024-09-11T08:33:11","date_gmt":"2024-09-11T08:33:11","guid":{"rendered":"https:\/\/moto-oprema.com\/Artikel\/dainese-no-wind-termo-jakna-dugih-rukava\/"},"modified":"2024-09-11T08:33:11","modified_gmt":"2024-09-11T08:33:11","slug":"dainese-no-wind-termo-jakna-dugih-rukava","status":"publish","type":"product","link":"https:\/\/moto-oprema.com\/hr\/Artikel\/dainese-no-wind-termo-jakna-dugih-rukava\/","title":{"rendered":"DAINESE NO WIND TERMO JAKNA DUGIH RUKAVA"},"content":{"rendered":"<p id=\"tw-target-text\" class=\"tw-data-text tw-text-large tw-ta\" dir=\"ltr\" data-placeholder=\"Prevod\" data-ved=\"2ahUKEwj-9bKRoYeDAxUQ0AIHHUnnA6QQ3ewLegQIBRAP\">No-Wind Thermo LS je termalna majica izra\u0111ena od Dryarn tkanine. Zahvaljuju\u0107i prozra\u010dnoj, vjetrootpornoj rastezljivoj membrani na rukavima i prednjem dijelu, No-Wind Thermo LS pru\u017ea visoku toplinsku udobnost i izvrsnu izolaciju od vjetra i niskih temperatura. Zbog visokog izolacijskog kapaciteta, topli zrak se zadr\u017eava blizu tijela, \u010dime se zadr\u017eava toplina. No-Wind Thermo LS je stoga idealan za zimu.   <\/p>\n<p class=\"tw-data-text tw-text-large tw-ta\" dir=\"ltr\" data-placeholder=\"Prevod\" data-ved=\"2ahUKEwj-9bKRoYeDAxUQ0AIHHUnnA6QQ3ewLegQIBRAP\"><span class=\"Y2IQFc\" lang=\"sl\">Odr\u017eava<\/span> <span class=\"Y2IQFc\" lang=\"sl\">idealnu temperaturu \u010dak i pri najni\u017eim vanjskim temperaturama.<\/span><\/p>\n<p class=\"tw-data-text tw-text-large tw-ta\" dir=\"ltr\" data-placeholder=\"Prevod\" data-ved=\"2ahUKEwj-9bKRoYeDAxUQ0AIHHUnnA6QQ3ewLegQIBRAP\">Sastav sirovine: 95% polipropilen &#8211; 5% elastan \/ vanjska tkanina: 91% poliester &#8211; 9% poliuretan<\/p>\n","protected":false},"excerpt":{"rendered":"<p>No-Wind Thermo LS je termalna majica izra\u0111ena od Dryarn tkanine. Zahvaljuju\u0107i prozra\u010dnoj, vjetrootpornoj rastezljivoj membrani na&#8230;<\/p>\n","protected":false},"featured_media":30378,"comment_status":"open","ping_status":"open","template":"","meta":{"_acf_changed":false},"brand":[2800],"gender":[],"product_brand":[],"product_cat":[1356],"product_tag":[],"class_list":{"0":"post-132702","1":"product","2":"type-product","3":"status-publish","4":"has-post-thumbnail","6":"brand-dainese-hr","7":"product_cat-motociklisticka-oprema","8":"pa_size-l-hr","9":"pa_size-m-hr","10":"pa_size-xl-2xl-hr","11":"pa_size-xs-s-hr","13":"first","14":"instock","15":"sale","16":"taxable","17":"shipping-taxable","18":"purchasable","19":"product-type-variable"},"acf":[],"_links":{"self":[{"href":"https:\/\/moto-oprema.com\/hr\/wp-json\/wp\/v2\/product\/132702","targetHints":{"allow":["GET"]}}],"collection":[{"href":"https:\/\/moto-oprema.com\/hr\/wp-json\/wp\/v2\/product"}],"about":[{"href":"https:\/\/moto-oprema.com\/hr\/wp-json\/wp\/v2\/types\/product"}],"replies":[{"embeddable":true,"href":"https:\/\/moto-oprema.com\/hr\/wp-json\/wp\/v2\/comments?post=132702"}],"wp:featuredmedia":[{"embeddable":true,"href":"https:\/\/moto-oprema.com\/hr\/wp-json\/wp\/v2\/media\/30378"}],"wp:attachment":[{"href":"https:\/\/moto-oprema.com\/hr\/wp-json\/wp\/v2\/media?parent=132702"}],"wp:term":[{"taxonomy":"brand","embeddable":true,"href":"https:\/\/moto-oprema.com\/hr\/wp-json\/wp\/v2\/brand?post=132702"},{"taxonomy":"gender","embeddable":true,"href":"https:\/\/moto-oprema.com\/hr\/wp-json\/wp\/v2\/gender?post=132702"},{"taxonomy":"product_brand","embeddable":true,"href":"https:\/\/moto-oprema.com\/hr\/wp-json\/wp\/v2\/product_brand?post=132702"},{"taxonomy":"product_cat","embeddable":true,"href":"https:\/\/moto-oprema.com\/hr\/wp-json\/wp\/v2\/product_cat?post=132702"},{"taxonomy":"product_tag","embeddable":true,"href":"https:\/\/moto-oprema.com\/hr\/wp-json\/wp\/v2\/product_tag?post=132702"}],"curies":[{"name":"wp","href":"https:\/\/api.w.org\/{rel}","templated":true}]}}