{"id":132651,"date":"2024-09-10T09:59:17","date_gmt":"2024-09-10T09:59:17","guid":{"rendered":"https:\/\/moto-oprema.com\/Artikel\/alpinestars-nucleon-plasma-zastitnik-za-prsa\/"},"modified":"2024-09-10T09:59:17","modified_gmt":"2024-09-10T09:59:17","slug":"alpinestars-nucleon-plasma-zastitnik-za-prsa","status":"publish","type":"product","link":"https:\/\/moto-oprema.com\/hr\/Artikel\/alpinestars-nucleon-plasma-zastitnik-za-prsa\/","title":{"rendered":"ALPINESTARS NUCLEON PLASMA ZA\u0160TITNIK ZA PRSA"},"content":{"rendered":"<p>Ergonomski dizajniran za sve oblike cestovne vo\u017enje, Nucleon Plasma Divided ulo\u017eak za za\u0161titu prsa dizajniran je da bude lagan, prozra\u010dan i za\u0161titni, te je namjenski izra\u0111en da odgovara svim Alpinestars jaknama.<br \/>\nInovativni dizajn Plasma M ure\u0111aja ima opse\u017ene perforacije koje osiguravaju maksimalan protok zraka i odvo\u0111enje topline.<br \/>\nMekana baza osigurava strukturni integritet za\u0161titnika, sprje\u010davaju\u0107i bilo kakvo kidanje.<br \/>\nKompatibilno sa svom Alpinestars odje\u0107om, trenutnom i prethodnom.<br \/>\n&#8211; Ekolo\u0161ki prihvatljiv i odr\u017eiv USDA certificirani bio-bazirani materijal za apsorpciju udara.<br \/>\nIznimno udobne zahvaljuju\u0107i mekom i fleksibilnom viskoelasti\u010dnom spoju Plasma, maloj te\u017eini i niskom profilu te najboljoj prozra\u010dnosti u klasi.<br \/>\nSuper lagani \u0161titnik za prsa s podijeljenim hvati\u0161tem razvijen je u dvije veli\u010dine.<br \/>\nUdarne performanse prema\u0161uju minimalne zahtjeve za Ce certifikat.<\/p>\n","protected":false},"excerpt":{"rendered":"<p>Ergonomski dizajniran za sve oblike cestovne vo\u017enje, Nucleon Plasma Divided ulo\u017eak za za\u0161titu prsa dizajniran je&#8230;<\/p>\n","protected":false},"featured_media":30348,"comment_status":"open","ping_status":"open","template":"","meta":{"_acf_changed":false},"brand":[2748],"gender":[],"product_brand":[],"product_cat":[1356,2855],"product_tag":[],"class_list":{"0":"post-132651","1":"product","2":"type-product","3":"status-publish","4":"has-post-thumbnail","6":"brand-alpinestars-hr","7":"product_cat-motociklisticka-oprema","8":"product_cat-zastitnici-i-zracni-jastuci","9":"pa_size-l-hr","10":"pa_size-m-hr","11":"pa_size-s-hr","13":"first","14":"instock","15":"sale","16":"taxable","17":"shipping-taxable","18":"purchasable","19":"product-type-variable"},"acf":[],"_links":{"self":[{"href":"https:\/\/moto-oprema.com\/hr\/wp-json\/wp\/v2\/product\/132651","targetHints":{"allow":["GET"]}}],"collection":[{"href":"https:\/\/moto-oprema.com\/hr\/wp-json\/wp\/v2\/product"}],"about":[{"href":"https:\/\/moto-oprema.com\/hr\/wp-json\/wp\/v2\/types\/product"}],"replies":[{"embeddable":true,"href":"https:\/\/moto-oprema.com\/hr\/wp-json\/wp\/v2\/comments?post=132651"}],"wp:featuredmedia":[{"embeddable":true,"href":"https:\/\/moto-oprema.com\/hr\/wp-json\/wp\/v2\/media\/30348"}],"wp:attachment":[{"href":"https:\/\/moto-oprema.com\/hr\/wp-json\/wp\/v2\/media?parent=132651"}],"wp:term":[{"taxonomy":"brand","embeddable":true,"href":"https:\/\/moto-oprema.com\/hr\/wp-json\/wp\/v2\/brand?post=132651"},{"taxonomy":"gender","embeddable":true,"href":"https:\/\/moto-oprema.com\/hr\/wp-json\/wp\/v2\/gender?post=132651"},{"taxonomy":"product_brand","embeddable":true,"href":"https:\/\/moto-oprema.com\/hr\/wp-json\/wp\/v2\/product_brand?post=132651"},{"taxonomy":"product_cat","embeddable":true,"href":"https:\/\/moto-oprema.com\/hr\/wp-json\/wp\/v2\/product_cat?post=132651"},{"taxonomy":"product_tag","embeddable":true,"href":"https:\/\/moto-oprema.com\/hr\/wp-json\/wp\/v2\/product_tag?post=132651"}],"curies":[{"name":"wp","href":"https:\/\/api.w.org\/{rel}","templated":true}]}}