{"id":132594,"date":"2024-09-10T09:20:34","date_gmt":"2024-09-10T09:20:34","guid":{"rendered":"https:\/\/moto-oprema.com\/Artikel\/alpinestars-stella-smx-6-v3-drystar-crna\/"},"modified":"2024-09-10T09:20:34","modified_gmt":"2024-09-10T09:20:34","slug":"alpinestars-stella-smx-6-v3-drystar-crna","status":"publish","type":"product","link":"https:\/\/moto-oprema.com\/hr\/Artikel\/alpinestars-stella-smx-6-v3-drystar-crna\/","title":{"rendered":"ALPINESTARS STELLA SMX-6 V3 DRYSTAR CRNA"},"content":{"rendered":"<p>Anatomski dizajnirane za optimalno pristajanje \u017eenama i opremljene mno\u0161tvom inovativnih sigurnosnih i za\u0161titnih zna\u010dajki, Stella SMX-6 v3 Drystar\u00ae su vrhunske cestovne i svevremenske \u010dizma za vo\u017enju, koje uklju\u010duju tehnologiju i materijale preuzete s trka\u0107ih staza kako bi voza\u010dima pru\u017eile klju\u010dnu prednost na stazi i na ulici.<br \/>\nOve su \u010dizma opremljene Alpinestars Drystar\u00ae tehnologijom koja pru\u017ea dokazane performanse u mokrim uvjetima i izvrsnu razinu prozra\u010dnosti.<br \/>\nPrilago\u0111eno \u017eenama za optimalnu udobnost.<br \/>\nNapredna konstrukcija gornjeg dijela od mikrovlakana za laganu povr\u0161inu, visokou\u010dinkovitu za\u0161titu od habanja i vrhunsku fleksibilnost.<br \/>\nCipele uklju\u010duju Alpinestarsovu vodootpornu i prozra\u010dnu Drystar\u00ae podstavu za izvrsne performanse u svim vremenskim uvjetima.<br \/>\nNove fleksibilne zone na prednjem i stra\u017enjem dijelu stopala izra\u0111ene su od tekstila prekrivenog mekim TPU-om za pove\u0107anu otpornost na udarce, a istovremeno poti\u010du prirodno kretanje naprijed i nazad.<br \/>\nRazvoj jedinstvenog Alpinestarsovog sustava za\u0161tite gle\u017enja pru\u017ea biomehani\u010dku potporu i za\u0161titu izme\u0111u lateralne gornje tetive, tibije i gle\u017enja za vrhunsku artikulaciju gle\u017enja, a istovremeno ograni\u010dava hipertorziju, hiperekstenziju i hiperfleksiju te pru\u017ea za\u0161titu od udara Ahilovoj tetivi i gle\u017enja.<br \/>\nAlpinestars sustav za zatvaranje vezica izra\u0111en je od napredne polimerne smole kako bi se osiguralo brzo, precizno i sigurno zatvaranje.<br \/>\nOpremljen je novom TPU prijelaznom zonom za vrhunsku za\u0161titu na donjoj medijalnoj strani.<br \/>\nNovi, strate\u0161ki postavljeni, natjecateljski dizajnirani TPU \u0161titnik za potkoljenicu pru\u017ea vrhunsku otpornost na udarce i habanje.<br \/>\nZa\u0161tita gle\u017enja od TPU-a dvostruke gusto\u0107e strate\u0161ki je postavljena izme\u0111u gornjeg dijela i podstavljene podstave, pru\u017eaju\u0107i strate\u0161ku za\u0161titu na klju\u010dnim podru\u010djima.<br \/>\nZamjenjivi TPU kliza\u010d za prste dvostruke gusto\u0107e s vij\u010danim pri\u010dvr\u0161\u0107ivanjem pru\u017ea sveobuhvatnu za\u0161titnu za\u0161titu oko vanjske strane prstiju, a istovremeno je izuzetno fleksibilan za udobnost hodanja.<br \/>\nZamjenjivi kliza\u010d na peti i vanjski bo\u010dni kliza\u010d na peti strate\u0161ki su postavljeni za optimalno raspr\u0161ivanje i apsorpciju udara, a istovremeno poti\u010du klizanje u slu\u010daju pada.<br \/>\nCipele Stella SMX-6 v3 Drystar\u00ae certificirane su prema CE EN 13634:2017 normi.<\/p>\n<p>Sastav sirovina: Mikrofibra, TPU, Lycra<\/p>\n","protected":false},"excerpt":{"rendered":"<p>\u017denske vodootporne \u010dizme Alpinestars Stella SMX-6 V3 Drystar\u00ae<\/p>\n","protected":false},"featured_media":30321,"comment_status":"open","ping_status":"open","template":"","meta":{"_acf_changed":false},"brand":[2748],"gender":[1314],"product_brand":[],"product_cat":[1356,2769,2792],"product_tag":[],"class_list":{"0":"post-132594","1":"product","2":"type-product","3":"status-publish","4":"has-post-thumbnail","6":"brand-alpinestars-hr","7":"gender-zenska","8":"product_cat-motociklisticka-oprema","9":"product_cat-obuca","10":"product_cat-sportske-cipele","11":"pa_size-37-hr","12":"pa_size-38-hr","13":"pa_size-39-hr","14":"pa_size-40-hr","15":"pa_size-41-hr","16":"pa_size-42-hr","17":"pa_size-43-hr","19":"first","20":"outofstock","21":"sale","22":"taxable","23":"shipping-taxable","24":"purchasable","25":"product-type-variable"},"acf":[],"_links":{"self":[{"href":"https:\/\/moto-oprema.com\/hr\/wp-json\/wp\/v2\/product\/132594","targetHints":{"allow":["GET"]}}],"collection":[{"href":"https:\/\/moto-oprema.com\/hr\/wp-json\/wp\/v2\/product"}],"about":[{"href":"https:\/\/moto-oprema.com\/hr\/wp-json\/wp\/v2\/types\/product"}],"replies":[{"embeddable":true,"href":"https:\/\/moto-oprema.com\/hr\/wp-json\/wp\/v2\/comments?post=132594"}],"wp:featuredmedia":[{"embeddable":true,"href":"https:\/\/moto-oprema.com\/hr\/wp-json\/wp\/v2\/media\/30321"}],"wp:attachment":[{"href":"https:\/\/moto-oprema.com\/hr\/wp-json\/wp\/v2\/media?parent=132594"}],"wp:term":[{"taxonomy":"brand","embeddable":true,"href":"https:\/\/moto-oprema.com\/hr\/wp-json\/wp\/v2\/brand?post=132594"},{"taxonomy":"gender","embeddable":true,"href":"https:\/\/moto-oprema.com\/hr\/wp-json\/wp\/v2\/gender?post=132594"},{"taxonomy":"product_brand","embeddable":true,"href":"https:\/\/moto-oprema.com\/hr\/wp-json\/wp\/v2\/product_brand?post=132594"},{"taxonomy":"product_cat","embeddable":true,"href":"https:\/\/moto-oprema.com\/hr\/wp-json\/wp\/v2\/product_cat?post=132594"},{"taxonomy":"product_tag","embeddable":true,"href":"https:\/\/moto-oprema.com\/hr\/wp-json\/wp\/v2\/product_tag?post=132594"}],"curies":[{"name":"wp","href":"https:\/\/api.w.org\/{rel}","templated":true}]}}