{"id":132473,"date":"2024-09-06T10:28:40","date_gmt":"2024-09-06T10:28:40","guid":{"rendered":"https:\/\/moto-oprema.com\/Artikel\/shoei-vfx-wr-06-jammer-tc-8\/"},"modified":"2024-09-06T10:28:40","modified_gmt":"2024-09-06T10:28:40","slug":"shoei-vfx-wr-06-jammer-tc-8","status":"publish","type":"product","link":"https:\/\/moto-oprema.com\/hr\/Artikel\/shoei-vfx-wr-06-jammer-tc-8\/","title":{"rendered":"SHOEI VFX-WR 06 Jammer TC-8"},"content":{"rendered":"<p>Kaciga VFX-WR najnovija je evolucija Shoei off-road kaciga. U njezinoj proizvodnji kori\u0161tena su najnovija tehnolo\u0161ka dostignu\u0107a. Glavne zna\u010dajke kacige VFX-WR su njezina lako\u0107a, otpornost na udarce i kori\u0161tenje novog MED S sustava (Motion Energy Distribution System). Vizir je tako\u0111er a\u017euriran. Na kacigi VFX-WR jo\u0161 je vi\u0161e integriran u samu \u0161koljku kacige. VFX-WR je savr\u0161ena kaciga za off-road i MX utrke.     <\/p>\n<p>Zna\u010dajke:<\/p>\n<ul>\n<li>Vanjska \u0161koljka izra\u0111ena od AIM-a (Advanced Integrated Matrix), mje\u0161avine organskih i vi\u0161estrukih kompozitnih vlakana u razli\u010ditim slojevima<\/li>\n<li>Unutarnja \u0161koljka je izra\u0111ena od EPS-a<\/li>\n<li>MED S (Sustav distribucije energije kretanja)<\/li>\n<li>Dvostruko kop\u010danje<\/li>\n<li>EQRS (Emergency Quick Release System) omogu\u0107uje sigurno skidanje kacige u slu\u010daju nesre\u0107e<\/li>\n<li>Uklonjivi \u0161titnik za nos s novim dizajnom<\/li>\n<li>Inovativni sustav ventilacije<\/li>\n<li>Moderan i sportski dizajn<\/li>\n<li>ECE 22.06<\/li>\n<\/ul>\n","protected":false},"excerpt":{"rendered":"<p>Shoei VFX-WR MX kaciga ECE 22.06<\/p>\n","protected":false},"featured_media":30172,"comment_status":"open","ping_status":"open","template":"","meta":{"_acf_changed":false},"brand":[2765],"gender":[2172],"product_brand":[],"product_cat":[2764,2733],"product_tag":[],"class_list":{"0":"post-132473","1":"product","2":"type-product","3":"status-publish","4":"has-post-thumbnail","6":"brand-shoei-hr","7":"gender-unisex-hr","8":"product_cat-mx-kacige","9":"product_cat-oprema-za-motokros","10":"pa_size-l-hr","11":"pa_size-m-hr","12":"pa_size-s-hr","13":"pa_size-xl-hr","14":"pa_size-xs-hr","15":"pa_size-xxl-hr","17":"first","18":"instock","19":"taxable","20":"shipping-taxable","21":"purchasable","22":"product-type-variable"},"acf":[],"_links":{"self":[{"href":"https:\/\/moto-oprema.com\/hr\/wp-json\/wp\/v2\/product\/132473","targetHints":{"allow":["GET"]}}],"collection":[{"href":"https:\/\/moto-oprema.com\/hr\/wp-json\/wp\/v2\/product"}],"about":[{"href":"https:\/\/moto-oprema.com\/hr\/wp-json\/wp\/v2\/types\/product"}],"replies":[{"embeddable":true,"href":"https:\/\/moto-oprema.com\/hr\/wp-json\/wp\/v2\/comments?post=132473"}],"wp:featuredmedia":[{"embeddable":true,"href":"https:\/\/moto-oprema.com\/hr\/wp-json\/wp\/v2\/media\/30172"}],"wp:attachment":[{"href":"https:\/\/moto-oprema.com\/hr\/wp-json\/wp\/v2\/media?parent=132473"}],"wp:term":[{"taxonomy":"brand","embeddable":true,"href":"https:\/\/moto-oprema.com\/hr\/wp-json\/wp\/v2\/brand?post=132473"},{"taxonomy":"gender","embeddable":true,"href":"https:\/\/moto-oprema.com\/hr\/wp-json\/wp\/v2\/gender?post=132473"},{"taxonomy":"product_brand","embeddable":true,"href":"https:\/\/moto-oprema.com\/hr\/wp-json\/wp\/v2\/product_brand?post=132473"},{"taxonomy":"product_cat","embeddable":true,"href":"https:\/\/moto-oprema.com\/hr\/wp-json\/wp\/v2\/product_cat?post=132473"},{"taxonomy":"product_tag","embeddable":true,"href":"https:\/\/moto-oprema.com\/hr\/wp-json\/wp\/v2\/product_tag?post=132473"}],"curies":[{"name":"wp","href":"https:\/\/api.w.org\/{rel}","templated":true}]}}