{"id":132469,"date":"2024-11-14T10:12:41","date_gmt":"2024-11-14T10:12:41","guid":{"rendered":"https:\/\/moto-oprema.com\/Artikel\/spidi-evorider-2-zenska-kozna-jakna-crna-ruzicasta\/"},"modified":"2024-11-14T10:12:41","modified_gmt":"2024-11-14T10:12:41","slug":"spidi-evorider-2-zenska-kozna-jakna-crna-ruzicasta","status":"publish","type":"product","link":"https:\/\/moto-oprema.com\/hr\/Artikel\/spidi-evorider-2-zenska-kozna-jakna-crna-ruzicasta\/","title":{"rendered":"SPIDI EVORIDER 2 \u017dENSKA KO\u017dNA JAKNA CRNA RU\u017dI\u010cASTA"},"content":{"rendered":"<p>Spidi Evorider 2 \u017eenska ko\u017ena motociklisti\u010dka jakna<\/p>\n<p>Spidi Evorider 2 je nova i a\u017eurirana verzija popularne serije jakni Evorider. Na\u0161i dizajneri stvorili su jaknu kako bi ispunili svaku kontrolnu listu koju ima voza\u010d visokih performansi kada tra\u017ei ljetnu jaknu, bez kompromisa u pogledu sigurnosti. Evorider 2 ima uklonjive \u0161titnike na ramenima i laktovima, s vanjskim Warrior kliza\u010dima na ramenima. Dodatnu sigurnost pru\u017eaju d\u017eep za \u0161titnik za le\u0111a (prodaje se zasebno) i patentni zatvara\u010d po obodu za pri\u010dvr\u0161\u0107ivanje dugih hla\u010da te sustav kop\u010di za pri\u010dvr\u0161\u0107ivanje bajkerskih traperica.   <\/p>\n<p>Zna\u010dajke:<\/p>\n<ul>\n<li>50% vodootporna odje\u0107a<\/li>\n<li>Pri\u010dvrsne to\u010dke za umetanje toplinske obloge (mogu\u0107a naknadna ugradnja, nije uklju\u010dena)<\/li>\n<li>Pri\u010dvrsne to\u010dke za umetanje H2OUT obloge (mogu\u0107a naknadna ugradnja, nije uklju\u010dena)<\/li>\n<li>\u010cvrsto pri\u010dvr\u0161\u0107ena mre\u017easta podstava<\/li>\n<li>Odje\u0107a za ulazak (opcionalno): unutarnja jakna sa zra\u010dnom membranom\/grijaju\u0107om unutarnjom jaknom mo\u017ee se naknadno ugraditi (mo\u017ee se naknadno ugraditi, nije uklju\u010dena)<\/li>\n<li>Ventilacija<\/li>\n<li>Sustav za spajanje hla\u010da<\/li>\n<li>Patentni zatvara\u010d za spajanje jakne i hla\u010da<\/li>\n<li>Prosje\u010dna te\u017eina 2,5 kg<\/li>\n<li>Podesivo kop\u010danje u struku<\/li>\n<li>Visoko\u010dvrsti, elasti\u010dni Flex Tenax najlon 6.6, posebno otporan na abraziju<\/li>\n<li>Gove\u0111a ko\u017ea, debljine 1,1\/1,3 mm, visoki za\u0161titni u\u010dinak<\/li>\n<li>Tehni\u010dki podaci:<\/li>\n<li>Uklonjivi Force-Tech \u0161titnici za laktove, EN1621-1:2012 (uklju\u010deni)<\/li>\n<li>Ure\u0111aj za pri\u010dvr\u0161\u0107ivanje \u0161titnika za le\u0111a razine 2 (mo\u017ee se naknadno ugraditi, nije uklju\u010den)<\/li>\n<li>Warrior \u0161titnici za ramena, EN1621-1 razina 1 (uklju\u010deni)<\/li>\n<li>Za\u0161titna odje\u0107a za motocikliste u skladu s Uredbom (EU) 2016\/454<\/li>\n<li>OZO Osobna za\u0161titna oprema za motocikliste EN17092-3:2017 Klasa AA<\/li>\n<\/ul>\n","protected":false},"excerpt":{"rendered":"<p>Spidi Evorider 2 \u017eenska ko\u017ena motociklisti\u010dka jakna<\/p>\n","protected":false},"featured_media":31943,"comment_status":"open","ping_status":"open","template":"","meta":{"_acf_changed":false},"brand":[2732],"gender":[1314],"product_brand":[],"product_cat":[2759,2915,1356],"product_tag":[],"class_list":{"0":"post-132469","1":"product","2":"type-product","3":"status-publish","4":"has-post-thumbnail","6":"brand-spidi-hr","7":"gender-zenska","8":"product_cat-jakne-hr","9":"product_cat-kozne-jakne","10":"product_cat-motociklisticka-oprema","11":"pa_size-42-hr","12":"pa_size-44-hr","13":"pa_size-46-hr","15":"first","16":"instock","17":"sale","18":"taxable","19":"shipping-taxable","20":"purchasable","21":"product-type-variable"},"acf":[],"_links":{"self":[{"href":"https:\/\/moto-oprema.com\/hr\/wp-json\/wp\/v2\/product\/132469","targetHints":{"allow":["GET"]}}],"collection":[{"href":"https:\/\/moto-oprema.com\/hr\/wp-json\/wp\/v2\/product"}],"about":[{"href":"https:\/\/moto-oprema.com\/hr\/wp-json\/wp\/v2\/types\/product"}],"replies":[{"embeddable":true,"href":"https:\/\/moto-oprema.com\/hr\/wp-json\/wp\/v2\/comments?post=132469"}],"wp:featuredmedia":[{"embeddable":true,"href":"https:\/\/moto-oprema.com\/hr\/wp-json\/wp\/v2\/media\/31943"}],"wp:attachment":[{"href":"https:\/\/moto-oprema.com\/hr\/wp-json\/wp\/v2\/media?parent=132469"}],"wp:term":[{"taxonomy":"brand","embeddable":true,"href":"https:\/\/moto-oprema.com\/hr\/wp-json\/wp\/v2\/brand?post=132469"},{"taxonomy":"gender","embeddable":true,"href":"https:\/\/moto-oprema.com\/hr\/wp-json\/wp\/v2\/gender?post=132469"},{"taxonomy":"product_brand","embeddable":true,"href":"https:\/\/moto-oprema.com\/hr\/wp-json\/wp\/v2\/product_brand?post=132469"},{"taxonomy":"product_cat","embeddable":true,"href":"https:\/\/moto-oprema.com\/hr\/wp-json\/wp\/v2\/product_cat?post=132469"},{"taxonomy":"product_tag","embeddable":true,"href":"https:\/\/moto-oprema.com\/hr\/wp-json\/wp\/v2\/product_tag?post=132469"}],"curies":[{"name":"wp","href":"https:\/\/api.w.org\/{rel}","templated":true}]}}