{"id":132398,"date":"2024-10-18T08:52:36","date_gmt":"2024-10-18T08:52:36","guid":{"rendered":"https:\/\/moto-oprema.com\/Artikel\/dainese-springbok-3l-absoluteshell-jakna-tarmac\/"},"modified":"2024-10-18T08:52:36","modified_gmt":"2024-10-18T08:52:36","slug":"dainese-springbok-3l-absoluteshell-jakna-tarmac","status":"publish","type":"product","link":"https:\/\/moto-oprema.com\/hr\/Artikel\/dainese-springbok-3l-absoluteshell-jakna-tarmac\/","title":{"rendered":"DAINESE SPRINGBOK 3L ABSOLUTESHELL\u2122 JAKNA TARMAC"},"content":{"rendered":"<p>Troslojna vodootporna jakna za avanturisti\u010dke i touring aktivnosti. Optimizirana za kori\u0161tenje tijekom svih godi\u0161njih doba. Mekani Pro Armor \u0161titnici razine 2 na ramenima i laktovima.<br \/>\n SPRINGBOK 3L ABSOLUTESHELL\u2122 JAKNA je troslojna, vodootporna jakna za sva \u010detiri godi\u0161nja doba, dizajnirana za duga putovanja na cesti i izvan nje. Tri sloja od kojih se sastoji &#8211; vanjska ljuska, uklonjiva vodootporna Absoluteshell\u2122 podstava i termalni ciljani sloj &#8211; pru\u017eaju iznimnu funkcionalnost i svestranost, \u010dine\u0107i Springbok 3L savr\u0161enom za kori\u0161tenje tijekom cijele godine. Rastezljiva Mugello tkanina osigurava maksimalnu udobnost pri vo\u017enji i kretanju, dok Pro Armor Level 2 \u0161titnici na ramenima i laktovima pru\u017eaju visoku razinu sigurnosti i za\u0161tite. Dizajnirana je za prihvat \u0161titnika za le\u0111a i prsa tipa G. SPRINGBOK 3L ABSOLUTESHELL\u2122 jakna odlikuje se oja\u010danim umetcima na ramenima i laktovima izra\u0111enim od mekog bru\u0161ene ko\u017ee. Ovaj funkcionalan i elegantan detalj s vremenom dobiva jedinstvene nijanse, suputnik u pri\u010di i avanturama jakne i njenog nositelja. Veliki ventilacijski paneli koji se mogu otvoriti jednom rukom omogu\u0107uju odjevnom predmetu da se prilagodi bilo kojem vremenu i preferencijama. 4 velika vanjska d\u017eepa \u2013 2 prednja i 2 d\u017eepa za teret, od kojih je jedan mre\u017easti i lako dostupan \u010dak i jednom rukom \u2013 nude obilje prostora za no\u0161enje svega \u0161to vam je potrebno na putovanju, uvijek pri ruci. SPRINGBOK 3L ABSOLUTESHELL\u2122 ima inovativni integrirani sustav Magic Connection\u2122 koji sadr\u017ei par magneta, jedan u jakni i jedan u posebnim rukavicama, \u0161to omogu\u0107uje voza\u010du da skine rukavice, a zatim ih stavi na podlakticu kako bi ih pri\u010dvrstio kada ne vozi.         <\/p>\n<p>ZNA\u010cAJKE<\/p>\n<ul>\n<li>  1 unutarnji d\u017eep<\/li>\n<li>  1 d\u017eep na termo podstavi<\/li>\n<li>  Elasti\u010dni mre\u017easti d\u017eep za teret<\/li>\n<li>  Magi\u010dni sustav za povezivanje\u2122<\/li>\n<li>  vanjski vodootporni d\u017eep<\/li>\n<li>  D\u017eep za stra\u017enji za\u0161titnik G1 i G2<\/li>\n<li>  Pro-Armor d\u017eepovi na prsima 2 kom.<\/li>\n<li>  Reflektiraju\u0107i umetci<\/li>\n<\/ul>\n<p>ERGONOMIJA<\/p>\n<ul>\n<li>  Podesivi ovratnik, struk i man\u017eete<\/li>\n<li>  Sustav za pri\u010dvr\u0161\u0107ivanje jakne i hla\u010da<\/li>\n<li>  Pode\u0161avanje rukava<\/li>\n<\/ul>\n<p>GLAVNI MATERIJALI<\/p>\n<ul>\n<li>  ABS\u00d8LUTESHELL\u2122 uklonjiva membrana<\/li>\n<li>  Umetci od kravljeg bru\u0161ene ko\u017ee<\/li>\n<li>  Duratex\u2122 tkanina<\/li>\n<li>  Tkanina Mugello<\/li>\n<\/ul>\n<p>SIGURNOST<\/p>\n<p>Pro-Armor \u0161titnici na laktovima certificirani prema EN 1621.1 razini 2<br \/>\n Pro-Armor \u0161titnici na ramenima certificirani prema EN 1621.1 razini 2<\/p>\n<p>&nbsp;<\/p>\n","protected":false},"excerpt":{"rendered":"<p>Troslojna vodootporna jakna za avanturisti\u010dke i touring aktivnosti. Optimizirana za kori\u0161tenje tijekom svih godi\u0161njih doba. Mekani&#8230;<\/p>\n","protected":false},"featured_media":132417,"comment_status":"open","ping_status":"closed","template":"","meta":{"_acf_changed":false},"brand":[2800],"gender":[],"product_brand":[],"product_cat":[2759,1356,2761],"product_tag":[],"class_list":{"0":"post-132398","1":"product","2":"type-product","3":"status-publish","4":"has-post-thumbnail","6":"brand-dainese-hr","7":"product_cat-jakne-hr","8":"product_cat-motociklisticka-oprema","9":"product_cat-tekstilne-jakne-hr","10":"pa_size-48-hr","11":"pa_size-50-hr","12":"pa_size-52-hr","13":"pa_size-54-hr","14":"pa_size-56-hr","15":"pa_size-58-hr","16":"pa_size-60-hr","17":"pa_size-62-hr","19":"first","20":"onbackorder","21":"sale","22":"taxable","23":"shipping-taxable","24":"purchasable","25":"product-type-variable"},"acf":[],"_links":{"self":[{"href":"https:\/\/moto-oprema.com\/hr\/wp-json\/wp\/v2\/product\/132398","targetHints":{"allow":["GET"]}}],"collection":[{"href":"https:\/\/moto-oprema.com\/hr\/wp-json\/wp\/v2\/product"}],"about":[{"href":"https:\/\/moto-oprema.com\/hr\/wp-json\/wp\/v2\/types\/product"}],"replies":[{"embeddable":true,"href":"https:\/\/moto-oprema.com\/hr\/wp-json\/wp\/v2\/comments?post=132398"}],"wp:featuredmedia":[{"embeddable":true,"href":"https:\/\/moto-oprema.com\/hr\/wp-json\/wp\/v2\/media\/132417"}],"wp:attachment":[{"href":"https:\/\/moto-oprema.com\/hr\/wp-json\/wp\/v2\/media?parent=132398"}],"wp:term":[{"taxonomy":"brand","embeddable":true,"href":"https:\/\/moto-oprema.com\/hr\/wp-json\/wp\/v2\/brand?post=132398"},{"taxonomy":"gender","embeddable":true,"href":"https:\/\/moto-oprema.com\/hr\/wp-json\/wp\/v2\/gender?post=132398"},{"taxonomy":"product_brand","embeddable":true,"href":"https:\/\/moto-oprema.com\/hr\/wp-json\/wp\/v2\/product_brand?post=132398"},{"taxonomy":"product_cat","embeddable":true,"href":"https:\/\/moto-oprema.com\/hr\/wp-json\/wp\/v2\/product_cat?post=132398"},{"taxonomy":"product_tag","embeddable":true,"href":"https:\/\/moto-oprema.com\/hr\/wp-json\/wp\/v2\/product_tag?post=132398"}],"curies":[{"name":"wp","href":"https:\/\/api.w.org\/{rel}","templated":true}]}}