{"id":132375,"date":"2024-10-23T09:40:37","date_gmt":"2024-10-23T09:40:37","guid":{"rendered":"https:\/\/moto-oprema.com\/Artikel\/fox-v3-mx-kaciga-divider-mips-ece22-06-midnight\/"},"modified":"2024-10-23T09:40:37","modified_gmt":"2024-10-23T09:40:37","slug":"fox-v3-mx-kaciga-divider-mips-ece22-06-midnight","status":"publish","type":"product","link":"https:\/\/moto-oprema.com\/hr\/Artikel\/fox-v3-mx-kaciga-divider-mips-ece22-06-midnight\/","title":{"rendered":"FOX V3 MX KACIGA DIVIDER MIPS ECE22.06 MIDNIGHT"},"content":{"rendered":"<p>FOX V3 Volatile MIPS kaciga za motokros<\/p>\n<p>Kaciga V3 Solid nudi vam savr\u0161enu ravnote\u017eu izme\u0111u sigurnosti, performansi i udobnosti. MIPS\u00ae tehnologija i kompozitna \u0161koljka od stakloplastike pru\u017eaju visoku razinu za\u0161tite uz minimalnu te\u017einu. Ugra\u0111eni sustav za hidrataciju i otvori za interkom osiguravaju da ostanete dobro hidrirani i informirani u pokretu.  <\/p>\n<p>Zna\u010dajke:<\/p>\n<p>Opremljen sustavom za za\u0161titu od vi\u0161esmjernih udara (MIPS\u00ae) kao slojem s niskim trenjem izme\u0111u kacige i glave<br \/>\n\u0160koljka od fiberglasa za pove\u0107anu otpornost na udarce uz minimalnu te\u017einu<br \/>\nVizir se mo\u017ee podesiti u tri polo\u017eaja pomo\u0107u posebnih vijaka za otkidanje<br \/>\nUnutarnja \u0161koljka MDEPS\u2122 EPS za za\u0161titu od udara raspr\u0161ivanjem sila oslobo\u0111enih pri udaru na ve\u0107u povr\u0161inu<br \/>\nSustav je kompatibilan sa posebno razvijenim sustavom za skidanje kacige eject\u2122 za uklanjanje jastu\u010di\u0107a za obraze<br \/>\nPodstava Ionic+\u00ae koja odvodi vlagu<br \/>\nIzrezi za interkom kompatibilni s ve\u0107inom komunikacijskih sustava za kacige<br \/>\nHidratacijski sustav za hidrataciju u pokretu<br \/>\nTitan D-prsten<br \/>\nS uklonjivim produ\u017eetkom vizira za blatobran<br \/>\nUklonjivi produ\u017eetak vizira uklju\u010den u opseg isporuke<br \/>\nECE22.06<\/p>\n","protected":false},"excerpt":{"rendered":"<p>FOX V3 Volatile MIPS kaciga za motokros Kaciga V3 Solid nudi vam savr\u0161enu ravnote\u017eu izme\u0111u sigurnosti,&#8230;<\/p>\n","protected":false},"featured_media":31626,"comment_status":"open","ping_status":"open","template":"","meta":{"_acf_changed":false},"brand":[2738],"gender":[],"product_brand":[],"product_cat":[2764,2733],"product_tag":[],"class_list":{"0":"post-132375","1":"product","2":"type-product","3":"status-publish","4":"has-post-thumbnail","6":"brand-fox-hr","7":"product_cat-mx-kacige","8":"product_cat-oprema-za-motokros","9":"pa_size-l-hr","10":"pa_size-m-hr","11":"pa_size-s-hr","12":"pa_size-xl-hr","14":"first","15":"instock","16":"taxable","17":"shipping-taxable","18":"purchasable","19":"product-type-variable"},"acf":[],"_links":{"self":[{"href":"https:\/\/moto-oprema.com\/hr\/wp-json\/wp\/v2\/product\/132375","targetHints":{"allow":["GET"]}}],"collection":[{"href":"https:\/\/moto-oprema.com\/hr\/wp-json\/wp\/v2\/product"}],"about":[{"href":"https:\/\/moto-oprema.com\/hr\/wp-json\/wp\/v2\/types\/product"}],"replies":[{"embeddable":true,"href":"https:\/\/moto-oprema.com\/hr\/wp-json\/wp\/v2\/comments?post=132375"}],"wp:featuredmedia":[{"embeddable":true,"href":"https:\/\/moto-oprema.com\/hr\/wp-json\/wp\/v2\/media\/31626"}],"wp:attachment":[{"href":"https:\/\/moto-oprema.com\/hr\/wp-json\/wp\/v2\/media?parent=132375"}],"wp:term":[{"taxonomy":"brand","embeddable":true,"href":"https:\/\/moto-oprema.com\/hr\/wp-json\/wp\/v2\/brand?post=132375"},{"taxonomy":"gender","embeddable":true,"href":"https:\/\/moto-oprema.com\/hr\/wp-json\/wp\/v2\/gender?post=132375"},{"taxonomy":"product_brand","embeddable":true,"href":"https:\/\/moto-oprema.com\/hr\/wp-json\/wp\/v2\/product_brand?post=132375"},{"taxonomy":"product_cat","embeddable":true,"href":"https:\/\/moto-oprema.com\/hr\/wp-json\/wp\/v2\/product_cat?post=132375"},{"taxonomy":"product_tag","embeddable":true,"href":"https:\/\/moto-oprema.com\/hr\/wp-json\/wp\/v2\/product_tag?post=132375"}],"curies":[{"name":"wp","href":"https:\/\/api.w.org\/{rel}","templated":true}]}}