{"id":132295,"date":"2024-10-18T07:42:38","date_gmt":"2024-10-18T07:42:38","guid":{"rendered":"https:\/\/moto-oprema.com\/Artikel\/fox-launch-pro-stitnici-za-laktove-crni\/"},"modified":"2024-10-18T07:42:38","modified_gmt":"2024-10-18T07:42:38","slug":"fox-launch-pro-stitnici-za-laktove-crni","status":"publish","type":"product","link":"https:\/\/moto-oprema.com\/hr\/Artikel\/fox-launch-pro-stitnici-za-laktove-crni\/","title":{"rendered":"FOX LAUNCH PRO \u0160TITNICI ZA LAKTOVE CRNI"},"content":{"rendered":"<p>Na\u0161a najbolja za\u0161tita, koja kombinira udobnost i mobilnost, savr\u0161ena za sve avanture<\/p>\n<p>Za\u0161titite se od opasnosti na cesti uz Launch Pro \u0161titnike za laktove. S podesivim razinama za\u0161tite, pobolj\u0161anom otporno\u0161\u0107u na habanje i CE certificiranim D3O\u00ae umetcima, ovi udobni \u0161titnici za laktove lako se stavljaju i pomo\u0107i \u0107e vam da se sa svakom vo\u017enjom suo\u010dite s vi\u0161e samopouzdanja. <\/p>\n<p>KPU za\u0161titna plo\u010da na prednjem umetku izra\u0111ena od Cordure\u00ae za pove\u0107anu otpornost na habanje<br \/>\n Uklonjive unutarnje tvrde \u0161koljke za prilago\u0111enu za\u0161titu<br \/>\n Iznimno \u0161iroka elasti\u010dna gornja traka sa silikonskim umetcima za pove\u0107anu udobnost i sigurnost<br \/>\n ARIAPRENE\u00ae i mikroelastan za bolju ventilaciju i udobnost<br \/>\n Jednostavno se stavlja s pode\u0161avanjem \u010di\u010dkom i petljom za precizno pristajanje<br \/>\n Antimikrobna tkanina protiv bakterija koje uzrokuju neugodne mirise<br \/>\n CE certificirani D3O\u00ae ulo\u017eak za izvrsnu za\u0161titu od udara<br \/>\n Ispunjava zahtjeve CE standarda EN1621-1, razina 1, sa ili bez tvrde ljuske.<\/p>\n<p>Sastav: 20% najlon, 40% SBR, 30% PU, 5% poliester, 5% elastan.<\/p>\n","protected":false},"excerpt":{"rendered":"<p>Na\u0161a najbolja za\u0161tita, koja kombinira udobnost i mobilnost, savr\u0161ena za sve avanture Za\u0161titite se od opasnosti&#8230;<\/p>\n","protected":false},"featured_media":31538,"comment_status":"open","ping_status":"open","template":"","meta":{"_acf_changed":false},"brand":[2738],"gender":[],"product_brand":[],"product_cat":[2733],"product_tag":[],"class_list":{"0":"post-132295","1":"product","2":"type-product","3":"status-publish","4":"has-post-thumbnail","6":"brand-fox-hr","7":"product_cat-oprema-za-motokros","8":"pa_size-l-hr","9":"pa_size-m-hr","11":"first","12":"instock","13":"sale","14":"taxable","15":"shipping-taxable","16":"purchasable","17":"product-type-variable"},"acf":[],"_links":{"self":[{"href":"https:\/\/moto-oprema.com\/hr\/wp-json\/wp\/v2\/product\/132295","targetHints":{"allow":["GET"]}}],"collection":[{"href":"https:\/\/moto-oprema.com\/hr\/wp-json\/wp\/v2\/product"}],"about":[{"href":"https:\/\/moto-oprema.com\/hr\/wp-json\/wp\/v2\/types\/product"}],"replies":[{"embeddable":true,"href":"https:\/\/moto-oprema.com\/hr\/wp-json\/wp\/v2\/comments?post=132295"}],"wp:featuredmedia":[{"embeddable":true,"href":"https:\/\/moto-oprema.com\/hr\/wp-json\/wp\/v2\/media\/31538"}],"wp:attachment":[{"href":"https:\/\/moto-oprema.com\/hr\/wp-json\/wp\/v2\/media?parent=132295"}],"wp:term":[{"taxonomy":"brand","embeddable":true,"href":"https:\/\/moto-oprema.com\/hr\/wp-json\/wp\/v2\/brand?post=132295"},{"taxonomy":"gender","embeddable":true,"href":"https:\/\/moto-oprema.com\/hr\/wp-json\/wp\/v2\/gender?post=132295"},{"taxonomy":"product_brand","embeddable":true,"href":"https:\/\/moto-oprema.com\/hr\/wp-json\/wp\/v2\/product_brand?post=132295"},{"taxonomy":"product_cat","embeddable":true,"href":"https:\/\/moto-oprema.com\/hr\/wp-json\/wp\/v2\/product_cat?post=132295"},{"taxonomy":"product_tag","embeddable":true,"href":"https:\/\/moto-oprema.com\/hr\/wp-json\/wp\/v2\/product_tag?post=132295"}],"curies":[{"name":"wp","href":"https:\/\/api.w.org\/{rel}","templated":true}]}}