{"id":132290,"date":"2024-10-17T07:28:54","date_gmt":"2024-10-17T07:28:54","guid":{"rendered":"https:\/\/moto-oprema.com\/Artikel\/cipele-alpinestars-meta-xr-v2-crvene\/"},"modified":"2024-10-17T07:28:54","modified_gmt":"2024-10-17T07:28:54","slug":"cipele-alpinestars-meta-xr-v2-crvene","status":"publish","type":"product","link":"https:\/\/moto-oprema.com\/hr\/Artikel\/cipele-alpinestars-meta-xr-v2-crvene\/","title":{"rendered":"CIPELE ALPINESTARS META XR V2 CRVENE"},"content":{"rendered":"<p>Meta XR v2 je anatomski dizajnirana trail cipela za cjelodnevnu udobnost, s jednodijelnim mre\u017eastim gornji\u0161tem koje osigurava minimalnu upotrebu materijala i visoku razinu protoka zraka, ventilacije i prozra\u010dnosti.<br \/>\nRobusni gumeni potplat tako\u0111er ima namjenski dizajn za vrhunsko prianjanje na prljavim povr\u0161inama i otporan je na ulje za optimizirane razine performansi.<br \/>\nDizajniran za pru\u017eanje iznimne cjelodnevne udobnosti na svim vrstama terena.<br \/>\nPotplat je anatomski optimiziran kako bi pru\u017eio visoku razinu udobnosti, potpore i amortizacije, \u0161to ga \u010dini idealnim za povremeno tr\u010danje po stazama.<br \/>\nLagana, minimalisti\u010dka konstrukcija s tankim tekstilom i mekim TPU jezikom pru\u017ea prianjanje poput rukavice, \u0161to u kombinaciji s bo\u010dnom plo\u010dom pru\u017ea ve\u0107u stabilnost i za\u0161titu stopala.<br \/>\nOmota\u010d srednje stijenke \u010dvrsto pri\u010dvr\u0161\u0107uje stopalo, pru\u017eaju\u0107i optimalnu stabilnost i udobnost<br \/>\n Visoko fleksibilni EVA ulo\u017eak nalazi se u glavnom me\u0111upotplatu ispod pete, pru\u017eaju\u0107i dugotrajnu meko\u0107u.<br \/>\nOpremljene uklonjivim OrthoLite\u00ae ulo\u0161kom s PU sastavom otvorenih \u0107elija za visoku razinu prozra\u010dnosti i vrhunsku ukupnu udobnost, uz smanjenje pregrijavanja i iznimnu izdr\u017eljivost.<br \/>\nStrate\u0161ki postavljena TPU oja\u010danja na prstima daju cipeli vi\u0161e strukture i stabilnosti, a istovremeno pru\u017eaju dodatnu otpornost na habanje.<br \/>\n Stra\u017enji ulo\u017eak izra\u0111en od TPR materijala pru\u017ea za\u0161titu pete od udaraca, a istovremeno pove\u0107ava stabilnost. <\/p>\n<div id=\"z6maec\" class=\"tw-ta-container tw-nfl\">\n<p id=\"tw-target-rmn\" class=\"tw-data-placeholder tw-text-small tw-ta\" dir=\"ltr\" style=\"text-align: left\">\n<\/div>\n","protected":false},"excerpt":{"rendered":"<p>Meta XR v2 je anatomski dizajnirana trail cipela za cjelodnevnu udobnost, s jednodijelnim mre\u017eastim gornji\u0161tem koje&#8230;<\/p>\n","protected":false},"featured_media":31441,"comment_status":"open","ping_status":"closed","template":"","meta":{"_acf_changed":false},"brand":[2748],"gender":[],"product_brand":[],"product_cat":[2917,2829],"product_tag":[],"class_list":{"0":"post-132290","1":"product","2":"type-product","3":"status-publish","4":"has-post-thumbnail","6":"brand-alpinestars-hr","7":"product_cat-cipele","8":"product_cat-lezerna-odjeca","9":"pa_velikost-skornji-us-1043-hr","10":"pa_velikost-skornji-us-2782","11":"pa_velikost-skornji-us-1144-hr","12":"pa_velikost-skornji-us-2773","13":"pa_velikost-skornji-us-2774","14":"pa_velikost-skornji-us-2775","15":"pa_velikost-skornji-us-1347-hr","16":"pa_velikost-skornji-us-1448-hr","17":"pa_velikost-skornji-us-2777","18":"pa_velikost-skornji-us-638-hr","19":"pa_velikost-skornji-us-739-hr","20":"pa_velikost-skornji-us-2783","21":"pa_velikost-skornji-us-942-hr","23":"first","24":"instock","25":"sale","26":"taxable","27":"shipping-taxable","28":"purchasable","29":"product-type-variable"},"acf":[],"_links":{"self":[{"href":"https:\/\/moto-oprema.com\/hr\/wp-json\/wp\/v2\/product\/132290","targetHints":{"allow":["GET"]}}],"collection":[{"href":"https:\/\/moto-oprema.com\/hr\/wp-json\/wp\/v2\/product"}],"about":[{"href":"https:\/\/moto-oprema.com\/hr\/wp-json\/wp\/v2\/types\/product"}],"replies":[{"embeddable":true,"href":"https:\/\/moto-oprema.com\/hr\/wp-json\/wp\/v2\/comments?post=132290"}],"wp:featuredmedia":[{"embeddable":true,"href":"https:\/\/moto-oprema.com\/hr\/wp-json\/wp\/v2\/media\/31441"}],"wp:attachment":[{"href":"https:\/\/moto-oprema.com\/hr\/wp-json\/wp\/v2\/media?parent=132290"}],"wp:term":[{"taxonomy":"brand","embeddable":true,"href":"https:\/\/moto-oprema.com\/hr\/wp-json\/wp\/v2\/brand?post=132290"},{"taxonomy":"gender","embeddable":true,"href":"https:\/\/moto-oprema.com\/hr\/wp-json\/wp\/v2\/gender?post=132290"},{"taxonomy":"product_brand","embeddable":true,"href":"https:\/\/moto-oprema.com\/hr\/wp-json\/wp\/v2\/product_brand?post=132290"},{"taxonomy":"product_cat","embeddable":true,"href":"https:\/\/moto-oprema.com\/hr\/wp-json\/wp\/v2\/product_cat?post=132290"},{"taxonomy":"product_tag","embeddable":true,"href":"https:\/\/moto-oprema.com\/hr\/wp-json\/wp\/v2\/product_tag?post=132290"}],"curies":[{"name":"wp","href":"https:\/\/api.w.org\/{rel}","templated":true}]}}