{"id":132271,"date":"2024-10-18T07:03:32","date_gmt":"2024-10-18T07:03:32","guid":{"rendered":"https:\/\/moto-oprema.com\/Artikel\/alpinestars-supertech-rk-10-stitnik-za-koljeno-crn\/"},"modified":"2024-10-18T07:03:32","modified_gmt":"2024-10-18T07:03:32","slug":"alpinestars-supertech-rk-10-stitnik-za-koljeno-crn","status":"publish","type":"product","link":"https:\/\/moto-oprema.com\/hr\/Artikel\/alpinestars-supertech-rk-10-stitnik-za-koljeno-crn\/","title":{"rendered":"ALPINESTARS SUPERTECH RK-10 \u0160TITNIK ZA KOLJENO CRN"},"content":{"rendered":"<p>S kompaktnim, niskoprofilnim dizajnom koji pru\u017ea vrhunske terenske performanse tijekom dinami\u010dnog kretanja, Supertech RK-10 koljeno je konstruirano kako bi pru\u017eilo najvi\u0161u razinu potpore koljenu. RK-10 je ultra lagan, ultra prozra\u010dan, ultra udoban i ultra za\u0161titni, s plutaju\u0107im Nucleon Plasma \u0161titnikom za koljeno ugra\u0111enim u inovativnu asimetri\u010dnu konstrukciju okvira od kovanih karbonskih vlakana koja pru\u017ea najvi\u0161u razinu krutosti i vrhunske zna\u010dajke u\u0161tede te\u017eine.<br \/>\nRazvijen uz povratne informacije profesionalnih MX voza\u010da, ovaj okvir od 34 karbonskih vlakana dizajniran je za optimalnu ravnote\u017eu fleksibilnosti i krutosti kako bi pru\u017eio najvi\u0161u razinu udobnosti i potpore za voza\u010da, a istovremeno smanjuje rizik od ozljeda medijalnih i lateralnih kolateralnih ligamenata, prednjih i stra\u017enjih kri\u017enih ligamenata te lateralnog i medijalnog meniskusa.<br \/>\nGeometrija ovog okvira precizno je dizajnirana kori\u0161tenjem bezbrojnih 3D skeniranja profesionalnih sporta\u0161a kako bi se osigurao optimalni unutarnji volumen i precizna \u0161irina \u0161arnira za maksimalnu udobnost tijekom kori\u0161tenja.<br \/>\nVrhovi gornjeg i donjeg okvira imaju inovativnu meku i fleksibilnu konstrukciju s glatkim prijelazom koji sprje\u010dava izravan kontakt tvrdih rubova okvira od karbonskih vlakana s ko\u017eom.<br \/>\nZamjenjive \u010da\u0161ice za koljena izra\u0111ene su od vanjske poliuretanske ljuske s podlogom od za\u0161titnog sloja Nucleon Plasma za optimalnu kombinaciju za\u0161tite od udaraca, fleksibilnosti i otpornosti na ogrebotine.<br \/>\nStrate\u0161ki postavljeni gornji i donji ekstenzije koljena pru\u017eaju maksimalnu pokrivenost bez obzira na kut fleksije ili ekstenzije.<br \/>\nIznimno stabilan, kompaktan, niskoprofilni sustav \u0161arnira s \u010detiri to\u010dke savr\u0161eno prati artikulaciju koljena, dok grani\u010dnici ekstenzije, dostupni u rasponu od 0 do 30 stupnjeva, poma\u017eu u pode\u0161avanju ortoze na \u017eeljeni maksimalni kut otvaranja.<br \/>\nZamjenjivi poklopci \u0161arki besprijekorno prelaze sa \u0161arki na okvir, u\u010dinkovito eliminiraju\u0107i sve korake u konstrukciji kako bi se sprije\u010dila mogu\u0107nost zapinjanja materijala.<br \/>\nNucleon Plasma je visoko elasti\u010dan materijal izra\u0111en od biopolimera i oblikovan u strukturu koja se savija u svim smjerovima, a istovremeno zadr\u017eava sposobnost raspr\u0161ivanja energije udara. Lagani i dobro prozra\u010deni \u0161titnik za koljena pru\u017ea sna\u017eno raspr\u0161ivanje i apsorpciju sile udara, a istovremeno pru\u017ea maksimalnu pokrivenost u svim polo\u017eajima vo\u017enje. <\/p>\n<p>USDA certificirani ekolo\u0161ki prihvatljiv i odr\u017eivi bio-bazirani materijal za apsorpciju udara.<br \/>\n Mekana, neklizaju\u0107a neoprenska podstava pru\u017ea najvi\u0161u razinu udobnosti za voza\u010da, a istovremeno dr\u017ei \u0161titnik za koljena sigurno na mjestu. Zamjenjiv kao rezervni dio.<br \/>\n Mekana neoprenska podloga za kondile dodatno sprje\u010dava klizanje koljenaste ortoza i dostupna je u razli\u010ditim debljinama za prilago\u0111eno pristajanje. <\/p>\n<p>Zamjenjivo kao rezervni dio.<br \/>\nX-trake su profilirane tako da ne pritiskaju stra\u017enji dio koljena kada je potpuno savijeno.<br \/>\nNukleonska plazma ugra\u0111ena u \u0161titnike za potkoljenice za dodatnu za\u0161titu.<br \/>\nNeprianjaju\u0107i jastu\u010di\u0107i za gornji i donji dio koljena za sprje\u010davanje trenja.<br \/>\nKop\u010de visoke vla\u010dne \u010dvrsto\u0107e su robusne, ali i dalje fleksibilne za jednostavno pri\u010dvr\u0161\u0107ivanje i pode\u0161avanje.<br \/>\nSredi\u0161nje kop\u010de na unutarnjim koljenima nalaze se unutar okvira kako bi se izbjegao kontakt s biciklom.<br \/>\nOrtoza za koljeno RK-10 dostupna je u \u010detiri veli\u010dine (S, M, L i XL) za prilago\u0111enije i sigurnije pristajanje.<br \/>\n\u0160titnik za koljena: EN 1621-1:2012 RAZINA 1.<\/p>\n<p>&nbsp;<\/p>\n","protected":false},"excerpt":{"rendered":"<p>S kompaktnim, niskoprofilnim dizajnom koji pru\u017ea vrhunske terenske performanse tijekom dinami\u010dnog kretanja, Supertech RK-10 koljeno je&#8230;<\/p>\n","protected":false},"featured_media":31526,"comment_status":"open","ping_status":"closed","template":"","meta":{"_acf_changed":false},"brand":[2748],"gender":[],"product_brand":[],"product_cat":[1356,2733],"product_tag":[],"class_list":{"0":"post-132271","1":"product","2":"type-product","3":"status-publish","4":"has-post-thumbnail","6":"brand-alpinestars-hr","7":"product_cat-motociklisticka-oprema","8":"product_cat-oprema-za-motokros","9":"pa_size-l-hr","10":"pa_size-m-hr","11":"pa_size-s-hr","12":"pa_size-xl-hr","14":"first","15":"instock","16":"sale","17":"taxable","18":"shipping-taxable","19":"purchasable","20":"product-type-variable"},"acf":[],"_links":{"self":[{"href":"https:\/\/moto-oprema.com\/hr\/wp-json\/wp\/v2\/product\/132271","targetHints":{"allow":["GET"]}}],"collection":[{"href":"https:\/\/moto-oprema.com\/hr\/wp-json\/wp\/v2\/product"}],"about":[{"href":"https:\/\/moto-oprema.com\/hr\/wp-json\/wp\/v2\/types\/product"}],"replies":[{"embeddable":true,"href":"https:\/\/moto-oprema.com\/hr\/wp-json\/wp\/v2\/comments?post=132271"}],"wp:featuredmedia":[{"embeddable":true,"href":"https:\/\/moto-oprema.com\/hr\/wp-json\/wp\/v2\/media\/31526"}],"wp:attachment":[{"href":"https:\/\/moto-oprema.com\/hr\/wp-json\/wp\/v2\/media?parent=132271"}],"wp:term":[{"taxonomy":"brand","embeddable":true,"href":"https:\/\/moto-oprema.com\/hr\/wp-json\/wp\/v2\/brand?post=132271"},{"taxonomy":"gender","embeddable":true,"href":"https:\/\/moto-oprema.com\/hr\/wp-json\/wp\/v2\/gender?post=132271"},{"taxonomy":"product_brand","embeddable":true,"href":"https:\/\/moto-oprema.com\/hr\/wp-json\/wp\/v2\/product_brand?post=132271"},{"taxonomy":"product_cat","embeddable":true,"href":"https:\/\/moto-oprema.com\/hr\/wp-json\/wp\/v2\/product_cat?post=132271"},{"taxonomy":"product_tag","embeddable":true,"href":"https:\/\/moto-oprema.com\/hr\/wp-json\/wp\/v2\/product_tag?post=132271"}],"curies":[{"name":"wp","href":"https:\/\/api.w.org\/{rel}","templated":true}]}}