{"id":132235,"date":"2024-10-16T07:36:11","date_gmt":"2024-10-16T07:36:11","guid":{"rendered":"https:\/\/moto-oprema.com\/Artikel\/fox-enduro-dres-ranger-off-road-crno-sivi\/"},"modified":"2024-10-16T07:36:11","modified_gmt":"2024-10-16T07:36:11","slug":"fox-enduro-dres-ranger-off-road-crno-sivi","status":"publish","type":"product","link":"https:\/\/moto-oprema.com\/hr\/Artikel\/fox-enduro-dres-ranger-off-road-crno-sivi\/","title":{"rendered":"FOX ENDURO DRES RANGER OFF ROAD CRNO-SIVI"},"content":{"rendered":"<p>FOX Enduro dres Ranger Off Road je izdr\u017eljivi dres za terensku vo\u017enju s glavnom tkaninom koja odvodi vlagu i izdr\u017eljivim, rastezljivim tkanim rukavima.<\/p>\n<p>Drirelease\u00ae glavni dio koji odvodi vlagu odvodi znoj s tijela i su\u0161i se 4 puta br\u017ee od tradicionalnog pamuka. Prethodno zakrivljeni rukavi stvaraju prirodni &#8220;Rider Attack Position (RAP\u2122)&#8221; za pobolj\u0161ano ergonomsko pristajanje na biciklu. Izdr\u017eljivi, rastezljivi tkani paneli rukava pobolj\u0161avaju otpornost na habanje. Ventilirana mre\u017ea ispod pazuha i le\u0111a za pobolj\u0161anu prozra\u010dnost i cirkulaciju zraka. Dizajn s lijepljenim ovratnikom pru\u017ea vrhunsku udobnost. Spu\u0161teni dizajn le\u0111a dr\u017ei dres sigurno uvu\u010den u hla\u010de. Sublimirana grafika za dugotrajnu estetiku.      <\/p>\n<p>Materijal: 86% poliester, 10% pamuk, 4% elastan<\/p>\n","protected":false},"excerpt":{"rendered":"<p>Fox Enduro Ranger Off Road dres.<\/p>\n","protected":false},"featured_media":31410,"comment_status":"open","ping_status":"closed","template":"","meta":{"_acf_changed":false},"brand":[2738],"gender":[],"product_brand":[],"product_cat":[2746,2733],"product_tag":[],"class_list":{"0":"post-132235","1":"product","2":"type-product","3":"status-publish","4":"has-post-thumbnail","6":"brand-fox-hr","7":"product_cat-mx-dresovi","8":"product_cat-oprema-za-motokros","9":"pa_size-l-hr","10":"pa_size-m-hr","11":"pa_size-xl-hr","12":"pa_size-xxl-hr","13":"pa_size-xxxl-hr","15":"first","16":"instock","17":"taxable","18":"shipping-taxable","19":"purchasable","20":"product-type-variable"},"acf":[],"_links":{"self":[{"href":"https:\/\/moto-oprema.com\/hr\/wp-json\/wp\/v2\/product\/132235","targetHints":{"allow":["GET"]}}],"collection":[{"href":"https:\/\/moto-oprema.com\/hr\/wp-json\/wp\/v2\/product"}],"about":[{"href":"https:\/\/moto-oprema.com\/hr\/wp-json\/wp\/v2\/types\/product"}],"replies":[{"embeddable":true,"href":"https:\/\/moto-oprema.com\/hr\/wp-json\/wp\/v2\/comments?post=132235"}],"wp:featuredmedia":[{"embeddable":true,"href":"https:\/\/moto-oprema.com\/hr\/wp-json\/wp\/v2\/media\/31410"}],"wp:attachment":[{"href":"https:\/\/moto-oprema.com\/hr\/wp-json\/wp\/v2\/media?parent=132235"}],"wp:term":[{"taxonomy":"brand","embeddable":true,"href":"https:\/\/moto-oprema.com\/hr\/wp-json\/wp\/v2\/brand?post=132235"},{"taxonomy":"gender","embeddable":true,"href":"https:\/\/moto-oprema.com\/hr\/wp-json\/wp\/v2\/gender?post=132235"},{"taxonomy":"product_brand","embeddable":true,"href":"https:\/\/moto-oprema.com\/hr\/wp-json\/wp\/v2\/product_brand?post=132235"},{"taxonomy":"product_cat","embeddable":true,"href":"https:\/\/moto-oprema.com\/hr\/wp-json\/wp\/v2\/product_cat?post=132235"},{"taxonomy":"product_tag","embeddable":true,"href":"https:\/\/moto-oprema.com\/hr\/wp-json\/wp\/v2\/product_tag?post=132235"}],"curies":[{"name":"wp","href":"https:\/\/api.w.org\/{rel}","templated":true}]}}