{"id":132197,"date":"2024-10-14T07:46:10","date_gmt":"2024-10-14T07:46:10","guid":{"rendered":"https:\/\/moto-oprema.com\/Artikel\/dres-fox-180-mx-lean-crno-bijeli\/"},"modified":"2024-10-14T07:46:10","modified_gmt":"2024-10-14T07:46:10","slug":"dres-fox-180-mx-lean-crno-bijeli","status":"publish","type":"product","link":"https:\/\/moto-oprema.com\/hr\/Artikel\/dres-fox-180-mx-lean-crno-bijeli\/","title":{"rendered":"DRES FOX 180 MX LEAN CRNO-BIJELI"},"content":{"rendered":"<p>FOX 180 Motokros dres<\/p>\n<p>Dres 180 Lean nudi sve bitne zna\u010dajke za MX utrke. Prelazak s po\u010detnika na iskusnog veterana nije lak zadatak. Trka\u0107a odje\u0107a 180 razvijena je kako bi zadovoljila potrebe voza\u010da svih razina. Osnovna tkanina dresa 180, izra\u0111ena od tkanine koja odvodi vlagu s prozra\u010dnim mre\u017eastim panelima, odr\u017eava vas hladnima i suhima.   <\/p>\n<p>Zna\u010dajke:<\/p>\n<p>Tkanina koja odvodi vlagu osigurava suhu udobnost<br \/>\n Mekana tkanina za udobno i lagano pristajanje<br \/>\n Mre\u017easti ventilacijski paneli za pove\u0107anu prozra\u010dnost i cirkulaciju zraka<br \/>\n Mre\u017easti ovratnik i man\u017eete za optimalno pristajanje i udobnost<br \/>\n Obojene ili sublimirane grafi\u010dke plo\u010de za svestran i dinami\u010dan dizajn boja<br \/>\n Produ\u017eeni rub u obliku spu\u0161tenog repa za optimalno prianjanje ko\u0161ulje uz hla\u010de<\/p>\n<p>Sastav sirovine: 100% poliester<\/p>\n","protected":false},"excerpt":{"rendered":"<p>FOX 180 Motokros dres Dres 180 Lean nudi sve bitne zna\u010dajke za MX utrke. Prelazak s&#8230;<\/p>\n","protected":false},"featured_media":31335,"comment_status":"open","ping_status":"open","template":"","meta":{"_acf_changed":false},"brand":[2738],"gender":[],"product_brand":[],"product_cat":[2746,2733],"product_tag":[],"class_list":{"0":"post-132197","1":"product","2":"type-product","3":"status-publish","4":"has-post-thumbnail","6":"brand-fox-hr","7":"product_cat-mx-dresovi","8":"product_cat-oprema-za-motokros","9":"pa_size-l-hr","10":"pa_size-m-hr","11":"pa_size-s-hr","12":"pa_size-xl-hr","13":"pa_size-xxl-hr","15":"first","16":"instock","17":"sale","18":"taxable","19":"shipping-taxable","20":"purchasable","21":"product-type-variable"},"acf":[],"_links":{"self":[{"href":"https:\/\/moto-oprema.com\/hr\/wp-json\/wp\/v2\/product\/132197","targetHints":{"allow":["GET"]}}],"collection":[{"href":"https:\/\/moto-oprema.com\/hr\/wp-json\/wp\/v2\/product"}],"about":[{"href":"https:\/\/moto-oprema.com\/hr\/wp-json\/wp\/v2\/types\/product"}],"replies":[{"embeddable":true,"href":"https:\/\/moto-oprema.com\/hr\/wp-json\/wp\/v2\/comments?post=132197"}],"wp:featuredmedia":[{"embeddable":true,"href":"https:\/\/moto-oprema.com\/hr\/wp-json\/wp\/v2\/media\/31335"}],"wp:attachment":[{"href":"https:\/\/moto-oprema.com\/hr\/wp-json\/wp\/v2\/media?parent=132197"}],"wp:term":[{"taxonomy":"brand","embeddable":true,"href":"https:\/\/moto-oprema.com\/hr\/wp-json\/wp\/v2\/brand?post=132197"},{"taxonomy":"gender","embeddable":true,"href":"https:\/\/moto-oprema.com\/hr\/wp-json\/wp\/v2\/gender?post=132197"},{"taxonomy":"product_brand","embeddable":true,"href":"https:\/\/moto-oprema.com\/hr\/wp-json\/wp\/v2\/product_brand?post=132197"},{"taxonomy":"product_cat","embeddable":true,"href":"https:\/\/moto-oprema.com\/hr\/wp-json\/wp\/v2\/product_cat?post=132197"},{"taxonomy":"product_tag","embeddable":true,"href":"https:\/\/moto-oprema.com\/hr\/wp-json\/wp\/v2\/product_tag?post=132197"}],"curies":[{"name":"wp","href":"https:\/\/api.w.org\/{rel}","templated":true}]}}