{"id":132173,"date":"2024-10-14T08:06:42","date_gmt":"2024-10-14T08:06:42","guid":{"rendered":"https:\/\/moto-oprema.com\/Artikel\/fox-180-mx-zenske-utrkace-hlace-tamnoljubicaste\/"},"modified":"2024-10-14T08:06:42","modified_gmt":"2024-10-14T08:06:42","slug":"fox-180-mx-zenske-utrkace-hlace-tamnoljubicaste","status":"publish","type":"product","link":"https:\/\/moto-oprema.com\/hr\/Artikel\/fox-180-mx-zenske-utrkace-hlace-tamnoljubicaste\/","title":{"rendered":"FOX 180 MX \u017dENSKE UTRKA\u0106E HLA\u010cE TAMNOLJUBI\u010cASTE"},"content":{"rendered":"<p>\u017denske motokros hla\u010de FOX 180 Race Spec idealan su izbor za kori\u0161tenje na va\u0161em motokros motoru. Prijelaz od po\u010detnika do iskusnog profesionalca nije lak zadatak. Odje\u0107a za motokros 180 razvijena je kako bi podr\u017eala ove natjecatelje.  <\/p>\n<p>Hla\u010de 180 imaju FOX Rider Attack Position (RAP\u2122) tehnologiju za pove\u0107anu udobnost i optimalno pristajanje u polo\u017eaju vo\u017enje. Ovaj artikulirani kroj, u kombinaciji s TruMotion\u00ae rastezljivim panelima, omogu\u0107uje fleksibilnost i prirodnije kretanje na biciklu. Radi trajnosti, hla\u010de su izra\u0111ene od izdr\u017eljivog 600D poliestera na glavnom dijelu. Ko\u017eni umeci otporni na toplinu i habanje na obje noge pru\u017eaju dodatno oja\u010danje na najkriti\u010dnijim podru\u010djima habanja.   <\/p>\n<p>Vanjski materijal: 83% poliester, 12% poliamid najlon, 4% kravlja ko\u017ea, 1% elastan<\/p>\n","protected":false},"excerpt":{"rendered":"<p>\u017denske motokros hla\u010de FOX 180 Race Spec idealan su izbor za kori\u0161tenje na va\u0161em motokros motoru&#8230;.<\/p>\n","protected":false},"featured_media":31360,"comment_status":"open","ping_status":"open","template":"","meta":{"_acf_changed":false},"brand":[2738],"gender":[],"product_brand":[],"product_cat":[2737,2733],"product_tag":[],"class_list":{"0":"post-132173","1":"product","2":"type-product","3":"status-publish","4":"has-post-thumbnail","6":"brand-fox-hr","7":"product_cat-mx-hlace-hr","8":"product_cat-oprema-za-motokros","9":"pa_size-36-hr","10":"pa_size-38-hr","11":"pa_size-40-hr","12":"pa_size-42-hr","13":"pa_size-44-hr","15":"first","16":"instock","17":"taxable","18":"shipping-taxable","19":"purchasable","20":"product-type-variable"},"acf":[],"_links":{"self":[{"href":"https:\/\/moto-oprema.com\/hr\/wp-json\/wp\/v2\/product\/132173","targetHints":{"allow":["GET"]}}],"collection":[{"href":"https:\/\/moto-oprema.com\/hr\/wp-json\/wp\/v2\/product"}],"about":[{"href":"https:\/\/moto-oprema.com\/hr\/wp-json\/wp\/v2\/types\/product"}],"replies":[{"embeddable":true,"href":"https:\/\/moto-oprema.com\/hr\/wp-json\/wp\/v2\/comments?post=132173"}],"wp:featuredmedia":[{"embeddable":true,"href":"https:\/\/moto-oprema.com\/hr\/wp-json\/wp\/v2\/media\/31360"}],"wp:attachment":[{"href":"https:\/\/moto-oprema.com\/hr\/wp-json\/wp\/v2\/media?parent=132173"}],"wp:term":[{"taxonomy":"brand","embeddable":true,"href":"https:\/\/moto-oprema.com\/hr\/wp-json\/wp\/v2\/brand?post=132173"},{"taxonomy":"gender","embeddable":true,"href":"https:\/\/moto-oprema.com\/hr\/wp-json\/wp\/v2\/gender?post=132173"},{"taxonomy":"product_brand","embeddable":true,"href":"https:\/\/moto-oprema.com\/hr\/wp-json\/wp\/v2\/product_brand?post=132173"},{"taxonomy":"product_cat","embeddable":true,"href":"https:\/\/moto-oprema.com\/hr\/wp-json\/wp\/v2\/product_cat?post=132173"},{"taxonomy":"product_tag","embeddable":true,"href":"https:\/\/moto-oprema.com\/hr\/wp-json\/wp\/v2\/product_tag?post=132173"}],"curies":[{"name":"wp","href":"https:\/\/api.w.org\/{rel}","templated":true}]}}