{"id":132133,"date":"2024-11-22T09:14:15","date_gmt":"2024-11-22T09:14:15","guid":{"rendered":"https:\/\/moto-oprema.com\/Artikel\/leatt-adv-jakna-multitour-7-5-desert\/"},"modified":"2024-11-22T09:14:15","modified_gmt":"2024-11-22T09:14:15","slug":"leatt-adv-jakna-multitour-7-5-desert","status":"publish","type":"product","link":"https:\/\/moto-oprema.com\/hr\/Artikel\/leatt-adv-jakna-multitour-7-5-desert\/","title":{"rendered":"LEATT ADV JAKNA MULTITOUR 7.5 DESERT"},"content":{"rendered":"<p>Leatt ADV Multitour 7.5 sa za\u0161titom od udara je robusna jakna za sva godi\u0161nja doba. Opremljena za\u0161titom za le\u0111a (EN1621-2 razina 2), za\u0161titom za laktove i ramena (EN1621-1 razina 2) i za\u0161titom za prsa (EN1621-3 razina 1), pru\u017ea visoku razinu sigurnosti. Zahvaljuju\u0107i laganom, prozra\u010dnom vanjskom sloju, uklonjivoj termalnoj podstavi i uklonjivoj vodootpornoj HydraDri MAX podstavi, mo\u017ee se nositi na \u0161est razli\u010ditih na\u010dina. Unutarnji i vanjski slojevi mogu se koristiti zasebno kao lagane jakne koje su izolirane ili vodootporne. Vodeni stupac je 30 000 mm\/m\u00b2, a prozra\u010dnost je 30 000 g\/m\u00b2. To zna\u010di da se jakna prilago\u0111ava svakoj promjeni vremena, a vi mo\u017eete sigurno i udobno nastaviti svoje putovanje. Leatt jakna ima puno prostora za pohranu s nekoliko d\u017eepova za male i velike predmete. Na stra\u017enjoj strani jakne mo\u017eete pohraniti do litru i pol teku\u0107ine. Crijevo je provedeno kroz jaknu i \u010dvrsto zatvoreno sprijeda. Testirano prema normi EN 17092-3-2020, klasa AA.<\/p>\n","protected":false},"excerpt":{"rendered":"<p>Leatt ADV Multitour 7.5 sa za\u0161titom od udara je robusna jakna za sva godi\u0161nja doba. Opremljena&#8230;<\/p>\n","protected":false},"featured_media":32060,"comment_status":"open","ping_status":"open","template":"","meta":{"_acf_changed":false},"brand":[2744],"gender":[1313],"product_brand":[],"product_cat":[2759,1356,2761],"product_tag":[],"class_list":{"0":"post-132133","1":"product","2":"type-product","3":"status-publish","4":"has-post-thumbnail","6":"brand-leatt-hr","7":"gender-moski","8":"product_cat-jakne-hr","9":"product_cat-motociklisticka-oprema","10":"product_cat-tekstilne-jakne-hr","11":"pa_size-2xl-hr","12":"pa_size-3xl-hr","13":"pa_size-4xl-hr","14":"pa_size-5xl-hr","15":"pa_size-l-hr","16":"pa_size-m-hr","17":"pa_size-s-hr","18":"pa_size-xl-hr","20":"first","21":"instock","22":"sale","23":"taxable","24":"shipping-taxable","25":"purchasable","26":"product-type-variable"},"acf":[],"_links":{"self":[{"href":"https:\/\/moto-oprema.com\/hr\/wp-json\/wp\/v2\/product\/132133","targetHints":{"allow":["GET"]}}],"collection":[{"href":"https:\/\/moto-oprema.com\/hr\/wp-json\/wp\/v2\/product"}],"about":[{"href":"https:\/\/moto-oprema.com\/hr\/wp-json\/wp\/v2\/types\/product"}],"replies":[{"embeddable":true,"href":"https:\/\/moto-oprema.com\/hr\/wp-json\/wp\/v2\/comments?post=132133"}],"wp:featuredmedia":[{"embeddable":true,"href":"https:\/\/moto-oprema.com\/hr\/wp-json\/wp\/v2\/media\/32060"}],"wp:attachment":[{"href":"https:\/\/moto-oprema.com\/hr\/wp-json\/wp\/v2\/media?parent=132133"}],"wp:term":[{"taxonomy":"brand","embeddable":true,"href":"https:\/\/moto-oprema.com\/hr\/wp-json\/wp\/v2\/brand?post=132133"},{"taxonomy":"gender","embeddable":true,"href":"https:\/\/moto-oprema.com\/hr\/wp-json\/wp\/v2\/gender?post=132133"},{"taxonomy":"product_brand","embeddable":true,"href":"https:\/\/moto-oprema.com\/hr\/wp-json\/wp\/v2\/product_brand?post=132133"},{"taxonomy":"product_cat","embeddable":true,"href":"https:\/\/moto-oprema.com\/hr\/wp-json\/wp\/v2\/product_cat?post=132133"},{"taxonomy":"product_tag","embeddable":true,"href":"https:\/\/moto-oprema.com\/hr\/wp-json\/wp\/v2\/product_tag?post=132133"}],"curies":[{"name":"wp","href":"https:\/\/api.w.org\/{rel}","templated":true}]}}