{"id":132120,"date":"2024-11-21T10:37:28","date_gmt":"2024-11-21T10:37:28","guid":{"rendered":"https:\/\/moto-oprema.com\/Artikel\/leatt-adv-dritour-7-5-kratke-hlace-s-kratkim-uzorkom\/"},"modified":"2024-11-21T10:37:28","modified_gmt":"2024-11-21T10:37:28","slug":"leatt-adv-dritour-7-5-kratke-hlace-s-kratkim-uzorkom","status":"publish","type":"product","link":"https:\/\/moto-oprema.com\/hr\/Artikel\/leatt-adv-dritour-7-5-kratke-hlace-s-kratkim-uzorkom\/","title":{"rendered":"LEATT ADV DRITOUR 7.5 KRATKE HLA\u010cE S KRATKIM UZORKOM"},"content":{"rendered":"<p>Robusne Leatt ADV DriTour 7.5 hla\u010de su neophodan komad opreme za sve vremenske uvjete. S direktno laminiranim HydraDri Dri+ vanjskim slojem za mokre vo\u017enje i uklonjivom termalnom podstavom za hladnije vo\u017enje, slu\u017ee dvostrukoj svrsi. YKK ventilacijski patentni zatvara\u010di na stra\u017enjoj strani osiguravaju izvrsnu cirkulaciju zraka. Hla\u010de su opremljene Leatt 3DF \u0161titnicima na koljenima i kukovima za pove\u0107anu sigurnost tijekom vo\u017enje.   <\/p>\n<p>Vodootporni d\u017eepovi za teret i d\u017eepovi za ruke na bokovima, opremljeni magnetskim preklopima, nude obilje prostora za pohranu. Za potpunu pokrivenost, hla\u010de su opremljene stra\u017enjim patentnim zatvara\u010dem za postavljanje jakne. Prednji sustav kop\u010di omogu\u0107uje precizno pode\u0161avanje pristajanja i osigurava maksimalnu udobnost na svakoj vo\u017enji. Dizajnirane da se nose preko \u010dizama, hla\u010de DriTour 7.5 prilago\u0111ene su ve\u0107im \u010dizmama i mogu se zatvoriti \u010dvrstim \u010di\u010dak trakama.<\/p>\n","protected":false},"excerpt":{"rendered":"<p>Robusne Leatt ADV DriTour 7.5 hla\u010de su neophodan komad opreme za sve vremenske uvjete. S direktno&#8230;<\/p>\n","protected":false},"featured_media":32002,"comment_status":"open","ping_status":"open","template":"","meta":{"_acf_changed":false},"brand":[2744],"gender":[1313],"product_brand":[],"product_cat":[2832,1356,2857],"product_tag":[],"class_list":{"0":"post-132120","1":"product","2":"type-product","3":"status-publish","4":"has-post-thumbnail","6":"brand-leatt-hr","7":"gender-moski","8":"product_cat-hlace-hr","9":"product_cat-motociklisticka-oprema","10":"product_cat-tekstilne-hlace-hr","11":"pa_size-2xl-hr","12":"pa_size-3xl-hr","13":"pa_size-l-hr","14":"pa_size-m-hr","15":"pa_size-s-hr","16":"pa_size-xl-hr","18":"first","19":"instock","20":"sale","21":"taxable","22":"shipping-taxable","23":"purchasable","24":"product-type-variable"},"acf":[],"_links":{"self":[{"href":"https:\/\/moto-oprema.com\/hr\/wp-json\/wp\/v2\/product\/132120","targetHints":{"allow":["GET"]}}],"collection":[{"href":"https:\/\/moto-oprema.com\/hr\/wp-json\/wp\/v2\/product"}],"about":[{"href":"https:\/\/moto-oprema.com\/hr\/wp-json\/wp\/v2\/types\/product"}],"replies":[{"embeddable":true,"href":"https:\/\/moto-oprema.com\/hr\/wp-json\/wp\/v2\/comments?post=132120"}],"wp:featuredmedia":[{"embeddable":true,"href":"https:\/\/moto-oprema.com\/hr\/wp-json\/wp\/v2\/media\/32002"}],"wp:attachment":[{"href":"https:\/\/moto-oprema.com\/hr\/wp-json\/wp\/v2\/media?parent=132120"}],"wp:term":[{"taxonomy":"brand","embeddable":true,"href":"https:\/\/moto-oprema.com\/hr\/wp-json\/wp\/v2\/brand?post=132120"},{"taxonomy":"gender","embeddable":true,"href":"https:\/\/moto-oprema.com\/hr\/wp-json\/wp\/v2\/gender?post=132120"},{"taxonomy":"product_brand","embeddable":true,"href":"https:\/\/moto-oprema.com\/hr\/wp-json\/wp\/v2\/product_brand?post=132120"},{"taxonomy":"product_cat","embeddable":true,"href":"https:\/\/moto-oprema.com\/hr\/wp-json\/wp\/v2\/product_cat?post=132120"},{"taxonomy":"product_tag","embeddable":true,"href":"https:\/\/moto-oprema.com\/hr\/wp-json\/wp\/v2\/product_tag?post=132120"}],"curies":[{"name":"wp","href":"https:\/\/api.w.org\/{rel}","templated":true}]}}