{"id":132046,"date":"2024-11-12T11:06:19","date_gmt":"2024-11-12T11:06:19","guid":{"rendered":"https:\/\/moto-oprema.com\/Artikel\/alpinestars-amt-10-drystar-xf-zimske-rukavice\/"},"modified":"2024-11-12T11:06:19","modified_gmt":"2024-11-12T11:06:19","slug":"alpinestars-amt-10-drystar-xf-zimske-rukavice","status":"publish","type":"product","link":"https:\/\/moto-oprema.com\/hr\/Artikel\/alpinestars-amt-10-drystar-xf-zimske-rukavice\/","title":{"rendered":"ALPINESTARS AMT-10 Drystar Xf ZIMSKE RUKAVICE"},"content":{"rendered":"<p>Alpinestars AMT-10 Drystar\u00ae XF zimske vodootporne motociklisti\u010dke rukavice<\/p>\n<p>Rukavice AMT-10 Drystar\u00aeXF s dugim man\u017eetama dizajnirane su kako bi pru\u017eile pobolj\u0161ani osje\u0107aj i osjetljivost pri upravljanju motociklom, a istovremeno nude visoku razinu za\u0161tite, rastezljivosti i fleksibilnosti. Rukavice su opremljene sa 133 g PrimaLoft\u00ae Gold izolacije za iznimnu toplinsku za\u0161titu u hladnim uvjetima i imaju zglobove u obliku mjehura za u\u010dinkovitu za\u0161titu od udara. <\/p>\n<p>Zna\u010dajke:<\/p>\n<p>Modularna laminirana Drystar\u00aeXF membrana pru\u017ea izvrsnu prozra\u010dnost. Ova membrana je opremljena hidrofilnom tehnologijom koja osigurava 100% vodootpornost, lako se pakira i brzo se su\u0161i.<br \/>\n Inovativna, prethodno oblikovana, be\u0161avna za\u0161tita zglobova pru\u017ea visoku razinu otpornosti na habanje i za\u0161titu od udaraca.<br \/>\n Dlan i nadlanica od kozje ko\u017ee za pobolj\u0161anu izdr\u017eljivost s ergonomskim uzorkom za optimiziran osje\u0107aj i fleksibilnost.<br \/>\n Be\u0161avna, prethodno oblikovana za\u0161tita zglobova osigurava minimalne \u0161avove i nenadma\u0161nu za\u0161titu za optimalnu udobnost voza\u010da.<br \/>\n Redizajnirani zglobovi pru\u017eaju za\u0161titu od udara razine 2, a istovremeno pru\u017eaju visoku razinu fleksibilnosti i slobode pokreta ruke.<br \/>\nARshield oja\u010danje sa strane ruke pru\u017ea dodatnu \u010dvrsto\u0107u i izdr\u017eljivost.<br \/>\nKo\u017ene man\u017eete za optimalno pristajanje i pove\u0107anu udobnost.<br \/>\nInovativni koncept iznad man\u017eeta za pove\u0107anu udobnost i optimalno pristajanje Alpinestars jaknama.<br \/>\nRastezljivi ulo\u017eak na dlanu za dodatnu udobnost na klju\u010dnim podru\u010djima.<br \/>\nAlpinestarsov most za prste ograni\u010dava kotrljanje prstiju i sprje\u010dava njihovo odvajanje u slu\u010daju pada.<br \/>\nPalac i vrh ka\u017eiprsta kompatibilni su sa zaslonima osjetljivim na dodir.<br \/>\nSastav sirovina: 49% kozja ko\u017ea, 33% poliamid, 12% poliester, 6% poliuretan; podstava: 85% poliester, 15% poliamid (sadr\u017ei netekstilne dijelove \u017eivotinjskog podrijetla)<\/p>\n","protected":false},"excerpt":{"rendered":"<p>Alpinestars AMT-10 Drystar\u00ae XF zimske vodootporne motociklisti\u010dke rukavice Rukavice AMT-10 Drystar\u00aeXF s dugim man\u017eetama dizajnirane su&#8230;<\/p>\n","protected":false},"featured_media":31861,"comment_status":"open","ping_status":"closed","template":"","meta":{"_acf_changed":false},"brand":[2748],"gender":[],"product_brand":[],"product_cat":[1356,2816,2822],"product_tag":[],"class_list":{"0":"post-132046","1":"product","2":"type-product","3":"status-publish","4":"has-post-thumbnail","6":"brand-alpinestars-hr","7":"product_cat-motociklisticka-oprema","8":"product_cat-rukavice","9":"product_cat-tekstilne-rukavice","10":"pa_velikost-rokovice-l-hr","11":"pa_velikost-rokovice-m-hr","12":"pa_velikost-rokovice-s-hr","13":"pa_velikost-rokovice-xl-hr","14":"pa_velikost-rokovice-xxl-hr","15":"pa_velikost-rokovice-xxxl-hr","17":"first","18":"instock","19":"sale","20":"taxable","21":"shipping-taxable","22":"purchasable","23":"product-type-variable"},"acf":[],"_links":{"self":[{"href":"https:\/\/moto-oprema.com\/hr\/wp-json\/wp\/v2\/product\/132046","targetHints":{"allow":["GET"]}}],"collection":[{"href":"https:\/\/moto-oprema.com\/hr\/wp-json\/wp\/v2\/product"}],"about":[{"href":"https:\/\/moto-oprema.com\/hr\/wp-json\/wp\/v2\/types\/product"}],"replies":[{"embeddable":true,"href":"https:\/\/moto-oprema.com\/hr\/wp-json\/wp\/v2\/comments?post=132046"}],"wp:featuredmedia":[{"embeddable":true,"href":"https:\/\/moto-oprema.com\/hr\/wp-json\/wp\/v2\/media\/31861"}],"wp:attachment":[{"href":"https:\/\/moto-oprema.com\/hr\/wp-json\/wp\/v2\/media?parent=132046"}],"wp:term":[{"taxonomy":"brand","embeddable":true,"href":"https:\/\/moto-oprema.com\/hr\/wp-json\/wp\/v2\/brand?post=132046"},{"taxonomy":"gender","embeddable":true,"href":"https:\/\/moto-oprema.com\/hr\/wp-json\/wp\/v2\/gender?post=132046"},{"taxonomy":"product_brand","embeddable":true,"href":"https:\/\/moto-oprema.com\/hr\/wp-json\/wp\/v2\/product_brand?post=132046"},{"taxonomy":"product_cat","embeddable":true,"href":"https:\/\/moto-oprema.com\/hr\/wp-json\/wp\/v2\/product_cat?post=132046"},{"taxonomy":"product_tag","embeddable":true,"href":"https:\/\/moto-oprema.com\/hr\/wp-json\/wp\/v2\/product_tag?post=132046"}],"curies":[{"name":"wp","href":"https:\/\/api.w.org\/{rel}","templated":true}]}}