{"id":131939,"date":"2024-11-04T09:42:03","date_gmt":"2024-11-04T09:42:03","guid":{"rendered":"https:\/\/moto-oprema.com\/Artikel\/hjc-kaciga-rpha12-diablo-blizzard\/"},"modified":"2024-11-04T09:42:03","modified_gmt":"2024-11-04T09:42:03","slug":"hjc-kaciga-rpha12-diablo-blizzard","status":"publish","type":"product","link":"https:\/\/moto-oprema.com\/hr\/Artikel\/hjc-kaciga-rpha12-diablo-blizzard\/","title":{"rendered":"HJC KACIGA RPHA12 DIABLO BLIZZARD"},"content":{"rendered":"<p>HJC RPHA12 DIABLO BLIZZARD &#8211; novi model popularne sportske kacige<\/p>\n<p>S izlaskom dugo o\u010dekivane ekspanzije za Diablo\u00ae IV tvrtke Blizzard Entertainment\u00ae, Vessel of Hatred\u2122, HJC i Blizzard udru\u017eili su snage kako bi stvorili potpuno novu grafiku za HJC-ovu RPHA 12, kacigu Diablo\u00ae. Ovaj vrhunski dizajn besprijekorno stapa mra\u010dnu i mo\u0107nu estetiku virtualnog svijeta sa stvarno\u0161\u0107u, osiguravaju\u0107i da \u0107e ova kaciga privla\u010diti poglede gdje god je nosite. <\/p>\n<p>Premium Integrated Matrix \/ PIM EVO: Oja\u010dani materijali, uklju\u010duju\u0107i hibrid ugljik-aramid i prirodna vlakna, pru\u017eaju bolje performanse u smislu otpornosti na udarce, ve\u0107e udobnosti i lako\u0107e kacige.<br \/>\nPinlock Ready HJ-42 VIZIR: Pru\u017ea 99% UV za\u0161titu, premaz otporan na ogrebotine; \u010cegrtaljka s dvosmjernim klinom osigurava glatko kretanje \u010degrtaljke i bolje dr\u017eanje.<br \/>\nAerodinami\u010dna struktura \u0161koljke za iznimne performanse pri najve\u0107im brzinama.<br \/>\nKomplet za hitne slu\u010dajeve (jastu\u010di\u0107i za obraze) za sigurno i brzo uklanjanje u hitnim situacijama.<br \/>\nVe\u0107i otvor za o\u010di pru\u017ea voza\u010du bolji periferni vid.<br \/>\nNapredna antibakterijska unutra\u0161njost osigurava pove\u0107anu prozra\u010dnost i brzo su\u0161enje.<br \/>\nUnutarnja \u0161koljka i jastu\u010di\u0107i za obraze mogu se ukloniti i prati.<br \/>\nStandardno je opremljen 2D prozirnim i tamnim vizirom, bravom, \u0161titnikom za bradu i deflektorom zraka.<br \/>\n4 veli\u010dine \u0161koljke: XS, S, ML, XL-2XL.<\/p>\n","protected":false},"excerpt":{"rendered":"<p>HJC RPHA 12 DIABLO BLIZZARD kaciga s punim licem &nbsp;<\/p>\n","protected":false},"featured_media":31726,"comment_status":"open","ping_status":"open","template":"","meta":{"_acf_changed":false},"brand":[2130],"gender":[],"product_brand":[],"product_cat":[1358,1356,1359],"product_tag":[],"class_list":{"0":"post-131939","1":"product","2":"type-product","3":"status-publish","4":"has-post-thumbnail","6":"brand-hjc-hr","7":"product_cat-kacige","8":"product_cat-motociklisticka-oprema","9":"product_cat-sastavni","10":"pa_size-l-hr","11":"pa_size-m-hr","12":"pa_size-s-hr","13":"pa_size-xl-hr","14":"pa_size-xs-hr","15":"pa_size-xxl-hr","16":"pa_size-xxs-hr","18":"first","19":"instock","20":"sale","21":"taxable","22":"shipping-taxable","23":"purchasable","24":"product-type-variable"},"acf":[],"_links":{"self":[{"href":"https:\/\/moto-oprema.com\/hr\/wp-json\/wp\/v2\/product\/131939","targetHints":{"allow":["GET"]}}],"collection":[{"href":"https:\/\/moto-oprema.com\/hr\/wp-json\/wp\/v2\/product"}],"about":[{"href":"https:\/\/moto-oprema.com\/hr\/wp-json\/wp\/v2\/types\/product"}],"replies":[{"embeddable":true,"href":"https:\/\/moto-oprema.com\/hr\/wp-json\/wp\/v2\/comments?post=131939"}],"wp:featuredmedia":[{"embeddable":true,"href":"https:\/\/moto-oprema.com\/hr\/wp-json\/wp\/v2\/media\/31726"}],"wp:attachment":[{"href":"https:\/\/moto-oprema.com\/hr\/wp-json\/wp\/v2\/media?parent=131939"}],"wp:term":[{"taxonomy":"brand","embeddable":true,"href":"https:\/\/moto-oprema.com\/hr\/wp-json\/wp\/v2\/brand?post=131939"},{"taxonomy":"gender","embeddable":true,"href":"https:\/\/moto-oprema.com\/hr\/wp-json\/wp\/v2\/gender?post=131939"},{"taxonomy":"product_brand","embeddable":true,"href":"https:\/\/moto-oprema.com\/hr\/wp-json\/wp\/v2\/product_brand?post=131939"},{"taxonomy":"product_cat","embeddable":true,"href":"https:\/\/moto-oprema.com\/hr\/wp-json\/wp\/v2\/product_cat?post=131939"},{"taxonomy":"product_tag","embeddable":true,"href":"https:\/\/moto-oprema.com\/hr\/wp-json\/wp\/v2\/product_tag?post=131939"}],"curies":[{"name":"wp","href":"https:\/\/api.w.org\/{rel}","templated":true}]}}