{"id":131922,"date":"2024-11-04T09:29:07","date_gmt":"2024-11-04T09:29:07","guid":{"rendered":"https:\/\/moto-oprema.com\/Artikel\/spidi-moto-lady-tajice-pro-2-hlace\/"},"modified":"2024-11-04T09:29:07","modified_gmt":"2024-11-04T09:29:07","slug":"spidi-moto-lady-tajice-pro-2-hlace","status":"publish","type":"product","link":"https:\/\/moto-oprema.com\/hr\/Artikel\/spidi-moto-lady-tajice-pro-2-hlace\/","title":{"rendered":"SPIDI MOTO LADY TAJICE PRO 2 HLA\u010cE"},"content":{"rendered":"<p>SPIDI ponovno izmi\u0161lja \u017eenske motociklisti\u010dke hla\u010de s Moto Leggings Pro 2, motociklisti\u010dkim hla\u010dama srednjeg struka izra\u0111enim od elasti\u010dne jednoslojne tkanine dizajnirane za za\u0161titu i udobnost. Ove hla\u010de srednjeg struka prianjaju \u010dvrsto. Moto Leggings Pro 2 certificirane su prema EN 17092:4 2020 klasi A i uklju\u010duju uklonjive \u0161titnike za koljena Warrior Lite s CE certifikatom. \u0160titnici za bokove Warrior Lite razine 2 dostupni su kao dodatak. Sastav pamuka i elastana \u010dini ih idealnim za upotrebu ljeti i na svim vrstama motocikala.    <\/p>\n<p>Zna\u010dajke:<\/p>\n<ul>\n<li>napravljen posebno za \u017eensku figuru<\/li>\n<li>elasti\u010dni model<\/li>\n<li>certificirano prema standardu <span style=\"color: #252525;font-family: Arial, Verdana, Helvetica;font-size: 12px;font-style: normal;font-weight: 400;letter-spacing: normal;text-align: left;text-indent: 0px;text-transform: none;background-color: #ffffff;float: none\">(UE)2016\/454<\/span> i OZO <span style=\"color: #252525;font-family: Arial, Verdana, Helvetica;font-size: 12px;font-style: normal;font-weight: 400;letter-spacing: normal;text-align: left;text-indent: 0px;text-transform: none;background-color: #ffffff;float: none\">(Pr En 17092-4:2017 Klasa A)<\/span><\/li>\n<li>uklonjivi \u0161titnik za koljena Warrior Lite certificiran prema <span style=\"color: #252525;font-family: Arial, Verdana, Helvetica;font-size: 12px;font-style: normal;font-weight: 400;letter-spacing: normal;text-align: left;text-indent: 0px;text-transform: none;background-color: #ffffff;float: none\">(EN1621-1, razina 2)<\/span><\/li>\n<li>mogu\u0107nost ugradnje \u0161titnika za kukove<\/li>\n<\/ul>\n<p>Sastav sirovine: 91% poliester, 9% elastan<\/p>\n<div style=\"font-family: Arial, Verdana, Helvetica;font-size: 12px;line-height: 16.8px;color: #252525;font-style: normal;font-weight: 400;letter-spacing: normal;text-indent: 0px;text-transform: none\"><\/div>\n","protected":false},"excerpt":{"rendered":"<p>SPIDI ponovno izmi\u0161lja \u017eenske motociklisti\u010dke hla\u010de s Moto Leggings Pro 2, motociklisti\u010dkim hla\u010dama srednjeg struka izra\u0111enim&#8230;<\/p>\n","protected":false},"featured_media":31716,"comment_status":"open","ping_status":"closed","template":"","meta":{"_acf_changed":false},"brand":[2732],"gender":[1314],"product_brand":[],"product_cat":[2832,1356,2833],"product_tag":[],"class_list":{"0":"post-131922","1":"product","2":"type-product","3":"status-publish","4":"has-post-thumbnail","6":"brand-spidi-hr","7":"gender-zenska","8":"product_cat-hlace-hr","9":"product_cat-motociklisticka-oprema","10":"product_cat-traperice","11":"pa_size-l-hr","12":"pa_size-m-hr","13":"pa_size-s-hr","14":"pa_size-xl-hr","15":"pa_size-xs-hr","17":"first","18":"onbackorder","19":"sale","20":"taxable","21":"shipping-taxable","22":"purchasable","23":"product-type-variable"},"acf":[],"_links":{"self":[{"href":"https:\/\/moto-oprema.com\/hr\/wp-json\/wp\/v2\/product\/131922","targetHints":{"allow":["GET"]}}],"collection":[{"href":"https:\/\/moto-oprema.com\/hr\/wp-json\/wp\/v2\/product"}],"about":[{"href":"https:\/\/moto-oprema.com\/hr\/wp-json\/wp\/v2\/types\/product"}],"replies":[{"embeddable":true,"href":"https:\/\/moto-oprema.com\/hr\/wp-json\/wp\/v2\/comments?post=131922"}],"wp:featuredmedia":[{"embeddable":true,"href":"https:\/\/moto-oprema.com\/hr\/wp-json\/wp\/v2\/media\/31716"}],"wp:attachment":[{"href":"https:\/\/moto-oprema.com\/hr\/wp-json\/wp\/v2\/media?parent=131922"}],"wp:term":[{"taxonomy":"brand","embeddable":true,"href":"https:\/\/moto-oprema.com\/hr\/wp-json\/wp\/v2\/brand?post=131922"},{"taxonomy":"gender","embeddable":true,"href":"https:\/\/moto-oprema.com\/hr\/wp-json\/wp\/v2\/gender?post=131922"},{"taxonomy":"product_brand","embeddable":true,"href":"https:\/\/moto-oprema.com\/hr\/wp-json\/wp\/v2\/product_brand?post=131922"},{"taxonomy":"product_cat","embeddable":true,"href":"https:\/\/moto-oprema.com\/hr\/wp-json\/wp\/v2\/product_cat?post=131922"},{"taxonomy":"product_tag","embeddable":true,"href":"https:\/\/moto-oprema.com\/hr\/wp-json\/wp\/v2\/product_tag?post=131922"}],"curies":[{"name":"wp","href":"https:\/\/api.w.org\/{rel}","templated":true}]}}