{"id":131899,"date":"2024-10-30T08:48:14","date_gmt":"2024-10-30T08:48:14","guid":{"rendered":"https:\/\/moto-oprema.com\/Artikel\/halvarssons-racken-kozna-jakna\/"},"modified":"2024-10-30T08:48:14","modified_gmt":"2024-10-30T08:48:14","slug":"halvarssons-racken-kozna-jakna","status":"publish","type":"product","link":"https:\/\/moto-oprema.com\/hr\/Artikel\/halvarssons-racken-kozna-jakna\/","title":{"rendered":"HALVARSSONS RACKEN KO\u017dNA JAKNA"},"content":{"rendered":"<p>PREMIUM JAKNA ZA CIJELA SEZONSKA DOBA<br \/>\n Vodootporna ko\u017ena jakna<\/p>\n<p>TFL COOL SUSTAV \/ DWR TRETIRANA KRAVLJA NAPPA<\/p>\n<p>Izdr\u017eljiva vodoodbojna kravlja ko\u017ea s DWR tretmanom<br \/>\n Funkcionalna membrana Dryway + 2.0 kao okapnica<br \/>\n TFL COOL SYSTEM\u00ae za hla\u0111enje \u010dak i po vru\u0107em vremenu<br \/>\n HI-ART oja\u010danja na ramenima i laktovima<br \/>\n Podstava Outlast\u00a9 koja regulira temperaturu<br \/>\n CE certifikat, <strong>AAA<\/strong> ocjena<br \/>\n CE certificirana za\u0161tita, razina 2, podesiva na ramenima i laktovima<br \/>\n Mo\u017ee se nadopuniti za\u0161titom za le\u0111a i prsa<br \/>\n Spremno za zra\u010dni jastuk &#8211; spremno s ekspanzijskim plo\u010dama<br \/>\n Ventilacijski otvori na prsima i le\u0111ima<br \/>\n Dugi patentni zatvara\u010d za spajanje s hla\u010dama<br \/>\n Podesivi rub<\/p>\n","protected":false},"excerpt":{"rendered":"<p>PREMIUM JAKNA ZA CIJELA SEZONSKA DOBA Vodootporna ko\u017ena jakna TFL COOL SUSTAV \/ DWR TRETIRANA KRAVLJA&#8230;<\/p>\n","protected":false},"featured_media":31700,"comment_status":"open","ping_status":"closed","template":"","meta":{"_acf_changed":false},"brand":[2914],"gender":[],"product_brand":[],"product_cat":[2759,2915,1356],"product_tag":[],"class_list":{"0":"post-131899","1":"product","2":"type-product","3":"status-publish","4":"has-post-thumbnail","6":"brand-halvarssons-hr","7":"product_cat-jakne-hr","8":"product_cat-kozne-jakne","9":"product_cat-motociklisticka-oprema","10":"pa_size-48-hr","11":"pa_size-50-hr","12":"pa_size-52-hr","13":"pa_size-54-hr","14":"pa_size-56-hr","15":"pa_size-58-hr","16":"pa_size-60-hr","17":"pa_size-62-hr","19":"first","20":"instock","21":"taxable","22":"shipping-taxable","23":"purchasable","24":"product-type-variable"},"acf":[],"_links":{"self":[{"href":"https:\/\/moto-oprema.com\/hr\/wp-json\/wp\/v2\/product\/131899","targetHints":{"allow":["GET"]}}],"collection":[{"href":"https:\/\/moto-oprema.com\/hr\/wp-json\/wp\/v2\/product"}],"about":[{"href":"https:\/\/moto-oprema.com\/hr\/wp-json\/wp\/v2\/types\/product"}],"replies":[{"embeddable":true,"href":"https:\/\/moto-oprema.com\/hr\/wp-json\/wp\/v2\/comments?post=131899"}],"wp:featuredmedia":[{"embeddable":true,"href":"https:\/\/moto-oprema.com\/hr\/wp-json\/wp\/v2\/media\/31700"}],"wp:attachment":[{"href":"https:\/\/moto-oprema.com\/hr\/wp-json\/wp\/v2\/media?parent=131899"}],"wp:term":[{"taxonomy":"brand","embeddable":true,"href":"https:\/\/moto-oprema.com\/hr\/wp-json\/wp\/v2\/brand?post=131899"},{"taxonomy":"gender","embeddable":true,"href":"https:\/\/moto-oprema.com\/hr\/wp-json\/wp\/v2\/gender?post=131899"},{"taxonomy":"product_brand","embeddable":true,"href":"https:\/\/moto-oprema.com\/hr\/wp-json\/wp\/v2\/product_brand?post=131899"},{"taxonomy":"product_cat","embeddable":true,"href":"https:\/\/moto-oprema.com\/hr\/wp-json\/wp\/v2\/product_cat?post=131899"},{"taxonomy":"product_tag","embeddable":true,"href":"https:\/\/moto-oprema.com\/hr\/wp-json\/wp\/v2\/product_tag?post=131899"}],"curies":[{"name":"wp","href":"https:\/\/api.w.org\/{rel}","templated":true}]}}