{"id":131873,"date":"2024-10-24T10:35:41","date_gmt":"2024-10-24T10:35:41","guid":{"rendered":"https:\/\/moto-oprema.com\/Artikel\/airoh-aviator-3-monarch-sivo-crvena-mat\/"},"modified":"2024-10-24T10:35:41","modified_gmt":"2024-10-24T10:35:41","slug":"airoh-aviator-3-monarch-sivo-crvena-mat","status":"publish","type":"product","link":"https:\/\/moto-oprema.com\/hr\/Artikel\/airoh-aviator-3-monarch-sivo-crvena-mat\/","title":{"rendered":"AIROH AVIATOR 3 MONARCH SIVO CRVENA MAT"},"content":{"rendered":"<div id=\"tab-product-description\" class=\"ui-tabs-panel ui-widget-content ui-corner-bottom\">\n<div class=\"description\">\n<div class=\"ui-tabs-panel ui-widget-content ui-corner-bottom\">\n<div class=\"description\">\n<p>Aviator 3 podi\u017ee ljestvicu za natjecanje i redefinira standarde MX kaciga. \u0160koljku, koja je dostupna isklju\u010divo u verziji s karbonskom grafikom (Carbon 3K), za ostale modele s grafi\u010dkom grafikom osigurava HPC Carbon. <\/p>\n<p>Obje verzije dolaze u 4 veli\u010dine vanjske ljuske, koja je dizajnirana kori\u0161tenjem Airohovog aerotunela za optimizaciju dizajna i performansi. Stoga je iznimna pa\u017enja posve\u0107ena aerodinamici kako bi kaciga ostala stabilna \u010dak i pri velikim brzinama, te termodinamici kako bi se optimizirala termoregulacija. <\/p>\n<p>Airohov tehnolo\u0161ki razvoj sa\u017eet je u ovom novom proizvodu, koji uklju\u010duje AMS2 Plus (Airoh Multiaction Safety System Plus), AEFR (Airoh Emergency Fast Release) i AMLS (Airoh Magnetic Lining System), koji tako\u0111er uklju\u010duje magnetske jastu\u010di\u0107e za obraze.<\/p>\n<p>Zahvaljuju\u0107i 8 usisnika zraka i spojlerima s integriranim ekstraktorima, Aviator III je udoban za no\u0161enje \u010dak i u najekstremnijim uvjetima kori\u0161tenja, a inovativni AHS (Airoh Hydration System) sustav hidratacije tako\u0111er je ugra\u0111en u EPS.<\/p>\n<p>&nbsp;<\/p>\n<p>\u0160koljka: HPC karbon<br \/>\n Odobrenje: Proizvod je proizveden u skladu s normom za uporabu: ECE 22 06<br \/>\n Ventilacija: 8 usisa za zrak i spojleri. Gornji otvori, prednji otvori, otvori za bradu, stra\u017enji spojleri, bo\u010dni otvori, EPS stra\u017enji ispusi.<br \/>\n Tehnologije: AMS\u00b2 Plus<br \/>\n &#8211; AIROH Multiaction Safety System Plus, AMLS &#8211; AIROH magnetski sustav obloge, AEFR &#8211; AIROH sustav za brzo otpu\u0161tanje u nu\u017edi i Hydra sustav<br \/>\n Sustav zadr\u017eavanja: Sustav: DD prsten<br \/>\n Unutra\u0161njost: periva i hipoalergena<br \/>\n Te\u017eina: od 1330 g \u00b1 50 g<br \/>\n Veli\u010dine: XS-S, M, L, XL-XXL. <\/p>\n<\/div>\n<\/div>\n<\/div>\n<\/div>\n","protected":false},"excerpt":{"rendered":"<p>Nova kaciga Mx Airoh Aviator 3.<\/p>\n","protected":false},"featured_media":31651,"comment_status":"open","ping_status":"open","template":"","meta":{"_acf_changed":false},"brand":[2768],"gender":[],"product_brand":[],"product_cat":[2764,2733],"product_tag":[],"class_list":{"0":"post-131873","1":"product","2":"type-product","3":"status-publish","4":"has-post-thumbnail","6":"brand-airoh-hr","7":"product_cat-mx-kacige","8":"product_cat-oprema-za-motokros","9":"pa_size-l-hr","10":"pa_size-m-hr","11":"pa_size-s-hr","12":"pa_size-xl-hr","13":"pa_size-xs-hr","15":"first","16":"instock","17":"sale","18":"taxable","19":"shipping-taxable","20":"purchasable","21":"product-type-variable"},"acf":[],"_links":{"self":[{"href":"https:\/\/moto-oprema.com\/hr\/wp-json\/wp\/v2\/product\/131873","targetHints":{"allow":["GET"]}}],"collection":[{"href":"https:\/\/moto-oprema.com\/hr\/wp-json\/wp\/v2\/product"}],"about":[{"href":"https:\/\/moto-oprema.com\/hr\/wp-json\/wp\/v2\/types\/product"}],"replies":[{"embeddable":true,"href":"https:\/\/moto-oprema.com\/hr\/wp-json\/wp\/v2\/comments?post=131873"}],"wp:featuredmedia":[{"embeddable":true,"href":"https:\/\/moto-oprema.com\/hr\/wp-json\/wp\/v2\/media\/31651"}],"wp:attachment":[{"href":"https:\/\/moto-oprema.com\/hr\/wp-json\/wp\/v2\/media?parent=131873"}],"wp:term":[{"taxonomy":"brand","embeddable":true,"href":"https:\/\/moto-oprema.com\/hr\/wp-json\/wp\/v2\/brand?post=131873"},{"taxonomy":"gender","embeddable":true,"href":"https:\/\/moto-oprema.com\/hr\/wp-json\/wp\/v2\/gender?post=131873"},{"taxonomy":"product_brand","embeddable":true,"href":"https:\/\/moto-oprema.com\/hr\/wp-json\/wp\/v2\/product_brand?post=131873"},{"taxonomy":"product_cat","embeddable":true,"href":"https:\/\/moto-oprema.com\/hr\/wp-json\/wp\/v2\/product_cat?post=131873"},{"taxonomy":"product_tag","embeddable":true,"href":"https:\/\/moto-oprema.com\/hr\/wp-json\/wp\/v2\/product_tag?post=131873"}],"curies":[{"name":"wp","href":"https:\/\/api.w.org\/{rel}","templated":true}]}}