{"id":131813,"date":"2024-11-27T09:34:24","date_gmt":"2024-11-27T09:34:24","guid":{"rendered":"https:\/\/moto-oprema.com\/Artikel\/dainese-speed-demon-plavi-dzemper\/"},"modified":"2024-11-27T09:34:24","modified_gmt":"2024-11-27T09:34:24","slug":"dainese-speed-demon-plavi-dzemper","status":"publish","type":"product","link":"https:\/\/moto-oprema.com\/hr\/Artikel\/dainese-speed-demon-plavi-dzemper\/","title":{"rendered":"DAINESE SPEED DEMON PLAVI D\u017dEMPER"},"content":{"rendered":"<div class=\"tabs-panels\">\n<p>Jednobojni d\u017eemper Speed Demon izra\u0111en od \u010distog pamuka.<\/p>\n<p> Ovaj mekani i udobni d\u017eemper s okruglim izrezom idealan je za le\u017eeran stil, pogodan za sve svakodnevne prigode.<\/p>\n<p> Zna\u010dajke:<\/p>\n<p> Na prednjoj strani su otisci.<br \/>\n Okrugli dekolte<br \/>\n 100% pamuk<\/p>\n<\/div>\n","protected":false},"excerpt":{"rendered":"<p>Jednobojni d\u017eemper Speed Demon izra\u0111en od \u010distog pamuka. Ovaj mekani i udobni d\u017eemper s okruglim izrezom&#8230;<\/p>\n","protected":false},"featured_media":32090,"comment_status":"open","ping_status":"closed","template":"","meta":{"_acf_changed":false},"brand":[2800],"gender":[],"product_brand":[],"product_cat":[2905,2829],"product_tag":[2907,2862,2908],"class_list":{"0":"post-131813","1":"product","2":"type-product","3":"status-publish","4":"has-post-thumbnail","6":"brand-dainese-hr","7":"product_cat-dzemperi-i-kardigani","8":"product_cat-lezerna-odjeca","9":"product_tag-lezerno","10":"product_tag-odjeca","11":"product_tag-runo","12":"pa_barva-crna-hr","13":"pa_product-code-da18900016-11c-hr","14":"pa_product-id-37428-hr","15":"pa_velikost-st-2xl-hr","16":"pa_velikost-st-3xl-hr","17":"pa_velikost-st-l-hr","18":"pa_velikost-st-m-hr","19":"pa_velikost-st-s-hr","20":"pa_velikost-st-xl-hr","21":"pa_velikost-st-xs-hr","23":"first","24":"instock","25":"sale","26":"taxable","27":"shipping-taxable","28":"purchasable","29":"product-type-variable"},"acf":[],"_links":{"self":[{"href":"https:\/\/moto-oprema.com\/hr\/wp-json\/wp\/v2\/product\/131813","targetHints":{"allow":["GET"]}}],"collection":[{"href":"https:\/\/moto-oprema.com\/hr\/wp-json\/wp\/v2\/product"}],"about":[{"href":"https:\/\/moto-oprema.com\/hr\/wp-json\/wp\/v2\/types\/product"}],"replies":[{"embeddable":true,"href":"https:\/\/moto-oprema.com\/hr\/wp-json\/wp\/v2\/comments?post=131813"}],"wp:featuredmedia":[{"embeddable":true,"href":"https:\/\/moto-oprema.com\/hr\/wp-json\/wp\/v2\/media\/32090"}],"wp:attachment":[{"href":"https:\/\/moto-oprema.com\/hr\/wp-json\/wp\/v2\/media?parent=131813"}],"wp:term":[{"taxonomy":"brand","embeddable":true,"href":"https:\/\/moto-oprema.com\/hr\/wp-json\/wp\/v2\/brand?post=131813"},{"taxonomy":"gender","embeddable":true,"href":"https:\/\/moto-oprema.com\/hr\/wp-json\/wp\/v2\/gender?post=131813"},{"taxonomy":"product_brand","embeddable":true,"href":"https:\/\/moto-oprema.com\/hr\/wp-json\/wp\/v2\/product_brand?post=131813"},{"taxonomy":"product_cat","embeddable":true,"href":"https:\/\/moto-oprema.com\/hr\/wp-json\/wp\/v2\/product_cat?post=131813"},{"taxonomy":"product_tag","embeddable":true,"href":"https:\/\/moto-oprema.com\/hr\/wp-json\/wp\/v2\/product_tag?post=131813"}],"curies":[{"name":"wp","href":"https:\/\/api.w.org\/{rel}","templated":true}]}}