{"id":131683,"date":"2024-10-10T10:43:03","date_gmt":"2024-10-10T10:43:03","guid":{"rendered":"https:\/\/moto-oprema.com\/Artikel\/fox-mx-hlace-360-divider-celicno-sive\/"},"modified":"2024-10-10T10:43:03","modified_gmt":"2024-10-10T10:43:03","slug":"fox-mx-hlace-360-divider-celicno-sive","status":"publish","type":"product","link":"https:\/\/moto-oprema.com\/hr\/Artikel\/fox-mx-hlace-360-divider-celicno-sive\/","title":{"rendered":"FOX MX HLA\u010cE 360 DIVIDER \u010cELI\u010cNO SIVE"},"content":{"rendered":"<p>FOX 360 Divider motokros hla\u010de<\/p>\n<p>Hla\u010de 360 Divider prepune su svih zna\u010dajki i funkcionalnosti potrebnih za vrhunske performanse koje nadma\u0161uju konkurenciju. S izdr\u017eljivim glavnim dijelom i strate\u0161ki postavljenim rastezljivim panelima, motokros hla\u010de 360 dizajnirane su da ostanu labave i izdr\u017ee sve \u0161to vam cesta baci. Sloboda kretanja klju\u010dna je u \u017earu borbe, a ove motokros hla\u010de to i pru\u017eaju, kombiniraju\u0107i TruMotion\u00ae zonsku rastezljivu tkaninu za prakti\u010dki neograni\u010denu slobodu kretanja, dok na\u0161a konstrukcija Rider Attack Position (RAP\u2122) pru\u017ea voza\u010du specifi\u010dno pristajanje koje vas stavlja u najbolji polo\u017eaj za pobjedu.  <\/p>\n<p>Zna\u010dajke:<\/p>\n<p>Za bolje ergonomsko pristajanje na biciklu: Konstrukcija Rider Attack Position (RAP\u2122) za pobolj\u0161ano ergonomsko pristajanje na biciklu<br \/>\n TruMotion\u00ae zonski rastezljivi umetci u svim smjerovima za nenadma\u0161nu pokretljivost<br \/>\n Cordura\u00ae ripstop u kombinaciji sa 600D zonskim panelima stvara neusporedivu kombinaciju izdr\u017eljivosti i funkcionalnosti<br \/>\n Dvoslojni sustav za koljena s vanjskim slojem od punozrnate ko\u017ee i unutarnjim slojem otpornim na habanje pru\u017ea ve\u0107u izdr\u017eljivost protiv \u0161titnika za koljena, \u0161titnika i kota\u010da<br \/>\n Lagana i fleksibilna remenica smanjuje te\u017einu i pove\u0107ava udobnost<br \/>\n Unutarnja mre\u017easta podstava za dodatnu udobnost<br \/>\n Oja\u010dani \u0161avovi za ve\u0107u izdr\u017eljivost i pobolj\u0161anu otpornost na kidanje<\/p>\n<p>Sastav sirovine<br \/>\n Materijal: 100% poliester; \u0161titnici za koljena: 100% ko\u017ea (sadr\u017ei netekstilne dijelove \u017eivotinjskog podrijetla)<\/p>\n","protected":false},"excerpt":{"rendered":"<p>Fox 360 MX hla\u010de.<\/p>\n","protected":false},"featured_media":31314,"comment_status":"open","ping_status":"open","template":"","meta":{"_acf_changed":false},"brand":[2738],"gender":[],"product_brand":[],"product_cat":[2737,2733],"product_tag":[],"class_list":{"0":"post-131683","1":"product","2":"type-product","3":"status-publish","4":"has-post-thumbnail","6":"brand-fox-hr","7":"product_cat-mx-hlace-hr","8":"product_cat-oprema-za-motokros","9":"pa_size-30-hr","10":"pa_size-32-hr","11":"pa_size-34-hr","12":"pa_size-36-hr","14":"first","15":"instock","16":"taxable","17":"shipping-taxable","18":"purchasable","19":"product-type-variable"},"acf":[],"_links":{"self":[{"href":"https:\/\/moto-oprema.com\/hr\/wp-json\/wp\/v2\/product\/131683","targetHints":{"allow":["GET"]}}],"collection":[{"href":"https:\/\/moto-oprema.com\/hr\/wp-json\/wp\/v2\/product"}],"about":[{"href":"https:\/\/moto-oprema.com\/hr\/wp-json\/wp\/v2\/types\/product"}],"replies":[{"embeddable":true,"href":"https:\/\/moto-oprema.com\/hr\/wp-json\/wp\/v2\/comments?post=131683"}],"wp:featuredmedia":[{"embeddable":true,"href":"https:\/\/moto-oprema.com\/hr\/wp-json\/wp\/v2\/media\/31314"}],"wp:attachment":[{"href":"https:\/\/moto-oprema.com\/hr\/wp-json\/wp\/v2\/media?parent=131683"}],"wp:term":[{"taxonomy":"brand","embeddable":true,"href":"https:\/\/moto-oprema.com\/hr\/wp-json\/wp\/v2\/brand?post=131683"},{"taxonomy":"gender","embeddable":true,"href":"https:\/\/moto-oprema.com\/hr\/wp-json\/wp\/v2\/gender?post=131683"},{"taxonomy":"product_brand","embeddable":true,"href":"https:\/\/moto-oprema.com\/hr\/wp-json\/wp\/v2\/product_brand?post=131683"},{"taxonomy":"product_cat","embeddable":true,"href":"https:\/\/moto-oprema.com\/hr\/wp-json\/wp\/v2\/product_cat?post=131683"},{"taxonomy":"product_tag","embeddable":true,"href":"https:\/\/moto-oprema.com\/hr\/wp-json\/wp\/v2\/product_tag?post=131683"}],"curies":[{"name":"wp","href":"https:\/\/api.w.org\/{rel}","templated":true}]}}