{"id":131678,"date":"2024-10-10T10:39:02","date_gmt":"2024-10-10T10:39:02","guid":{"rendered":"https:\/\/moto-oprema.com\/Artikel\/fox-360-mx-dres-divider-celicno-sivi\/"},"modified":"2024-10-10T10:39:02","modified_gmt":"2024-10-10T10:39:02","slug":"fox-360-mx-dres-divider-celicno-sivi","status":"publish","type":"product","link":"https:\/\/moto-oprema.com\/hr\/Artikel\/fox-360-mx-dres-divider-celicno-sivi\/","title":{"rendered":"FOX 360 MX DRES DIVIDER \u010cELI\u010cNO SIVI"},"content":{"rendered":"<div class=\"long-description\">\n<div class=\"item_short_desc\">\n<p>FOX 360 Divider Motokros dres<\/p>\n<p>Dizajniran posebno za motokros, dres 360 Divider kombinira preciznu izdr\u017eljivost i okretno kretanje u precizno krojenom dresu. Svaki \u0161av i panel posebno su konstruirani kako bi se pove\u0107ala \u010dvrsto\u0107a odjevnog predmeta. Testiran u najzahtjevnijim uvjetima od strane nekih od najboljih svjetskih motokros voza\u010da, dres 360 je lagan i precizno krojen, s TruDri\u00ae tehnologijom za odvo\u0111enje znoja s tijela tijekom vo\u017enje i Active-Fit rukavima za pove\u0107anu prozra\u010dnost i protok zraka.  <\/p>\n<p>Zna\u010dajke:<\/p>\n<p>TruDri\u00ae materijal koji odvodi vlagu pru\u017ea mekan, lagan kroj i odvodi znoj s tijela kako biste ostali suhi.<br \/>\n Unaprijed oblikovani rukavi stvaraju prirodni polo\u017eaj za napad voza\u010da (RAP\u2122) za bolje ergonomsko pristajanje na biciklu<br \/>\n Izdr\u017eljivi umeci piqu\u00e9 zone pobolj\u0161avaju otpornost na habanje<br \/>\n Ventilirani mre\u017easti bo\u010dni i stra\u017enji paneli za bolju prozra\u010dnost i cirkulaciju zraka<br \/>\n U\u010dvr\u0161\u0107eni ovratnik i minimalno rastezljiva man\u017eeta za vrhunsku udobnost<br \/>\n Dizajn spu\u0161tenog repa osigurava da ko\u0161ulja ostane uvu\u010dena u hla\u010de<br \/>\n Obojena i sublimirana vrhunska grafika na vanjskoj tkanini<\/p>\n<p>Materijal: 100% poliester<\/p>\n<\/div>\n<\/div>\n","protected":false},"excerpt":{"rendered":"<p>FOX 360 Divider Motokros dres Dizajniran posebno za motokros, dres 360 Divider kombinira preciznu izdr\u017eljivost i&#8230;<\/p>\n","protected":false},"featured_media":31309,"comment_status":"open","ping_status":"open","template":"","meta":{"_acf_changed":false},"brand":[2738],"gender":[],"product_brand":[],"product_cat":[2746,2733],"product_tag":[],"class_list":{"0":"post-131678","1":"product","2":"type-product","3":"status-publish","4":"has-post-thumbnail","6":"brand-fox-hr","7":"product_cat-mx-dresovi","8":"product_cat-oprema-za-motokros","9":"pa_size-l-hr","10":"pa_size-m-hr","11":"pa_size-s-hr","12":"pa_size-xl-hr","13":"pa_size-xxl-hr","15":"first","16":"instock","17":"taxable","18":"shipping-taxable","19":"purchasable","20":"product-type-variable"},"acf":[],"_links":{"self":[{"href":"https:\/\/moto-oprema.com\/hr\/wp-json\/wp\/v2\/product\/131678","targetHints":{"allow":["GET"]}}],"collection":[{"href":"https:\/\/moto-oprema.com\/hr\/wp-json\/wp\/v2\/product"}],"about":[{"href":"https:\/\/moto-oprema.com\/hr\/wp-json\/wp\/v2\/types\/product"}],"replies":[{"embeddable":true,"href":"https:\/\/moto-oprema.com\/hr\/wp-json\/wp\/v2\/comments?post=131678"}],"wp:featuredmedia":[{"embeddable":true,"href":"https:\/\/moto-oprema.com\/hr\/wp-json\/wp\/v2\/media\/31309"}],"wp:attachment":[{"href":"https:\/\/moto-oprema.com\/hr\/wp-json\/wp\/v2\/media?parent=131678"}],"wp:term":[{"taxonomy":"brand","embeddable":true,"href":"https:\/\/moto-oprema.com\/hr\/wp-json\/wp\/v2\/brand?post=131678"},{"taxonomy":"gender","embeddable":true,"href":"https:\/\/moto-oprema.com\/hr\/wp-json\/wp\/v2\/gender?post=131678"},{"taxonomy":"product_brand","embeddable":true,"href":"https:\/\/moto-oprema.com\/hr\/wp-json\/wp\/v2\/product_brand?post=131678"},{"taxonomy":"product_cat","embeddable":true,"href":"https:\/\/moto-oprema.com\/hr\/wp-json\/wp\/v2\/product_cat?post=131678"},{"taxonomy":"product_tag","embeddable":true,"href":"https:\/\/moto-oprema.com\/hr\/wp-json\/wp\/v2\/product_tag?post=131678"}],"curies":[{"name":"wp","href":"https:\/\/api.w.org\/{rel}","templated":true}]}}