{"id":131660,"date":"2024-11-22T09:45:38","date_gmt":"2024-11-22T09:45:38","guid":{"rendered":"https:\/\/moto-oprema.com\/Artikel\/leatt-adv-hlace-multitour-7-5-stealth\/"},"modified":"2024-11-22T09:45:38","modified_gmt":"2024-11-22T09:45:38","slug":"leatt-adv-hlace-multitour-7-5-stealth","status":"publish","type":"product","link":"https:\/\/moto-oprema.com\/hr\/Artikel\/leatt-adv-hlace-multitour-7-5-stealth\/","title":{"rendered":"LEATT ADV HLA\u010cE MULTITOUR 7.5 STEALTH"},"content":{"rendered":"<p>Hla\u010de Leatt ADV Multitour 7.5, opremljene za\u0161titom od udaraca, robusne su hla\u010de za sva godi\u0161nja doba. Opremljene za\u0161titom za koljena (EN1621-1 razina 2) i za\u0161titom za bokove (EN1621-1 razina 1), hla\u010de pru\u017eaju visoku razinu sigurnosti. Zahvaljuju\u0107i laganom, prozra\u010dnom vanjskom sloju, uklonjivoj termalnoj podstavi i uklonjivoj vodootpornoj HydraDri MAX podstavi, mogu se nositi na \u0161est razli\u010ditih na\u010dina. Unutarnji i vanjski slojevi mogu se koristiti neovisno jedan o drugome, bilo kao izolacijski ili vodootporni. Vodeni stupac je 30 000 mm\/m\u00b2, a prozra\u010dnost je 30 000 g\/m\u00b2. To omogu\u0107uje hla\u010dama da se prilagode bilo kojoj promjeni vremena, tako da mo\u017eete sigurno i udobno nastaviti svoje putovanje. Testirano prema EN 17092-3-2020, klasa AA.<\/p>\n","protected":false},"excerpt":{"rendered":"<p>Hla\u010de Leatt ADV Multitour 7.5, opremljene za\u0161titom od udaraca, robusne su hla\u010de za sva godi\u0161nja doba&#8230;.<\/p>\n","protected":false},"featured_media":32070,"comment_status":"open","ping_status":"open","template":"","meta":{"_acf_changed":false},"brand":[2744],"gender":[1313],"product_brand":[],"product_cat":[2832,1356,2857],"product_tag":[],"class_list":{"0":"post-131660","1":"product","2":"type-product","3":"status-publish","4":"has-post-thumbnail","6":"brand-leatt-hr","7":"gender-moski","8":"product_cat-hlace-hr","9":"product_cat-motociklisticka-oprema","10":"product_cat-tekstilne-hlace-hr","11":"pa_size-2xl-hr","12":"pa_size-3xl-hr","13":"pa_size-l-hr","14":"pa_size-m-hr","15":"pa_size-s-hr","16":"pa_size-xl-hr","18":"first","19":"instock","20":"sale","21":"taxable","22":"shipping-taxable","23":"purchasable","24":"product-type-variable"},"acf":[],"_links":{"self":[{"href":"https:\/\/moto-oprema.com\/hr\/wp-json\/wp\/v2\/product\/131660","targetHints":{"allow":["GET"]}}],"collection":[{"href":"https:\/\/moto-oprema.com\/hr\/wp-json\/wp\/v2\/product"}],"about":[{"href":"https:\/\/moto-oprema.com\/hr\/wp-json\/wp\/v2\/types\/product"}],"replies":[{"embeddable":true,"href":"https:\/\/moto-oprema.com\/hr\/wp-json\/wp\/v2\/comments?post=131660"}],"wp:featuredmedia":[{"embeddable":true,"href":"https:\/\/moto-oprema.com\/hr\/wp-json\/wp\/v2\/media\/32070"}],"wp:attachment":[{"href":"https:\/\/moto-oprema.com\/hr\/wp-json\/wp\/v2\/media?parent=131660"}],"wp:term":[{"taxonomy":"brand","embeddable":true,"href":"https:\/\/moto-oprema.com\/hr\/wp-json\/wp\/v2\/brand?post=131660"},{"taxonomy":"gender","embeddable":true,"href":"https:\/\/moto-oprema.com\/hr\/wp-json\/wp\/v2\/gender?post=131660"},{"taxonomy":"product_brand","embeddable":true,"href":"https:\/\/moto-oprema.com\/hr\/wp-json\/wp\/v2\/product_brand?post=131660"},{"taxonomy":"product_cat","embeddable":true,"href":"https:\/\/moto-oprema.com\/hr\/wp-json\/wp\/v2\/product_cat?post=131660"},{"taxonomy":"product_tag","embeddable":true,"href":"https:\/\/moto-oprema.com\/hr\/wp-json\/wp\/v2\/product_tag?post=131660"}],"curies":[{"name":"wp","href":"https:\/\/api.w.org\/{rel}","templated":true}]}}