{"id":131487,"date":"2024-12-10T10:46:10","date_gmt":"2024-12-10T10:46:10","guid":{"rendered":"https:\/\/moto-oprema.com\/Artikel\/alpinestars-supertech-corp-roll-off-mx-naocale-crne\/"},"modified":"2024-12-10T10:46:10","modified_gmt":"2024-12-10T10:46:10","slug":"alpinestars-supertech-corp-roll-off-mx-naocale-crne","status":"publish","type":"product","link":"https:\/\/moto-oprema.com\/hr\/Artikel\/alpinestars-supertech-corp-roll-off-mx-naocale-crne\/","title":{"rendered":"ALPINESTARS SUPERTECH CORP ROLL OFF MX NAO\u010cALE CRNE"},"content":{"rendered":"<p>Razvijen, testiran i dokazan na najvi\u0161oj razini motocross i supercross utrka, dizajniran je kako bi pru\u017eio nenadma\u0161nu udobnost, preciznu \u010disto\u0107u i upravljanje vlagom.  Nove SUPERTECH nao\u010dale pru\u017eaju vrhunske performanse vida u motokrosu i off-road utrkama.<\/p>\n<p>Razvijene, testirane i dokazane na najvi\u0161oj razini motokrosa i superkrosa. Dizajnirane kako bi pru\u017eile nenadma\u0161nu udobnost, preciznost, jasno\u0107u i upravljanje vlagom. Nove SUPERTECH nao\u010dale osiguravaju vrhunske performanse vida u motokrosu i off-road vo\u017enji.  <\/p>\n<p>Entwickelt, test und provent auf hochstem Niveau bei Motocross- und Supercross-Rennen. Entwickelt, um unvergleichlichen Komfort, precise Klarheit und Feuchtigungsmanagement zu bieten.  Nove nao\u010dale SUPERTECH jam\u010de ultimativni Motocross- und Offroad-Sichtleistung.<\/p>\n<ul class=\"group\/features\">\n<li><span class=\"metafield-multi_line_text_field\">SUPERTECH komplet za \u0161irokokutnu vidljivost.<\/span><\/li>\n<li>Periferni vid vode\u0107i u klasi.<\/li>\n<li>Uklju\u010dene su nao\u010dale, le\u0107a, dvije role filma, vizir za blato i sustav.<\/li>\n<li>Le\u0107a izra\u0111ena injekcijskim lijevanjem osigurava gotovo nikakvo vizualno izobli\u010denje.<\/li>\n<li>Ugra\u0111ene silikonske &#8220;klizne linije&#8221; sprje\u010davaju lijepljenje filma za objektiv.<\/li>\n<li>Le\u0107e za nao\u010dale SUPERTECH izra\u0111ene su od visokokvalitetnog, otpornog na udarce polikarbonatnog materijala. Le\u0107a izra\u0111ena brizganjem osigurava nultu vizualnu distorziju. <\/li>\n<li>Super-Lock\u00ae: Alpinestars Super-Lock\u00ae je inovativan sustav zaklju\u010davanja le\u0107a koji dr\u017ei ubrizganu ABS Vision le\u0107u sigurnom i \u010dvrsto zatvorenom na mjestu. Ovaj sustav omogu\u0107uje voza\u010du brzu zamjenu le\u0107e drugom le\u0107om ili Roll-Off sustavom jednostavnim pomicanjem palca. <\/li>\n<li>SUPERTECH okvir: \u010cvrsti vanjski okvir DYAD dr\u017ei le\u0107u na mjestu, stvaraju\u0107i brtvu protiv lete\u0107ih krhotina i hr\u0111e. Vanjski okvir je dvostruko ubrizgan u mekani, prilagodljivi unutarnji okvir izra\u0111en od ekskluzivnog A-FLEX materijala za oblikovanje lica, \u0161to mu omogu\u0107uje prilagodbu razli\u010ditim oblicima lica za iznimno brtvljenje i pristajanje. <\/li>\n<li>ISP klin za remen: ISP (idealni polo\u017eaj remena) klin savr\u0161eno pozicionira 45 mm remen sa silikonskom podlogom na kacigu svaki put, osiguravaju\u0107i ravnomjerno zatezanje nao\u010dala za najbolje mogu\u0107e pristajanje.<\/li>\n<li>Omotavaju\u0107i outrigger: Sustav omotavaju\u0107ih outriggera pravi je revolucionaran, dizajniran za ravnomjerno povla\u010denje nao\u010dala u lice od sredi\u0161ta okvira, stvaraju\u0107i savr\u0161eno sigurno brtvljenje i prianjanje.<\/li>\n<li>3D oblikovana pjena za lice: Supertech 3D oblikovana, vi\u0161eslojna pjena za lice stvara udobno pristajanje za gotovo svaki oblik lica. Strate\u0161ki oblikovani dizajn osigurava savr\u0161eno brtvljenje, \u0161iroko otvoreno vidno polje i u\u010dinkovito upravljanje znojem koje zahtijevaju profesionalni voza\u010di. <\/li>\n<li>Kanal za vlagu: Inovativni kanal za vlagu nao\u010dala djeluje kao \u017elijeb koji usmjerava znoj dalje od le\u0107e nao\u010dala, sprje\u010davaju\u0107i kapanje ili prskanje. Ovaj kanal usmjerava znoj da te\u010de preko vrha i niz stranice okvira. <\/li>\n<li>Sustav prisilne ventilacije: Sustav prisilne ventilacije i dizajn okvira nao\u010dala SUPERTECH postavljeni su pod kutom kako bi zrak mogao strujati ispod nao\u010dala i kroz otvore od 100 PPI, osiguravaju\u0107i maksimalnu ventilaciju.<\/li>\n<li>\u0160iroki pogled: \u0160iroko vidno polje SUPERTECH nao\u010dala pru\u017ea izniman periferni vid, dizajniran za besprijekornu integraciju s Alpinestarsovim ULTRA-WIDE 48 mm Roll-Off sustavom.<\/li>\n<li>Ubrizgane kop\u010de: Ubrizgane kop\u010de od 45 mm zamjenjuju tradicionalni sustav preklapanja i \u0161ivanja, pru\u017eaju\u0107i elegantniji, niskoprofilni remen s jednostavnim pode\u0161avanjem.<\/li>\n<li>Tkani remen od 45 mm sa silikonskim trakcijskim slojem osigurava da sve ostane na mjestu, bilo na stazi ili na terenu.<\/li>\n<\/ul>\n<p>&nbsp;<\/p>\n<p>&nbsp;<\/p>\n<p>&nbsp;<\/p>\n","protected":false},"excerpt":{"rendered":"<p>Alpinestars Supertech Corp nao\u010dale koje se skidaju Boja: Crna Le\u0107a: Siva, prozirna, roll-off<\/p>\n","protected":false},"featured_media":32499,"comment_status":"open","ping_status":"open","template":"","meta":{"_acf_changed":false},"brand":[2748],"gender":[2172],"product_brand":[],"product_cat":[2861,2733],"product_tag":[],"class_list":{"0":"post-131487","1":"product","2":"type-product","3":"status-publish","4":"has-post-thumbnail","6":"brand-alpinestars-hr","7":"gender-unisex-hr","8":"product_cat-mx-naocale","9":"product_cat-oprema-za-motokros","11":"first","12":"instock","13":"sale","14":"taxable","15":"shipping-taxable","16":"purchasable","17":"product-type-simple"},"acf":[],"_links":{"self":[{"href":"https:\/\/moto-oprema.com\/hr\/wp-json\/wp\/v2\/product\/131487","targetHints":{"allow":["GET"]}}],"collection":[{"href":"https:\/\/moto-oprema.com\/hr\/wp-json\/wp\/v2\/product"}],"about":[{"href":"https:\/\/moto-oprema.com\/hr\/wp-json\/wp\/v2\/types\/product"}],"replies":[{"embeddable":true,"href":"https:\/\/moto-oprema.com\/hr\/wp-json\/wp\/v2\/comments?post=131487"}],"wp:featuredmedia":[{"embeddable":true,"href":"https:\/\/moto-oprema.com\/hr\/wp-json\/wp\/v2\/media\/32499"}],"wp:attachment":[{"href":"https:\/\/moto-oprema.com\/hr\/wp-json\/wp\/v2\/media?parent=131487"}],"wp:term":[{"taxonomy":"brand","embeddable":true,"href":"https:\/\/moto-oprema.com\/hr\/wp-json\/wp\/v2\/brand?post=131487"},{"taxonomy":"gender","embeddable":true,"href":"https:\/\/moto-oprema.com\/hr\/wp-json\/wp\/v2\/gender?post=131487"},{"taxonomy":"product_brand","embeddable":true,"href":"https:\/\/moto-oprema.com\/hr\/wp-json\/wp\/v2\/product_brand?post=131487"},{"taxonomy":"product_cat","embeddable":true,"href":"https:\/\/moto-oprema.com\/hr\/wp-json\/wp\/v2\/product_cat?post=131487"},{"taxonomy":"product_tag","embeddable":true,"href":"https:\/\/moto-oprema.com\/hr\/wp-json\/wp\/v2\/product_tag?post=131487"}],"curies":[{"name":"wp","href":"https:\/\/api.w.org\/{rel}","templated":true}]}}