{"id":131480,"date":"2024-12-18T08:33:27","date_gmt":"2024-12-18T08:33:27","guid":{"rendered":"https:\/\/moto-oprema.com\/Artikel\/alpinestars-mx-dres-fluid-wurx-multicolor-25\/"},"modified":"2024-12-18T08:33:27","modified_gmt":"2024-12-18T08:33:27","slug":"alpinestars-mx-dres-fluid-wurx-multicolor-25","status":"publish","type":"product","link":"https:\/\/moto-oprema.com\/hr\/Artikel\/alpinestars-mx-dres-fluid-wurx-multicolor-25\/","title":{"rendered":"ALPINESTARS MX DRES FLUID WURX MULTICOLOR 25"},"content":{"rendered":"<p>Linija Fluid nudi rekreativnim MX voza\u010dima vrhunsku MX tehnologiju, iskori\u0161tavaju\u0107i klju\u010dne dizajnerske zna\u010dajke linija Supertech, Techstar i Racer za kompletan paket performansi koji je optimiziran za udobnost i funkcionalnost vo\u017enje. Razvijen i testiran na najte\u017eim terenima diljem svijeta, sportski kroj Fluida idealan je za \u0161irok raspon off-road vo\u017enje i pru\u017ea najopu\u0161tenije pristajanje od svih MX25 linija opreme. <\/p>\n<p>Linija Fluid nudi opremu za rekreativne MX voza\u010de s optimalnom MX tehnologijom koja iskori\u0161tava klju\u010dne konstrukcijske zna\u010dajke linija Supertech, Techstar i Racer za potpuni izgled i osje\u0107aj performansi optimiziran za udobnost i funkcionalnost vo\u017enje. Razvijena i testirana na nekim od najte\u017eih terena diljem svijeta, sportska oprema Fluid idealna je za mnoge oblike off-road vo\u017enje i pru\u017ea najopu\u0161tenije pristajanje od svih linija opreme MX25. <\/p>\n<p>Die Fluid-Linie bietet MX-Freizeitfahrern eine Ausrungung mit optimaler MX-Technologie, die die most important Konstruktionmerkmale der Supertech-, Techstar und Racer-Linien f\u00fcr einen high-performance Look und ein angemenge Fahrgef\u00fchl nust, das optimized f\u00fcr Komfort und Funkcionalnost. Entwickelt und testestet auf einige der h\u00e4rtesten Terrain rund um den Globe, ist die die sportliche Fluid-Linie ideal f\u00fcr viele Formen des Offroad-Fahrens und bietet die die relaxednestesteste Fitform aller MX25-Linien.<\/p>\n","protected":false},"excerpt":{"rendered":"<p>Alpinestars MX dres Fluid Wurx<\/p>\n","protected":false},"featured_media":32954,"comment_status":"open","ping_status":"open","template":"","meta":{"_acf_changed":false},"brand":[2748],"gender":[],"product_brand":[],"product_cat":[2746,2733],"product_tag":[],"class_list":{"0":"post-131480","1":"product","2":"type-product","3":"status-publish","4":"has-post-thumbnail","6":"brand-alpinestars-hr","7":"product_cat-mx-dresovi","8":"product_cat-oprema-za-motokros","9":"pa_size-2xl-hr","10":"pa_size-l-hr","11":"pa_size-m-hr","12":"pa_size-s-hr","13":"pa_size-xl-hr","15":"first","16":"instock","17":"sale","18":"taxable","19":"shipping-taxable","20":"purchasable","21":"product-type-variable"},"acf":[],"_links":{"self":[{"href":"https:\/\/moto-oprema.com\/hr\/wp-json\/wp\/v2\/product\/131480","targetHints":{"allow":["GET"]}}],"collection":[{"href":"https:\/\/moto-oprema.com\/hr\/wp-json\/wp\/v2\/product"}],"about":[{"href":"https:\/\/moto-oprema.com\/hr\/wp-json\/wp\/v2\/types\/product"}],"replies":[{"embeddable":true,"href":"https:\/\/moto-oprema.com\/hr\/wp-json\/wp\/v2\/comments?post=131480"}],"wp:featuredmedia":[{"embeddable":true,"href":"https:\/\/moto-oprema.com\/hr\/wp-json\/wp\/v2\/media\/32954"}],"wp:attachment":[{"href":"https:\/\/moto-oprema.com\/hr\/wp-json\/wp\/v2\/media?parent=131480"}],"wp:term":[{"taxonomy":"brand","embeddable":true,"href":"https:\/\/moto-oprema.com\/hr\/wp-json\/wp\/v2\/brand?post=131480"},{"taxonomy":"gender","embeddable":true,"href":"https:\/\/moto-oprema.com\/hr\/wp-json\/wp\/v2\/gender?post=131480"},{"taxonomy":"product_brand","embeddable":true,"href":"https:\/\/moto-oprema.com\/hr\/wp-json\/wp\/v2\/product_brand?post=131480"},{"taxonomy":"product_cat","embeddable":true,"href":"https:\/\/moto-oprema.com\/hr\/wp-json\/wp\/v2\/product_cat?post=131480"},{"taxonomy":"product_tag","embeddable":true,"href":"https:\/\/moto-oprema.com\/hr\/wp-json\/wp\/v2\/product_tag?post=131480"}],"curies":[{"name":"wp","href":"https:\/\/api.w.org\/{rel}","templated":true}]}}