{"id":131468,"date":"2024-12-17T11:34:13","date_gmt":"2024-12-17T11:34:13","guid":{"rendered":"https:\/\/moto-oprema.com\/Artikel\/alpinestars-mx-kaciga-supertech-m10-deegan-monster\/"},"modified":"2024-12-17T11:34:13","modified_gmt":"2024-12-17T11:34:13","slug":"alpinestars-mx-kaciga-supertech-m10-deegan-monster","status":"publish","type":"product","link":"https:\/\/moto-oprema.com\/hr\/Artikel\/alpinestars-mx-kaciga-supertech-m10-deegan-monster\/","title":{"rendered":"ALPINESTARS MX KACIGA SUPERTECH M10 DEEGAN MONSTER"},"content":{"rendered":"<p>Cilj obitelji kaciga Alpinestars Supertech bio je stvoriti najnaprednije za\u0161titne kacige koje bi pobolj\u0161ale performanse voza\u010da diljem svijeta. S modelom S-M10, tim za razvoj kaciga Alpinestars dizajnirao je kacigu koja nudi savr\u0161enu kombinaciju izvrsne ventilacije i nenadma\u0161ne udobnosti kako bi stvorila najlak\u0161u mogu\u0107u kacigu bez ugro\u017eavanja bilo kojeg drugog podru\u010dja. Dizajn kacige S-M10 nudi gladak, atraktivan, aerodinami\u010dan profil koji je aerodinami\u010dan i bez vanjskih kanala i elemenata koji bi mogli djelovati kao to\u010dka naprezanja ili ugroziti cjelokupni integritet strukture kacige u slu\u010daju sudara. Zakrivljenost povr\u0161ine poti\u010de manje trenje u slu\u010daju sudara, omogu\u0107uju\u0107i otklon i naju\u010dinkovitiji prijenos energije kako bi se za\u0161titila glava voza\u010da od izravne sile na lubanju i usmjerene na vrat i kralje\u017enicu.   <\/p>\n<p>Cilj Alpinestars Supertech obitelji kaciga bio je stvoriti najnaprednije, najza\u0161titnije i najperformansnije kacige za voza\u010de diljem svijeta. S modelom S-M10, Alpinestarsov tim za razvoj kaciga projektirao je kacigu koja nudi savr\u0161enu mje\u0161avinu izvrsne ventilacije i nenadma\u0161ne udobnosti, stvaraju\u0107i kacigu s najmanjom mogu\u0107om te\u017einom, a sve to bez kompromisa na bilo kojem drugom podru\u010dju. Dizajn S-M10 nudi gladak, atraktivan, aerodinami\u010dan profil koji je aerodinami\u010dan i bez ikakvih vanjskih kanala i zna\u010dajki koje bi mogle djelovati kao to\u010dka optere\u0107enja pri udaru ili ugroziti cjelokupni integritet konstrukcije kacige. Zakrivljenost povr\u0161ine poti\u010de smanjeno trenje pri udaru, omogu\u0107uju\u0107i otklon i naju\u010dinkovitiji prijenos energije kako bi se za\u0161titila glava voza\u010da od izravne sile na lubanju te vrat i kralje\u017enicu.   <\/p>\n<p>Cilj obitelji kaciga Alpinestars Supertech jest da se u cijelosti razviju najja\u010de, najsigurnije i najte\u017ee kacige za voza\u010de. S modelom S-M10, tim za razvoj kaciga Alpinestarsa dizajnirao je kacigu tako da nudi savr\u0161enu mje\u0161avinu izvrsne ventilacije i nenadma\u0161ne udobnosti kako bi se stvorila kaciga s najmanjom mogu\u0107om te\u017einom bez kompromisa na drugim podru\u010djima. Dizajn S-M10 nudi gladak, atraktivan, aerodinami\u010dan profil koji je aerodinami\u010dan i bez vanjskih kanala i zna\u010dajki koje bi mogle utjecati na cjelokupni integritet konstrukcije kacige u slu\u010daju sudara. Die W\u00f6lbung der Oberfl\u00e4che sorgt f\u00fcr eine gigerere Reibung beim Aufrall, was eine Ablenkung und eine most u\u010dinkovito Energie\u00fcbertragung erm\u00f6glicht, um den Kopf des Fahrers vor direkter Krafteinwirkung auf den Skadel und den Nacken und die Wirbels\u00e4ule zu sch\u00fctzen.   <\/p>\n<p>Klju\u010dne zna\u010dajke:<\/p>\n<ul class=\"group\/features\">\n<li><span class=\"metafield-multi_line_text_field\">Rje\u0161enje za dimenzioniranje \u0161koljke S-M10 osigurava da svaka veli\u010dina kacige ima svoju odgovaraju\u0107u veli\u010dinu \u0161koljke kako bi se pru\u017eilo najanatomskije rje\u0161enje za \u0161irok raspon potreba pristajanja diljem svijeta, nude\u0107i 4 razli\u010dite veli\u010dine \u0161koljke kacige S, M, L i XL te 6 potro\u0161a\u010dkih veli\u010dina od XS do XXL kako bi se osiguralo da voza\u010di imaju ispravno pristajanje \u0161to ne samo da pobolj\u0161ava udobnost i smanjuje ukupnu te\u017einu, ve\u0107, \u0161to je najva\u017enije, pobolj\u0161ava u\u010dinkovitost kacige pri udaru.<\/span><\/li>\n<li>Patentirani A-Head sustav prianjanja omogu\u0107uje jednostavno pode\u0161avanje kuta i visine kacige na glavi.<\/li>\n<li>Ultra ventilirana kaciga s 28 pojedina\u010dnih usisnih i ispu\u0161nih otvora, ne uklju\u010duju\u0107i otvor za o\u010di, s 18 usisnih i 10 ispu\u0161nih otvora, za optimalnu ventilaciju.<\/li>\n<\/ul>\n<p>Konstrukcija:<\/p>\n<ul class=\"group\/features\">\n<li><span class=\"metafield-multi_line_text_field\">Konstrukcija \u0161koljke kacige koristi visoko naprednu tehnologiju oblikovanja s vi\u0161ekompozitnom kombinacijom: 1) 3K karbon, vanjski sloj od karbona visoke gusto\u0107e koji pobolj\u0161ava \u010dvrsto\u0107u i u\u010dinkovitost rasipanja energije preko \u0161koljke, 2) jednosmjerni sloj karbonskog kompozita koji daje znatno ve\u0107u radijalnu \u010dvrsto\u0107u oko \u0161koljke, sprje\u010davaju\u0107i kompresiju, ali omogu\u0107uju\u0107i kontrolirani otklon za smanjenje prenesene energije udara, i 3) sloj aramidnih vlakana koji pru\u017ea kriti\u010dnu za\u0161titu od prodiranja. Ova kombinacija slojeva daje jo\u0161 ve\u0107e performanse s epoksidnim vezivom koje nudi najbolju mogu\u0107u \u010dvrsto\u0107u i upravljanje energijom; ograni\u010deni otklon vanjske \u0161koljke zna\u010di da se energija \u0161iri \u0161ire i da je bolje apsorbira EPS obloga 4 gusto\u0107e.    <\/span><\/li>\n<li>Redizajnirani novi profil pre\u010dke za bradu, gdje je osnovno podru\u010dje posebno oblikovano kako bi se dobio reljefni dio, podignuto kako bi se oslobodilo klju\u010dne kosti, s novom mek\u0161om EPS oblogom koja se prote\u017ee izvan same \u0161koljke kacige i prekrivena je fleksibilnijom gumenom smjesom dizajniranom za smanjenje rizika od bilo kakve ozljede klju\u010dne kosti.<\/li>\n<li>Lagana ECE 1260 g i DOT 1360 g za veli\u010dinu srednju, 1310 g s bo\u010dnim jastu\u010di\u0107ima i 1370 g s produ\u017eetkom vizira.<\/li>\n<\/ul>\n<p>&nbsp;<\/p>\n<p>&nbsp;<\/p>\n<p>&nbsp;<\/p>\n","protected":false},"excerpt":{"rendered":"<p>Alpinestars MX kaciga M10 Deegan Monster ECE06 &#8211; naran\u010dasta fluo\/ljubi\u010dasta\/roza fluo sjajna<\/p>\n","protected":false},"featured_media":32938,"comment_status":"open","ping_status":"closed","template":"","meta":{"_acf_changed":false},"brand":[2748],"gender":[],"product_brand":[],"product_cat":[2764,2733],"product_tag":[],"class_list":{"0":"post-131468","1":"product","2":"type-product","3":"status-publish","4":"has-post-thumbnail","6":"brand-alpinestars-hr","7":"product_cat-mx-kacige","8":"product_cat-oprema-za-motokros","9":"pa_size-2xl-hr","10":"pa_size-l-hr","11":"pa_size-m-hr","12":"pa_size-s-hr","13":"pa_size-xl-hr","14":"pa_size-xs-hr","16":"first","17":"instock","18":"sale","19":"taxable","20":"shipping-taxable","21":"purchasable","22":"product-type-variable"},"acf":[],"_links":{"self":[{"href":"https:\/\/moto-oprema.com\/hr\/wp-json\/wp\/v2\/product\/131468","targetHints":{"allow":["GET"]}}],"collection":[{"href":"https:\/\/moto-oprema.com\/hr\/wp-json\/wp\/v2\/product"}],"about":[{"href":"https:\/\/moto-oprema.com\/hr\/wp-json\/wp\/v2\/types\/product"}],"replies":[{"embeddable":true,"href":"https:\/\/moto-oprema.com\/hr\/wp-json\/wp\/v2\/comments?post=131468"}],"wp:featuredmedia":[{"embeddable":true,"href":"https:\/\/moto-oprema.com\/hr\/wp-json\/wp\/v2\/media\/32938"}],"wp:attachment":[{"href":"https:\/\/moto-oprema.com\/hr\/wp-json\/wp\/v2\/media?parent=131468"}],"wp:term":[{"taxonomy":"brand","embeddable":true,"href":"https:\/\/moto-oprema.com\/hr\/wp-json\/wp\/v2\/brand?post=131468"},{"taxonomy":"gender","embeddable":true,"href":"https:\/\/moto-oprema.com\/hr\/wp-json\/wp\/v2\/gender?post=131468"},{"taxonomy":"product_brand","embeddable":true,"href":"https:\/\/moto-oprema.com\/hr\/wp-json\/wp\/v2\/product_brand?post=131468"},{"taxonomy":"product_cat","embeddable":true,"href":"https:\/\/moto-oprema.com\/hr\/wp-json\/wp\/v2\/product_cat?post=131468"},{"taxonomy":"product_tag","embeddable":true,"href":"https:\/\/moto-oprema.com\/hr\/wp-json\/wp\/v2\/product_tag?post=131468"}],"curies":[{"name":"wp","href":"https:\/\/api.w.org\/{rel}","templated":true}]}}