{"id":131440,"date":"2024-12-17T10:17:23","date_gmt":"2024-12-17T10:17:23","guid":{"rendered":"https:\/\/moto-oprema.com\/Artikel\/alpinestars-mx-hlace-racer-hollow-tamno-maskirane-zute-fluorescentne-25\/"},"modified":"2024-12-17T10:17:23","modified_gmt":"2024-12-17T10:17:23","slug":"alpinestars-mx-hlace-racer-hollow-tamno-maskirane-zute-fluorescentne-25","status":"publish","type":"product","link":"https:\/\/moto-oprema.com\/hr\/Artikel\/alpinestars-mx-hlace-racer-hollow-tamno-maskirane-zute-fluorescentne-25\/","title":{"rendered":"ALPINESTARS MX HLA\u010cE RACER HOLLOW TAMNO MASKIRANE \u017dUTE FLUORESCENTNE 25"},"content":{"rendered":"<p>Razvijena i testirana na najte\u017eim terenima diljem svijeta, Alpinestrars Racer oprema idealna je za mnoge oblike off-road vo\u017enje, a odlikuje se ergonomskom konstrukcijom s prethodno zakrivljenim uzorkom i laganim, izdr\u017eljivim tehni\u010dkim materijalima koji odvode vlagu. Dres i hla\u010de Racer Hollow dizajnirani su kako bi pru\u017eili optimalnu razinu udobnosti i izdr\u017eljivosti potrebnu trka\u010dima i svakodnevnim voza\u010dima, a dostupni su u nizu prepoznatljivih i agresivnih kombinacija boja kreiranih za liniju Racer Gear i Radar rukavice, pru\u017eaju\u0107i savr\u0161en izgled i osje\u0107aj za performanse. <\/p>\n<p>Razvijena i testirana na nekim od najte\u017eih terena diljem svijeta, Racer oprema idealna je za mnoge oblike terenske vo\u017enje zahvaljuju\u0107i ergonomskoj prethodno zakrivljenoj konstrukciji uzorka i tehni\u010dkim materijalima koji odvode vlagu, laganima su i izdr\u017eljivima. Dizajnirani kako bi ponudili optimalnu razinu udobnosti i izdr\u017eljivosti potrebne trka\u010dima i svakodnevnim voza\u010dima, dres i hla\u010de Racer Hollow dolaze u nizu prepoznatljivih i agresivnih kombinacija boja stvorenih kako bi se slagale s linijom Racer Gear i Radar rukavica za potpuni izgled i osje\u0107aj performansi. <\/p>\n<p>Das Racer Gear wurde auf einige der h\u00e4rtesten Terrain rund um den Globe entwickelt und testet und ist zahvaljuju\u0107i ergonomskoj, unaprijed oblikovanoj konstrukciji i otpornim na vlagu, laganim i izdr\u017eljivim tehni\u010dkim materijalima idealnim za mnoge oblike terenske vo\u017enje. Das Racer Hollow Trikot und die Hose wurden entwickelt, um ein optimales Ma\u00df an Komfort und Strapazierf\u00e4higkeit zu bieten, das von Rennfahrern und Alltagsfahrern wird neigtigt wird. Sie sind einer Reihe von unverwechselbaren und aggressiven Farbkombinationen bez\u00e4lliblich, die auf die Linie von Racer Gear und Radar Handschuhen sind um einen Look und ein Gef\u00fchl der totalen zu bieten.<\/p>\n","protected":false},"excerpt":{"rendered":"<p>Alpinestars Racer Hollow MX hla\u010de<\/p>\n","protected":false},"featured_media":32859,"comment_status":"open","ping_status":"open","template":"","meta":{"_acf_changed":false},"brand":[2748],"gender":[],"product_brand":[],"product_cat":[2737,2733],"product_tag":[],"class_list":{"0":"post-131440","1":"product","2":"type-product","3":"status-publish","4":"has-post-thumbnail","6":"brand-alpinestars-hr","7":"product_cat-mx-hlace-hr","8":"product_cat-oprema-za-motokros","9":"pa_size-28-hr","10":"pa_size-30-hr","11":"pa_size-32-hr","12":"pa_size-34-hr","13":"pa_size-36-hr","14":"pa_size-38-hr","15":"pa_size-40-hr","17":"first","18":"instock","19":"sale","20":"taxable","21":"shipping-taxable","22":"purchasable","23":"product-type-variable"},"acf":[],"_links":{"self":[{"href":"https:\/\/moto-oprema.com\/hr\/wp-json\/wp\/v2\/product\/131440","targetHints":{"allow":["GET"]}}],"collection":[{"href":"https:\/\/moto-oprema.com\/hr\/wp-json\/wp\/v2\/product"}],"about":[{"href":"https:\/\/moto-oprema.com\/hr\/wp-json\/wp\/v2\/types\/product"}],"replies":[{"embeddable":true,"href":"https:\/\/moto-oprema.com\/hr\/wp-json\/wp\/v2\/comments?post=131440"}],"wp:featuredmedia":[{"embeddable":true,"href":"https:\/\/moto-oprema.com\/hr\/wp-json\/wp\/v2\/media\/32859"}],"wp:attachment":[{"href":"https:\/\/moto-oprema.com\/hr\/wp-json\/wp\/v2\/media?parent=131440"}],"wp:term":[{"taxonomy":"brand","embeddable":true,"href":"https:\/\/moto-oprema.com\/hr\/wp-json\/wp\/v2\/brand?post=131440"},{"taxonomy":"gender","embeddable":true,"href":"https:\/\/moto-oprema.com\/hr\/wp-json\/wp\/v2\/gender?post=131440"},{"taxonomy":"product_brand","embeddable":true,"href":"https:\/\/moto-oprema.com\/hr\/wp-json\/wp\/v2\/product_brand?post=131440"},{"taxonomy":"product_cat","embeddable":true,"href":"https:\/\/moto-oprema.com\/hr\/wp-json\/wp\/v2\/product_cat?post=131440"},{"taxonomy":"product_tag","embeddable":true,"href":"https:\/\/moto-oprema.com\/hr\/wp-json\/wp\/v2\/product_tag?post=131440"}],"curies":[{"name":"wp","href":"https:\/\/api.w.org\/{rel}","templated":true}]}}