{"id":131387,"date":"2024-12-17T11:09:29","date_gmt":"2024-12-17T11:09:29","guid":{"rendered":"https:\/\/moto-oprema.com\/Artikel\/alpinestars-mx-radar-pro-rukavice-crne-25\/"},"modified":"2024-12-17T11:09:29","modified_gmt":"2024-12-17T11:09:29","slug":"alpinestars-mx-radar-pro-rukavice-crne-25","status":"publish","type":"product","link":"https:\/\/moto-oprema.com\/hr\/Artikel\/alpinestars-mx-radar-pro-rukavice-crne-25\/","title":{"rendered":"ALPINESTARS MX RADAR PRO RUKAVICE CRNE 25"},"content":{"rendered":"<p>Dizajnirane za maksimalnu prozra\u010dnost i lako\u0107u, Alpinestars Radar Pro trka\u0107e rukavice razvijene su u bliskoj suradnji s vrhunskim Alpinestars sporta\u0161ima kako bi se stvorio elegantniji, minimalisti\u010dki dizajn koji dodatno pobolj\u0161ava slobodu kretanja i kontrolu na stazi. Visoko prozra\u010dne, izuzetno lagane i prepune izvrsnih zna\u010dajki udobnosti, Radar Pro rukavice imaju jednoslojnu konstrukciju, s jednoslojnom 4-smjerno rastezljivom mre\u017eicom na stra\u017enjoj strani i sinteti\u010dkim oja\u010danjima od bru\u0161ene ko\u017ee na dlanu za visoku razinu udobnosti i pobolj\u0161ani osje\u0107aj pri upravljanju motociklom. Za liniju MX25, Radar Pro rukavice imaju vodljivi materijal na dlanu i prstima te be\u0161avni integrirani remen za pri\u010dvr\u0161\u0107ivanje.  <\/p>\n<p>Dizajnirane za maksimalnu prozra\u010dnost i lagane performanse, Radar Pro trka\u0107e rukavice razvijene su u bliskoj suradnji s vrhunskim Alpinestars sporta\u0161ima kako bi se stvorio elegantniji, minimalisti\u010dki dizajn, dodatno pove\u0107avaju\u0107i slobodu kretanja i kontrolu na stazi. Visoko prozra\u010dne, ultra lagane i prepune izvrsnih zna\u010dajki udobnosti, Radar Pro rukavice uklju\u010duju jednoslojnu konstrukciju sa svih strana, s jednoslojnom 4-smjerno rastezljivom mre\u017eastom nadlanicom i sinteti\u010dkim bru\u0161enim bo\u010dnim oja\u010danjima za visoku razinu udobnosti i pobolj\u0161ani osje\u0107aj s kontrolama motocikla. Za liniju MX25, Radar Pro rukavice imaju vodljivi materijal za dlan i prste te be\u0161avni integrirani remen za zatvaranje na zglobu.  <\/p>\n<p>Die Radar Pro Rennhandschuhe wurden in enger Zusammenarbeit mit Alpinestars Spitzenathleten entwickelt, um ein sl\u00e4nkeres, minimalistisches Design zu schaffen, das die Bewegungsfreiheit und Kontrolle auf der Strecke weiter verst\u00e4rt. Izuzetno prozra\u010dne, ultra lagane i ispunjene izvrsnim zna\u010dajkama udobnosti, Radar Pro rukavice imaju jednoslojnu konstrukciju s jednoslojnom 4-smjerno rastezljivom mre\u017eom na gornjem dijelu i bo\u010dnim oja\u010danjima za ruke od sinteti\u010dke antilop ko\u017ee za visoku razinu udobnosti i bolji osje\u0107aj za upravlja\u010dke elemente motocikla. Za liniju MX25, Radar Pro rukavice opremljene su vodljivim materijalom na dlanu i prstima, kao i besprijekorno integriranim Verschlussband am Handgelenk.<\/p>\n","protected":false},"excerpt":{"rendered":"<p>Alpinestars MX Radar Pro rukavice<\/p>\n","protected":false},"featured_media":32892,"comment_status":"open","ping_status":"open","template":"","meta":{"_acf_changed":false},"brand":[2748],"gender":[],"product_brand":[],"product_cat":[2754,2733],"product_tag":[],"class_list":{"0":"post-131387","1":"product","2":"type-product","3":"status-publish","4":"has-post-thumbnail","6":"brand-alpinestars-hr","7":"product_cat-mx-rukavice","8":"product_cat-oprema-za-motokros","9":"pa_size-2xl-hr","10":"pa_size-l-hr","11":"pa_size-m-hr","12":"pa_size-s-hr","13":"pa_size-xl-hr","15":"first","16":"instock","17":"sale","18":"taxable","19":"shipping-taxable","20":"purchasable","21":"product-type-variable"},"acf":[],"_links":{"self":[{"href":"https:\/\/moto-oprema.com\/hr\/wp-json\/wp\/v2\/product\/131387","targetHints":{"allow":["GET"]}}],"collection":[{"href":"https:\/\/moto-oprema.com\/hr\/wp-json\/wp\/v2\/product"}],"about":[{"href":"https:\/\/moto-oprema.com\/hr\/wp-json\/wp\/v2\/types\/product"}],"replies":[{"embeddable":true,"href":"https:\/\/moto-oprema.com\/hr\/wp-json\/wp\/v2\/comments?post=131387"}],"wp:featuredmedia":[{"embeddable":true,"href":"https:\/\/moto-oprema.com\/hr\/wp-json\/wp\/v2\/media\/32892"}],"wp:attachment":[{"href":"https:\/\/moto-oprema.com\/hr\/wp-json\/wp\/v2\/media?parent=131387"}],"wp:term":[{"taxonomy":"brand","embeddable":true,"href":"https:\/\/moto-oprema.com\/hr\/wp-json\/wp\/v2\/brand?post=131387"},{"taxonomy":"gender","embeddable":true,"href":"https:\/\/moto-oprema.com\/hr\/wp-json\/wp\/v2\/gender?post=131387"},{"taxonomy":"product_brand","embeddable":true,"href":"https:\/\/moto-oprema.com\/hr\/wp-json\/wp\/v2\/product_brand?post=131387"},{"taxonomy":"product_cat","embeddable":true,"href":"https:\/\/moto-oprema.com\/hr\/wp-json\/wp\/v2\/product_cat?post=131387"},{"taxonomy":"product_tag","embeddable":true,"href":"https:\/\/moto-oprema.com\/hr\/wp-json\/wp\/v2\/product_tag?post=131387"}],"curies":[{"name":"wp","href":"https:\/\/api.w.org\/{rel}","templated":true}]}}