{"id":131371,"date":"2024-12-17T09:22:21","date_gmt":"2024-12-17T09:22:21","guid":{"rendered":"https:\/\/moto-oprema.com\/Artikel\/alpinestars-mx-techstar-rukavice-crne-zute-fluorescentne-25\/"},"modified":"2024-12-17T09:22:21","modified_gmt":"2024-12-17T09:22:21","slug":"alpinestars-mx-techstar-rukavice-crne-zute-fluorescentne-25","status":"publish","type":"product","link":"https:\/\/moto-oprema.com\/hr\/Artikel\/alpinestars-mx-techstar-rukavice-crne-zute-fluorescentne-25\/","title":{"rendered":"ALPINESTARS MX TECHSTAR RUKAVICE CRNE \u017dUTE FLUORESCENTNE 25"},"content":{"rendered":"<p>Nove Alpinestars Techstar rukavice izra\u0111ene su od napredne rastezljive tkanine za precizan osje\u0107aj pri kori\u0161tenju ru\u010dica i ru\u010dki te su dizajnirane za pru\u017eanje profesionalne za\u0161tite. Techstar rukavice imaju visokofleksibilnu gornju konstrukciju, termoformirano podru\u010dje zglobova i rastezljivi mikro ripstop gornji dio za dodatnu udobnost i za\u0161titu, dok oja\u010dani sinteti\u010dki bru\u0161eni dlan pru\u017ea visoku razinu izdr\u017eljivosti. Dlanovi su izra\u0111eni od vodljivog materijala za besprijekorno kori\u0161tenje sa pametnim telefonima i drugim GPS ure\u0111ajima s zaslonom osjetljivim na dodir. Rukavice tako\u0111er imaju novodizajnirano be\u0161avno zatvaranje za sigurno prianjanje.   <\/p>\n<p>Izra\u0111ene od napredne, rastezljive tkanine za precizan osje\u0107aj s polugama i hvati\u0161tima, nove Techstar rukavice dizajnirane su kako bi pru\u017eile za\u0161titu profesionalne razine. S visokofleksibilnom gornjom konstrukcijom s termoformiranim podru\u010djem za zglobove i rastezljivim mikro ripstop gornjim dijelom za dodatnu udobnost i za\u0161titu, Techstar rukavice imaju oja\u010dani dlan od sinteti\u010dke bru\u0161ene ko\u017ee za visoku razinu izdr\u017eljivosti. Dlanovi su izra\u0111eni od vodljivog materijala za besprijekornu upotrebu sa pametnim telefonima i drugim GPS ure\u0111ajima s zaslonom osjetljivim na dodir. Rukavice tako\u0111er imaju novo oblikovano, be\u0161avno zatvaranje za sigurno prianjanje.   <\/p>\n<p>Die neuen Techstar Gloves sind aus hochentwickeltem, dehnbarem Material f\u00fcr ein precises Gef\u00fchl an den Hebelen und Griffen und bieten Schutz auf Profi-Niveau. Techstar rukavice imaju vrlo fleksibilnu gornju konstrukciju s termo oblikovanim podru\u010djem oko zglobova i Stretch-Micro-Ripstop gornjim dijelom za dodatnu udobnost i za\u0161titu, kao i oja\u010dani dlan od sinteti\u010dke antilop ko\u017ee za visoku izdr\u017eljivost. Die Handfl\u00e4chen besten aus leitf\u00e4higem Material f\u00fcr den problemlosen Einsatz mit Smartphones und anderen GPS-Touchscreen-Ger\u00e4ten. Rukavice tako\u0111er imaju novo oblikovano, be\u0161avno zatvaranje za sigurno pristajanje.<\/p>\n","protected":false},"excerpt":{"rendered":"<p>Alpinestars MX Techstar rukavice<\/p>\n","protected":false},"featured_media":32789,"comment_status":"open","ping_status":"open","template":"","meta":{"_acf_changed":false},"brand":[2748],"gender":[],"product_brand":[],"product_cat":[2754,2733],"product_tag":[],"class_list":{"0":"post-131371","1":"product","2":"type-product","3":"status-publish","4":"has-post-thumbnail","6":"brand-alpinestars-hr","7":"product_cat-mx-rukavice","8":"product_cat-oprema-za-motokros","9":"pa_size-2xl-hr","10":"pa_size-l-hr","11":"pa_size-m-hr","12":"pa_size-s-hr","13":"pa_size-xl-hr","15":"first","16":"instock","17":"sale","18":"taxable","19":"shipping-taxable","20":"purchasable","21":"product-type-variable"},"acf":[],"_links":{"self":[{"href":"https:\/\/moto-oprema.com\/hr\/wp-json\/wp\/v2\/product\/131371","targetHints":{"allow":["GET"]}}],"collection":[{"href":"https:\/\/moto-oprema.com\/hr\/wp-json\/wp\/v2\/product"}],"about":[{"href":"https:\/\/moto-oprema.com\/hr\/wp-json\/wp\/v2\/types\/product"}],"replies":[{"embeddable":true,"href":"https:\/\/moto-oprema.com\/hr\/wp-json\/wp\/v2\/comments?post=131371"}],"wp:featuredmedia":[{"embeddable":true,"href":"https:\/\/moto-oprema.com\/hr\/wp-json\/wp\/v2\/media\/32789"}],"wp:attachment":[{"href":"https:\/\/moto-oprema.com\/hr\/wp-json\/wp\/v2\/media?parent=131371"}],"wp:term":[{"taxonomy":"brand","embeddable":true,"href":"https:\/\/moto-oprema.com\/hr\/wp-json\/wp\/v2\/brand?post=131371"},{"taxonomy":"gender","embeddable":true,"href":"https:\/\/moto-oprema.com\/hr\/wp-json\/wp\/v2\/gender?post=131371"},{"taxonomy":"product_brand","embeddable":true,"href":"https:\/\/moto-oprema.com\/hr\/wp-json\/wp\/v2\/product_brand?post=131371"},{"taxonomy":"product_cat","embeddable":true,"href":"https:\/\/moto-oprema.com\/hr\/wp-json\/wp\/v2\/product_cat?post=131371"},{"taxonomy":"product_tag","embeddable":true,"href":"https:\/\/moto-oprema.com\/hr\/wp-json\/wp\/v2\/product_tag?post=131371"}],"curies":[{"name":"wp","href":"https:\/\/api.w.org\/{rel}","templated":true}]}}