{"id":131332,"date":"2024-12-17T08:13:27","date_gmt":"2024-12-17T08:13:27","guid":{"rendered":"https:\/\/moto-oprema.com\/Artikel\/alpinestars-mx-dres-techstar-melt-narancasta-plava-25\/"},"modified":"2024-12-17T08:13:27","modified_gmt":"2024-12-17T08:13:27","slug":"alpinestars-mx-dres-techstar-melt-narancasta-plava-25","status":"publish","type":"product","link":"https:\/\/moto-oprema.com\/hr\/Artikel\/alpinestars-mx-dres-techstar-melt-narancasta-plava-25\/","title":{"rendered":"ALPINESTARS MX DRES TECHSTAR MELT NARAN\u010cASTA PLAVA 25"},"content":{"rendered":"<p>Linija Techstar nudi optimalnu kombinaciju performansi i izdr\u017eljivosti. Dizajnirana za napredna natjecanja na svim terenima, nudi kroj i krojeve specifi\u010dne za utrku, dok vi\u0161ematerijalna konstrukcija pru\u017ea najvi\u0161u razinu ventilacije i rastezljivosti za izvrsnu slobodu kretanja. <\/p>\n<p>Techstar Melt dres izra\u0111en je od lagane, vrlo izdr\u017eljive, rastezljive tkanine koja odvodi vlagu i pru\u017ea vrhunsku udobnost i performanse.<\/p>\n<p>&nbsp;<\/p>\n<p>Linija Techstar nudi optimalnu kombinaciju performansi i izdr\u017eljivosti. Dizajnirana za natjecanja napredne razine na svim terenima i nude\u0107i kroj i krojeve inspirirane trka\u0107im sportovima, vi\u0161ematerijalna konstrukcija pru\u017ea najvi\u0161u razinu ventilacije i rastezljivosti za izvrsnu slobodu kretanja. <\/p>\n<p>Techstar Melt Jersey izra\u0111en je od lagane, vrlo izdr\u017eljive, rastezljive tkanine, s tretmanom za odvo\u0111enje vlage za vrhunsku udobnost i performanse.<\/p>\n<p>&nbsp;<\/p>\n<p>Linija Techstar nudi optimalnu mje\u0161avinu performansi i izdr\u017eljivosti. Die Multi-Material-Konstruktion wurde f\u00fcr Wettk\u00e4mpfe auf h\u00f6chstem Niveau und in jedem Gel\u00e4nde entwickelt und bietet eine rennsportorientierte Fitform und Schnittf\u00fchrung sowie ein H\u00f6chstma\u00df an L\u00fcftung und Stretch f\u00fcr excellent Bewegungsfreiheit. <\/p>\n<p>Das Techstar Melt Jersey besteht aus leichtem, \u00fcberst\u00e4tstrapazierf\u00e4higem Stretchmaterial mit einer feuchtigkeitsableitenden Behandlung f\u00fcr \u00fcberragenden Komfort und Leistung.<\/p>\n<p>&nbsp;<\/p>\n<p>&nbsp;<\/p>\n","protected":false},"excerpt":{"rendered":"<p>Alpinestars Techstar Melt MX dres izra\u0111en je od lagane, vrlo izdr\u017eljive, rastezljive tkanine koja odvodi vlagu&#8230;<\/p>\n","protected":false},"featured_media":32695,"comment_status":"open","ping_status":"open","template":"","meta":{"_acf_changed":false},"brand":[2748],"gender":[],"product_brand":[],"product_cat":[2746,2733],"product_tag":[],"class_list":{"0":"post-131332","1":"product","2":"type-product","3":"status-publish","4":"has-post-thumbnail","6":"brand-alpinestars-hr","7":"product_cat-mx-dresovi","8":"product_cat-oprema-za-motokros","9":"pa_size-2xl-hr","10":"pa_size-l-hr","11":"pa_size-m-hr","12":"pa_size-s-hr","13":"pa_size-xl-hr","15":"first","16":"instock","17":"sale","18":"taxable","19":"shipping-taxable","20":"purchasable","21":"product-type-variable"},"acf":[],"_links":{"self":[{"href":"https:\/\/moto-oprema.com\/hr\/wp-json\/wp\/v2\/product\/131332","targetHints":{"allow":["GET"]}}],"collection":[{"href":"https:\/\/moto-oprema.com\/hr\/wp-json\/wp\/v2\/product"}],"about":[{"href":"https:\/\/moto-oprema.com\/hr\/wp-json\/wp\/v2\/types\/product"}],"replies":[{"embeddable":true,"href":"https:\/\/moto-oprema.com\/hr\/wp-json\/wp\/v2\/comments?post=131332"}],"wp:featuredmedia":[{"embeddable":true,"href":"https:\/\/moto-oprema.com\/hr\/wp-json\/wp\/v2\/media\/32695"}],"wp:attachment":[{"href":"https:\/\/moto-oprema.com\/hr\/wp-json\/wp\/v2\/media?parent=131332"}],"wp:term":[{"taxonomy":"brand","embeddable":true,"href":"https:\/\/moto-oprema.com\/hr\/wp-json\/wp\/v2\/brand?post=131332"},{"taxonomy":"gender","embeddable":true,"href":"https:\/\/moto-oprema.com\/hr\/wp-json\/wp\/v2\/gender?post=131332"},{"taxonomy":"product_brand","embeddable":true,"href":"https:\/\/moto-oprema.com\/hr\/wp-json\/wp\/v2\/product_brand?post=131332"},{"taxonomy":"product_cat","embeddable":true,"href":"https:\/\/moto-oprema.com\/hr\/wp-json\/wp\/v2\/product_cat?post=131332"},{"taxonomy":"product_tag","embeddable":true,"href":"https:\/\/moto-oprema.com\/hr\/wp-json\/wp\/v2\/product_tag?post=131332"}],"curies":[{"name":"wp","href":"https:\/\/api.w.org\/{rel}","templated":true}]}}