{"id":131307,"date":"2024-12-16T11:12:02","date_gmt":"2024-12-16T11:12:02","guid":{"rendered":"https:\/\/moto-oprema.com\/Artikel\/alpinestars-mx-dres-supertech-lipan-zuto-rozicasto\/"},"modified":"2024-12-16T11:12:02","modified_gmt":"2024-12-16T11:12:02","slug":"alpinestars-mx-dres-supertech-lipan-zuto-rozicasto","status":"publish","type":"product","link":"https:\/\/moto-oprema.com\/hr\/Artikel\/alpinestars-mx-dres-supertech-lipan-zuto-rozicasto\/","title":{"rendered":"ALPINESTARS MX DRES SUPERTECH LIPAN \u017dUTO-ROZI\u010cASTO"},"content":{"rendered":"<p>Supertech je nova inovativna linija motocross odje\u0107e dizajnirane posebno za vo\u017enju izvan ceste. Dres je izuzetno lagan i izra\u0111en od napredne mre\u017easte tkanine. To je najlak\u0161i dres koji je Alpinestars ikada proizveo.  <\/p>\n<p>Zna\u010dajke:<\/p>\n<ul>\n<li>Ultra lagan<\/li>\n<li>Bolji rez<\/li>\n<li>Mre\u017easta rastezljiva tkanina<\/li>\n<li>Unaprijed oblikovani rukavi<\/li>\n<li>Produ\u017eena le\u0111a<\/li>\n<\/ul>\n<p>Sastav sirovine: 88% poliester, 12% elastan<\/p>\n","protected":false},"excerpt":{"rendered":"<p>Supertech je nova inovativna linija motocross odje\u0107e dizajnirane posebno za vo\u017enju izvan ceste. Dres je izuzetno&#8230;<\/p>\n","protected":false},"featured_media":32550,"comment_status":"open","ping_status":"open","template":"","meta":{"_acf_changed":false},"brand":[2748],"gender":[],"product_brand":[],"product_cat":[2746,2733],"product_tag":[],"class_list":{"0":"post-131307","1":"product","2":"type-product","3":"status-publish","4":"has-post-thumbnail","6":"brand-alpinestars-hr","7":"product_cat-mx-dresovi","8":"product_cat-oprema-za-motokros","9":"pa_size-l-hr","10":"pa_size-m-hr","11":"pa_size-s-hr","12":"pa_size-xl-hr","13":"pa_size-xxl-hr","15":"first","16":"instock","17":"sale","18":"taxable","19":"shipping-taxable","20":"purchasable","21":"product-type-variable"},"acf":[],"_links":{"self":[{"href":"https:\/\/moto-oprema.com\/hr\/wp-json\/wp\/v2\/product\/131307","targetHints":{"allow":["GET"]}}],"collection":[{"href":"https:\/\/moto-oprema.com\/hr\/wp-json\/wp\/v2\/product"}],"about":[{"href":"https:\/\/moto-oprema.com\/hr\/wp-json\/wp\/v2\/types\/product"}],"replies":[{"embeddable":true,"href":"https:\/\/moto-oprema.com\/hr\/wp-json\/wp\/v2\/comments?post=131307"}],"wp:featuredmedia":[{"embeddable":true,"href":"https:\/\/moto-oprema.com\/hr\/wp-json\/wp\/v2\/media\/32550"}],"wp:attachment":[{"href":"https:\/\/moto-oprema.com\/hr\/wp-json\/wp\/v2\/media?parent=131307"}],"wp:term":[{"taxonomy":"brand","embeddable":true,"href":"https:\/\/moto-oprema.com\/hr\/wp-json\/wp\/v2\/brand?post=131307"},{"taxonomy":"gender","embeddable":true,"href":"https:\/\/moto-oprema.com\/hr\/wp-json\/wp\/v2\/gender?post=131307"},{"taxonomy":"product_brand","embeddable":true,"href":"https:\/\/moto-oprema.com\/hr\/wp-json\/wp\/v2\/product_brand?post=131307"},{"taxonomy":"product_cat","embeddable":true,"href":"https:\/\/moto-oprema.com\/hr\/wp-json\/wp\/v2\/product_cat?post=131307"},{"taxonomy":"product_tag","embeddable":true,"href":"https:\/\/moto-oprema.com\/hr\/wp-json\/wp\/v2\/product_tag?post=131307"}],"curies":[{"name":"wp","href":"https:\/\/api.w.org\/{rel}","templated":true}]}}