{"id":131295,"date":"2024-12-16T10:31:53","date_gmt":"2024-12-16T10:31:53","guid":{"rendered":"https:\/\/moto-oprema.com\/Artikel\/alpinestars-stella-bionic-action-v2-jakna-crna\/"},"modified":"2024-12-16T10:31:53","modified_gmt":"2024-12-16T10:31:53","slug":"alpinestars-stella-bionic-action-v2-jakna-crna","status":"publish","type":"product","link":"https:\/\/moto-oprema.com\/hr\/Artikel\/alpinestars-stella-bionic-action-v2-jakna-crna\/","title":{"rendered":"ALPINESTARS STELLA BIONIC ACTION V2 JAKNA CRNA"},"content":{"rendered":"<p>&nbsp;<\/p>\n<p>&#8211; Lagane i udobne za no\u0161enje.<br \/>\n&#8211; Izra\u0111en od visokokvalitetnog materijala koji pru\u017ea vrlo dobru za\u0161titu.<br \/>\n&#8211; \u0160titnici za ramena i laktove od PU pjene.<br \/>\n&#8211; Mre\u017easta podstava pru\u017ea maksimalnu udobnost i ventilaciju.<br \/>\n&#8211; Gornji dio \u0161titnika za le\u0111a kompatibilan je s Alpinestars BNS ovratnicima.<br \/>\n&#8211; Zatvaranje s YKK\u00ae patentnim zatvara\u010dem.<br \/>\n&#8211; Testirano i certificirano prema europskoj normi (CE) EN 1621-1:2012 (razina 1), EN 1621-2:2014 (razina 2) i EN 1621-3:2016 (razina 2).<\/p>\n","protected":false},"excerpt":{"rendered":"<p>\u017denska za\u0161titna jakna Alpinestars Bionic Action V2 je lagana, prozra\u010dna i ima ugra\u0111ene za\u0161titne elemente s&#8230;<\/p>\n","protected":false},"featured_media":32537,"comment_status":"open","ping_status":"closed","template":"","meta":{"_acf_changed":false},"brand":[2748],"gender":[1314],"product_brand":[],"product_cat":[2890,2739,2733],"product_tag":[],"class_list":{"0":"post-131295","1":"product","2":"type-product","3":"status-publish","4":"has-post-thumbnail","6":"brand-alpinestars-hr","7":"gender-zenska","8":"product_cat-mx-stitnici-za-tijelo","9":"product_cat-mx-stitovi","10":"product_cat-oprema-za-motokros","11":"pa_size-l-hr","12":"pa_size-m-hr","13":"pa_size-s-hr","15":"first","16":"onbackorder","17":"sale","18":"taxable","19":"shipping-taxable","20":"purchasable","21":"product-type-variable"},"acf":[],"_links":{"self":[{"href":"https:\/\/moto-oprema.com\/hr\/wp-json\/wp\/v2\/product\/131295","targetHints":{"allow":["GET"]}}],"collection":[{"href":"https:\/\/moto-oprema.com\/hr\/wp-json\/wp\/v2\/product"}],"about":[{"href":"https:\/\/moto-oprema.com\/hr\/wp-json\/wp\/v2\/types\/product"}],"replies":[{"embeddable":true,"href":"https:\/\/moto-oprema.com\/hr\/wp-json\/wp\/v2\/comments?post=131295"}],"wp:featuredmedia":[{"embeddable":true,"href":"https:\/\/moto-oprema.com\/hr\/wp-json\/wp\/v2\/media\/32537"}],"wp:attachment":[{"href":"https:\/\/moto-oprema.com\/hr\/wp-json\/wp\/v2\/media?parent=131295"}],"wp:term":[{"taxonomy":"brand","embeddable":true,"href":"https:\/\/moto-oprema.com\/hr\/wp-json\/wp\/v2\/brand?post=131295"},{"taxonomy":"gender","embeddable":true,"href":"https:\/\/moto-oprema.com\/hr\/wp-json\/wp\/v2\/gender?post=131295"},{"taxonomy":"product_brand","embeddable":true,"href":"https:\/\/moto-oprema.com\/hr\/wp-json\/wp\/v2\/product_brand?post=131295"},{"taxonomy":"product_cat","embeddable":true,"href":"https:\/\/moto-oprema.com\/hr\/wp-json\/wp\/v2\/product_cat?post=131295"},{"taxonomy":"product_tag","embeddable":true,"href":"https:\/\/moto-oprema.com\/hr\/wp-json\/wp\/v2\/product_tag?post=131295"}],"curies":[{"name":"wp","href":"https:\/\/api.w.org\/{rel}","templated":true}]}}