{"id":131258,"date":"2024-12-27T08:21:58","date_gmt":"2024-12-27T08:21:58","guid":{"rendered":"https:\/\/moto-oprema.com\/Artikel\/alpinestars-mx-djecji-dres-racer-veil-svijetlo-crvena-bijela-25\/"},"modified":"2024-12-27T08:21:58","modified_gmt":"2024-12-27T08:21:58","slug":"alpinestars-mx-djecji-dres-racer-veil-svijetlo-crvena-bijela-25","status":"publish","type":"product","link":"https:\/\/moto-oprema.com\/hr\/Artikel\/alpinestars-mx-djecji-dres-racer-veil-svijetlo-crvena-bijela-25\/","title":{"rendered":"ALPINESTARS MX DJE\u010cJI DRES RACER VEIL SVIJETLO CRVENA BIJELA 25"},"content":{"rendered":"<p>Razvijena i testirana na najte\u017eim terenima diljem svijeta, Alpinestars Youth Racer oprema idealna je za \u0161irok raspon terenske vo\u017enje, a odlikuje se ergonomskom konstrukcijom s prethodno zakrivljenim uzorkom i laganim, izdr\u017eljivim tehni\u010dkim materijalima koji odvode vlagu. Dres i hla\u010de Racer Hollow dizajnirani su kako bi pru\u017eili optimalnu razinu udobnosti i izdr\u017eljivosti potrebnu trka\u010dima i svakodnevnim voza\u010dima, a dostupni su u nizu prepoznatljivih i agresivnih kombinacija boja kreiranih za liniju Racer Hollow opreme i Radar rukavica, pru\u017eaju\u0107i savr\u0161en izgled i osje\u0107aj za performanse. <\/p>\n<p>Razvijena i testirana na nekim od najte\u017eih terena diljem svijeta, Racer oprema idealna je za mnoge oblike terenske vo\u017enje zahvaljuju\u0107i ergonomskoj prethodno zakrivljenoj konstrukciji uzorka i tehni\u010dkim materijalima koji odvode vlagu, laganima su i izdr\u017eljivima. Dizajnirani kako bi ponudili optimalnu razinu udobnosti i izdr\u017eljivosti potrebnu trka\u010dima i svakodnevnim voza\u010dima, dres i hla\u010de Racer Hollow dolaze u nizu prepoznatljivih i agresivnih kombinacija boja stvorenih kako bi se slagale s linijom Racer Hollow opreme i Radar rukavica za potpuni izgled i osje\u0107aj performansi. <\/p>\n<p>Entwickelt und tested auf einige der h\u00e4rtesten Terrains rund um den Globe, ist die Racer-Ausr\u00fcstung zahvaljuju\u0107i ergonomskoj, unaprijed oblikovanoj konstrukciji i otpornim na vlagu, laganim i izdr\u017eljivim tehni\u010dkim materijalima idealnim za mnoge oblike terenske vo\u017enje. Das Racer Hollow Jersey und die Racer Hollow Pants wurden entwickelt, um ein optimales Ma\u00df an Komfort und Strapazierf\u00e4higkeit zu bieten, das both von Rennfahrern as auch von Alltagfahrern neigtigt wird. Sie sind einer Reihe von unverwechselbaren und aggressiven Farbkombinationen available, die auf die Racer Hollow Gear- und Radar Glove-Linie aufteinden sind um einen Look und ein Gef\u00fchl der totalen zu vermitteln.  <\/p>\n<p>&nbsp;<\/p>\n<p>&nbsp;<\/p>\n","protected":false},"excerpt":{"rendered":"<p>Alpinestars MX Youth dres Racer Veil<\/p>\n","protected":false},"featured_media":33379,"comment_status":"open","ping_status":"open","template":"","meta":{"_acf_changed":false},"brand":[2748],"gender":[],"product_brand":[],"product_cat":[2746,2733],"product_tag":[],"class_list":{"0":"post-131258","1":"product","2":"type-product","3":"status-publish","4":"has-post-thumbnail","6":"brand-alpinestars-hr","7":"product_cat-mx-dresovi","8":"product_cat-oprema-za-motokros","9":"pa_size-l-hr","10":"pa_size-m-hr","11":"pa_size-s-hr","12":"pa_size-xl-hr","14":"first","15":"instock","16":"sale","17":"taxable","18":"shipping-taxable","19":"purchasable","20":"product-type-variable"},"acf":[],"_links":{"self":[{"href":"https:\/\/moto-oprema.com\/hr\/wp-json\/wp\/v2\/product\/131258","targetHints":{"allow":["GET"]}}],"collection":[{"href":"https:\/\/moto-oprema.com\/hr\/wp-json\/wp\/v2\/product"}],"about":[{"href":"https:\/\/moto-oprema.com\/hr\/wp-json\/wp\/v2\/types\/product"}],"replies":[{"embeddable":true,"href":"https:\/\/moto-oprema.com\/hr\/wp-json\/wp\/v2\/comments?post=131258"}],"wp:featuredmedia":[{"embeddable":true,"href":"https:\/\/moto-oprema.com\/hr\/wp-json\/wp\/v2\/media\/33379"}],"wp:attachment":[{"href":"https:\/\/moto-oprema.com\/hr\/wp-json\/wp\/v2\/media?parent=131258"}],"wp:term":[{"taxonomy":"brand","embeddable":true,"href":"https:\/\/moto-oprema.com\/hr\/wp-json\/wp\/v2\/brand?post=131258"},{"taxonomy":"gender","embeddable":true,"href":"https:\/\/moto-oprema.com\/hr\/wp-json\/wp\/v2\/gender?post=131258"},{"taxonomy":"product_brand","embeddable":true,"href":"https:\/\/moto-oprema.com\/hr\/wp-json\/wp\/v2\/product_brand?post=131258"},{"taxonomy":"product_cat","embeddable":true,"href":"https:\/\/moto-oprema.com\/hr\/wp-json\/wp\/v2\/product_cat?post=131258"},{"taxonomy":"product_tag","embeddable":true,"href":"https:\/\/moto-oprema.com\/hr\/wp-json\/wp\/v2\/product_tag?post=131258"}],"curies":[{"name":"wp","href":"https:\/\/api.w.org\/{rel}","templated":true}]}}