{"id":131208,"date":"2024-12-23T11:30:51","date_gmt":"2024-12-23T11:30:51","guid":{"rendered":"https:\/\/moto-oprema.com\/Artikel\/alpinestars-mx-djecacke-hlace-racer-veil-svijetlo-crveno-bijele-25\/"},"modified":"2024-12-23T11:30:51","modified_gmt":"2024-12-23T11:30:51","slug":"alpinestars-mx-djecacke-hlace-racer-veil-svijetlo-crveno-bijele-25","status":"publish","type":"product","link":"https:\/\/moto-oprema.com\/hr\/Artikel\/alpinestars-mx-djecacke-hlace-racer-veil-svijetlo-crveno-bijele-25\/","title":{"rendered":"ALPINESTARS MX DJE\u010cA\u010cKE HLA\u010cE RACER VEIL SVIJETLO CRVENO BIJELE 25"},"content":{"rendered":"<p>Hla\u010de za mlade Racer Veil izra\u0111ene su od napredne mje\u0161avine umetaka od rastezljive tkanine na stra\u017enjem dijelu pojasa, me\u0111uno\u017eju i iznad koljena za dodatnu rastezljivost te nove oja\u010dane polivinil tkanine 600D 2025 za jo\u0161 ve\u0107u izdr\u017eljivost na sjedalu i koljenima. Nova ergonomska konstrukcija za optimalnu udobnost voza\u010da i pove\u0107anu pokretljivost. Unutarnja strana koljena od kozje ko\u017ee za vrhunski osje\u0107aj bicikliranja i pobolj\u0161ano prianjanje, udobnost i toplinu.<br \/>\n Otpornost na habanje. Zatvaranje na kop\u010du i trake za pode\u0161avanje struka za sigurno i prilago\u0111eno pristajanje. Unutarnji elasti\u010dni pojas poma\u017ee u odr\u017eavanju hla\u010da na mjestu.    <\/p>\n<p>Hla\u010de za mlade Racer Veil izra\u0111ene su od napredne mje\u0161avine umetaka od rastezljive tkanine na stra\u017enjem dijelu, u podru\u010dju me\u0111uno\u017eja i iznad koljena za pobolj\u0161anu rastezljivost, te nove oja\u010dane 600D polifabrice 2025 za jo\u0161 ve\u0107u izdr\u017eljivost na sjedalu i koljenima. Nova ergonomska konstrukcija za optimalnu udobnost voza\u010da i pobolj\u0161anu pokretljivost. Unutarnja strana koljena od kozje ko\u017ee za vrhunski osje\u0107aj s biciklom i pobolj\u0161ano prianjanje, udobnost, kao i toplinu i&#8230;<br \/>\n Otpornost na habanje. Zatvaranje s \u010degrtaljkom i trakama za pode\u0161avanje struka za sigurno i personalizirano pristajanje. Unutarnja elasti\u010dna traka u struku poma\u017ee u odr\u017eavanju hla\u010da na mjestu.    <\/p>\n<p>Die Youth Racer Veil Pants besteht aus einer fortschrittlichen Mischung aus Stretch-Stoffeins\u00e4tzen an der R\u00fcckenpasse, im Schrittbereich und \u00fcber den Knien f\u00fcr verbesserte Dehnbarkeit und neuem, 2025 verst\u00e4rktem 600D-Polyfabric f\u00fcr noch mehr Strapazierf\u00e4higkeit an Ges\u00e4\u00df und Knien. Nova ergonomska konstrukcija za optimalnu udobnost voza\u010da i pobolj\u0161anu mobilnost. Knieinnenseiten aus Ziegenleder f\u00fcr ein erstklassiges Fahrgef\u00fchl und verbesserten Grip, Komfort sowie Heat- und Abriebfestigkeit. Ratschenverschluss mit Taillenverstellriemen f\u00fcr eine sichere, individuelle Fitform. Internes elastisches Taillenband hilft, die Hose in Position zu halten.    <\/p>\n<p>&nbsp;<\/p>\n","protected":false},"excerpt":{"rendered":"<p>Alpinestars Youth Racer Veil MX hla\u010de<\/p>\n","protected":false},"featured_media":33351,"comment_status":"open","ping_status":"open","template":"","meta":{"_acf_changed":false},"brand":[2748],"gender":[],"product_brand":[],"product_cat":[2895,2737,2733],"product_tag":[],"class_list":{"0":"post-131208","1":"product","2":"type-product","3":"status-publish","4":"has-post-thumbnail","6":"brand-alpinestars-hr","7":"product_cat-mx-hlace-hr-2","8":"product_cat-mx-hlace-hr","9":"product_cat-oprema-za-motokros","10":"pa_size-22-hr","11":"pa_size-24-hr","12":"pa_size-26-hr","13":"pa_size-28-hr","15":"first","16":"instock","17":"sale","18":"taxable","19":"shipping-taxable","20":"purchasable","21":"product-type-variable"},"acf":[],"_links":{"self":[{"href":"https:\/\/moto-oprema.com\/hr\/wp-json\/wp\/v2\/product\/131208","targetHints":{"allow":["GET"]}}],"collection":[{"href":"https:\/\/moto-oprema.com\/hr\/wp-json\/wp\/v2\/product"}],"about":[{"href":"https:\/\/moto-oprema.com\/hr\/wp-json\/wp\/v2\/types\/product"}],"replies":[{"embeddable":true,"href":"https:\/\/moto-oprema.com\/hr\/wp-json\/wp\/v2\/comments?post=131208"}],"wp:featuredmedia":[{"embeddable":true,"href":"https:\/\/moto-oprema.com\/hr\/wp-json\/wp\/v2\/media\/33351"}],"wp:attachment":[{"href":"https:\/\/moto-oprema.com\/hr\/wp-json\/wp\/v2\/media?parent=131208"}],"wp:term":[{"taxonomy":"brand","embeddable":true,"href":"https:\/\/moto-oprema.com\/hr\/wp-json\/wp\/v2\/brand?post=131208"},{"taxonomy":"gender","embeddable":true,"href":"https:\/\/moto-oprema.com\/hr\/wp-json\/wp\/v2\/gender?post=131208"},{"taxonomy":"product_brand","embeddable":true,"href":"https:\/\/moto-oprema.com\/hr\/wp-json\/wp\/v2\/product_brand?post=131208"},{"taxonomy":"product_cat","embeddable":true,"href":"https:\/\/moto-oprema.com\/hr\/wp-json\/wp\/v2\/product_cat?post=131208"},{"taxonomy":"product_tag","embeddable":true,"href":"https:\/\/moto-oprema.com\/hr\/wp-json\/wp\/v2\/product_tag?post=131208"}],"curies":[{"name":"wp","href":"https:\/\/api.w.org\/{rel}","templated":true}]}}