{"id":131171,"date":"2024-12-23T10:08:21","date_gmt":"2024-12-23T10:08:21","guid":{"rendered":"https:\/\/moto-oprema.com\/Artikel\/alpinestars-mx-hlace-stella-techstar-melt-blush-crne\/"},"modified":"2024-12-23T10:08:21","modified_gmt":"2024-12-23T10:08:21","slug":"alpinestars-mx-hlace-stella-techstar-melt-blush-crne","status":"publish","type":"product","link":"https:\/\/moto-oprema.com\/hr\/Artikel\/alpinestars-mx-hlace-stella-techstar-melt-blush-crne\/","title":{"rendered":"ALPINESTARS MX HLA\u010cE STELLA TECHSTAR MELT BLUSH CRNE"},"content":{"rendered":"<p>\u017denske hla\u010de Alpinestars Techstar Melt imaju novu oja\u010danu konstrukciju koja uklju\u010duje rastezljivije ripstop materijale, a\u017eurirani ergonomski dizajniran kroj i optimizirani natjecateljski vi\u0161epanelni uzorak koji se osje\u0107a kao druga ko\u017ea, pru\u017eaju\u0107i vrhunsku slobodu kretanja i izvrsnu mobilnost.<\/p>\n<p>\u017denske Alpinestars Techstar Melt hla\u010de imaju novu konstrukciju od oja\u010danih materijala koja uklju\u010duje vi\u0161e rastezljivih ripstop materijala, te a\u017eurirani ergonomski dizajniran kroj i optimizirani vi\u0161epanelni uzorak za utrke koji pru\u017ea osje\u0107aj druge ko\u017ee i pru\u017ea vrhunsku slobodu kretanja i vrhunsku mobilnost.<\/p>\n<p>\u017denske Techstar Melt hla\u010de od Alpinestrsa imaju novu, oja\u010danu konstrukciju materijala koja sadr\u017ei vi\u0161e rastezljivih ripstop materijala, kao i a\u017eurirani, ergonomski kroj i optimizirani vi\u0161epanelni uzorak za utrke koji daje osje\u0107aj druge ko\u017ee i nudi prvoklasnu slobodu kretanja i vrhunsku mobilnost.<\/p>\n<p>&nbsp;<\/p>\n","protected":false},"excerpt":{"rendered":"<p>\u017denske Stella Alpinestars Techstar Melt MX hla\u010de<\/p>\n","protected":false},"featured_media":33336,"comment_status":"open","ping_status":"open","template":"","meta":{"_acf_changed":false},"brand":[2748],"gender":[],"product_brand":[],"product_cat":[2737,2733],"product_tag":[],"class_list":{"0":"post-131171","1":"product","2":"type-product","3":"status-publish","4":"has-post-thumbnail","6":"brand-alpinestars-hr","7":"product_cat-mx-hlace-hr","8":"product_cat-oprema-za-motokros","9":"pa_size-28-hr","10":"pa_size-30-hr","11":"pa_size-32-hr","12":"pa_size-34-hr","14":"first","15":"instock","16":"sale","17":"taxable","18":"shipping-taxable","19":"purchasable","20":"product-type-variable"},"acf":[],"_links":{"self":[{"href":"https:\/\/moto-oprema.com\/hr\/wp-json\/wp\/v2\/product\/131171","targetHints":{"allow":["GET"]}}],"collection":[{"href":"https:\/\/moto-oprema.com\/hr\/wp-json\/wp\/v2\/product"}],"about":[{"href":"https:\/\/moto-oprema.com\/hr\/wp-json\/wp\/v2\/types\/product"}],"replies":[{"embeddable":true,"href":"https:\/\/moto-oprema.com\/hr\/wp-json\/wp\/v2\/comments?post=131171"}],"wp:featuredmedia":[{"embeddable":true,"href":"https:\/\/moto-oprema.com\/hr\/wp-json\/wp\/v2\/media\/33336"}],"wp:attachment":[{"href":"https:\/\/moto-oprema.com\/hr\/wp-json\/wp\/v2\/media?parent=131171"}],"wp:term":[{"taxonomy":"brand","embeddable":true,"href":"https:\/\/moto-oprema.com\/hr\/wp-json\/wp\/v2\/brand?post=131171"},{"taxonomy":"gender","embeddable":true,"href":"https:\/\/moto-oprema.com\/hr\/wp-json\/wp\/v2\/gender?post=131171"},{"taxonomy":"product_brand","embeddable":true,"href":"https:\/\/moto-oprema.com\/hr\/wp-json\/wp\/v2\/product_brand?post=131171"},{"taxonomy":"product_cat","embeddable":true,"href":"https:\/\/moto-oprema.com\/hr\/wp-json\/wp\/v2\/product_cat?post=131171"},{"taxonomy":"product_tag","embeddable":true,"href":"https:\/\/moto-oprema.com\/hr\/wp-json\/wp\/v2\/product_tag?post=131171"}],"curies":[{"name":"wp","href":"https:\/\/api.w.org\/{rel}","templated":true}]}}