{"id":131114,"date":"2024-12-19T09:46:52","date_gmt":"2024-12-19T09:46:52","guid":{"rendered":"https:\/\/moto-oprema.com\/Artikel\/alpinestars-rucnik-rucnik-50x100-bijeli\/"},"modified":"2024-12-19T09:46:52","modified_gmt":"2024-12-19T09:46:52","slug":"alpinestars-rucnik-rucnik-50x100-bijeli","status":"publish","type":"product","link":"https:\/\/moto-oprema.com\/hr\/Artikel\/alpinestars-rucnik-rucnik-50x100-bijeli\/","title":{"rendered":"ALPINESTARS RU\u010cNIK &#8211; RU\u010cNIK 50X100 BIJELI"},"content":{"rendered":"<p>Alpinestars ru\u010dnik od 100% pamuka s Alpinestars logotipom, veli\u010dine 50&#215;100 cm<\/p>\n<p> Alpinestars ru\u010dnik od 100% pamuka s printom Alpinestars logotipa, veli\u010dine 50&#215;100 cm<\/p>\n<p> Alpinestars Handtuch aus 100% Baumwolle mit Alpinestars Logoaufdruck, Gr\u00f6\u00dfe 50x100cm<\/p>\n<p>&nbsp;<\/p>\n","protected":false},"excerpt":{"rendered":"<p>Alpinestars ru\u010dnik od 100% pamuka s Alpinestars logotipom, veli\u010dine 50&#215;100 cm Alpinestars ru\u010dnik od 100% pamuka&#8230;<\/p>\n","protected":false},"featured_media":33217,"comment_status":"open","ping_status":"closed","template":"","meta":{"_acf_changed":false},"brand":[2748],"gender":[],"product_brand":[],"product_cat":[2829,2894],"product_tag":[],"class_list":{"0":"post-131114","1":"product","2":"type-product","3":"status-publish","4":"has-post-thumbnail","6":"brand-alpinestars-hr","7":"product_cat-lezerna-odjeca","8":"product_cat-ostalo-hr","10":"first","11":"instock","12":"sale","13":"taxable","14":"shipping-taxable","15":"purchasable","16":"product-type-simple"},"acf":[],"_links":{"self":[{"href":"https:\/\/moto-oprema.com\/hr\/wp-json\/wp\/v2\/product\/131114","targetHints":{"allow":["GET"]}}],"collection":[{"href":"https:\/\/moto-oprema.com\/hr\/wp-json\/wp\/v2\/product"}],"about":[{"href":"https:\/\/moto-oprema.com\/hr\/wp-json\/wp\/v2\/types\/product"}],"replies":[{"embeddable":true,"href":"https:\/\/moto-oprema.com\/hr\/wp-json\/wp\/v2\/comments?post=131114"}],"wp:featuredmedia":[{"embeddable":true,"href":"https:\/\/moto-oprema.com\/hr\/wp-json\/wp\/v2\/media\/33217"}],"wp:attachment":[{"href":"https:\/\/moto-oprema.com\/hr\/wp-json\/wp\/v2\/media?parent=131114"}],"wp:term":[{"taxonomy":"brand","embeddable":true,"href":"https:\/\/moto-oprema.com\/hr\/wp-json\/wp\/v2\/brand?post=131114"},{"taxonomy":"gender","embeddable":true,"href":"https:\/\/moto-oprema.com\/hr\/wp-json\/wp\/v2\/gender?post=131114"},{"taxonomy":"product_brand","embeddable":true,"href":"https:\/\/moto-oprema.com\/hr\/wp-json\/wp\/v2\/product_brand?post=131114"},{"taxonomy":"product_cat","embeddable":true,"href":"https:\/\/moto-oprema.com\/hr\/wp-json\/wp\/v2\/product_cat?post=131114"},{"taxonomy":"product_tag","embeddable":true,"href":"https:\/\/moto-oprema.com\/hr\/wp-json\/wp\/v2\/product_tag?post=131114"}],"curies":[{"name":"wp","href":"https:\/\/api.w.org\/{rel}","templated":true}]}}