{"id":131054,"date":"2024-12-23T08:54:15","date_gmt":"2024-12-23T08:54:15","guid":{"rendered":"https:\/\/moto-oprema.com\/Artikel\/alpinestars-mx-hlace-supertech-maker-svijetlo-crvene-zute-fluorescentne-25\/"},"modified":"2024-12-23T08:54:15","modified_gmt":"2024-12-23T08:54:15","slug":"alpinestars-mx-hlace-supertech-maker-svijetlo-crvene-zute-fluorescentne-25","status":"publish","type":"product","link":"https:\/\/moto-oprema.com\/hr\/Artikel\/alpinestars-mx-hlace-supertech-maker-svijetlo-crvene-zute-fluorescentne-25\/","title":{"rendered":"ALPINESTARS MX HLA\u010cE SUPERTECH MAKER SVIJETLO CRVENE \u017dUTE FLUORESCENTNE 25"},"content":{"rendered":"<p>Supertech je nova inovativna linija motocross odje\u0107e dizajnirane posebno za vo\u017enju izvan ceste. Hla\u010de imaju novi dizajn za bolje pristajanje. Izra\u0111ene su od naprednih rastezljivih materijala. Hla\u010de tako\u0111er imaju mnoge zna\u010dajke koje su se pokazale izvrsnima tijekom motocross i supercross utrka.   <\/p>\n<p>Zna\u010dajke:<\/p>\n<ul>\n<li>Novi kroj i dizajn<\/li>\n<li>80% izra\u0111eno od napredne rastezljive tkanine za ve\u0107u slobodu kretanja<\/li>\n<li>Elasti\u010dno i izdr\u017eljivo<\/li>\n<li>Sna\u017ena poja\u010danja na va\u017enim mjestima<\/li>\n<li>TPU oja\u010danje na koljenima<\/li>\n<\/ul>\n<p>Sastav sirovine: 100% poliester, Koljena: 100% ko\u017ea<\/p>\n","protected":false},"excerpt":{"rendered":"<p>Supertech je nova inovativna linija motocross odje\u0107e dizajnirane posebno za vo\u017enju izvan ceste. Hla\u010de imaju novi&#8230;<\/p>\n","protected":false},"featured_media":33219,"comment_status":"open","ping_status":"open","template":"","meta":{"_acf_changed":false},"brand":[2748],"gender":[],"product_brand":[],"product_cat":[2737,2733],"product_tag":[],"class_list":{"0":"post-131054","1":"product","2":"type-product","3":"status-publish","4":"has-post-thumbnail","6":"brand-alpinestars-hr","7":"product_cat-mx-hlace-hr","8":"product_cat-oprema-za-motokros","9":"pa_size-30-hr","10":"pa_size-32-hr","11":"pa_size-34-hr","12":"pa_size-36-hr","13":"pa_size-38-hr","15":"first","16":"instock","17":"sale","18":"taxable","19":"shipping-taxable","20":"purchasable","21":"product-type-variable"},"acf":[],"_links":{"self":[{"href":"https:\/\/moto-oprema.com\/hr\/wp-json\/wp\/v2\/product\/131054","targetHints":{"allow":["GET"]}}],"collection":[{"href":"https:\/\/moto-oprema.com\/hr\/wp-json\/wp\/v2\/product"}],"about":[{"href":"https:\/\/moto-oprema.com\/hr\/wp-json\/wp\/v2\/types\/product"}],"replies":[{"embeddable":true,"href":"https:\/\/moto-oprema.com\/hr\/wp-json\/wp\/v2\/comments?post=131054"}],"wp:featuredmedia":[{"embeddable":true,"href":"https:\/\/moto-oprema.com\/hr\/wp-json\/wp\/v2\/media\/33219"}],"wp:attachment":[{"href":"https:\/\/moto-oprema.com\/hr\/wp-json\/wp\/v2\/media?parent=131054"}],"wp:term":[{"taxonomy":"brand","embeddable":true,"href":"https:\/\/moto-oprema.com\/hr\/wp-json\/wp\/v2\/brand?post=131054"},{"taxonomy":"gender","embeddable":true,"href":"https:\/\/moto-oprema.com\/hr\/wp-json\/wp\/v2\/gender?post=131054"},{"taxonomy":"product_brand","embeddable":true,"href":"https:\/\/moto-oprema.com\/hr\/wp-json\/wp\/v2\/product_brand?post=131054"},{"taxonomy":"product_cat","embeddable":true,"href":"https:\/\/moto-oprema.com\/hr\/wp-json\/wp\/v2\/product_cat?post=131054"},{"taxonomy":"product_tag","embeddable":true,"href":"https:\/\/moto-oprema.com\/hr\/wp-json\/wp\/v2\/product_tag?post=131054"}],"curies":[{"name":"wp","href":"https:\/\/api.w.org\/{rel}","templated":true}]}}